{"id":10410,"date":"2021-08-22T22:07:44","date_gmt":"2021-08-22T20:07:44","guid":{"rendered":"https:\/\/fluarion.lv\/delivery-and-return\/"},"modified":"2022-12-05T21:58:06","modified_gmt":"2022-12-05T19:58:06","slug":"delivery-and-return","status":"publish","type":"page","link":"https:\/\/fluarion.lv\/en\/delivery-and-return\/","title":{"rendered":"Delivery and return"},"content":{"rendered":"<p>[vc_row][vc_column][vc_column_text]<\/p>\n&#13;\n<p><span style=\"font-weight: 400;\">1. Prek\u0119 galima gr\u0105\u017einti per 14 kalendorini\u0173 dien\u0173 nuo jos \u012fsigijimo, pateikus original\u0173 pirkimo kvit\u0105 ar s\u0105skait\u0105 fakt\u016br\u0105.<\/span><\/p>&#13;\n<p><span style=\"font-weight: 400;\">2. Pirk\u0117jas, gr\u0105\u017einantis prekes, privalo laikytis \u0161i\u0173 s\u0105lyg\u0173:<\/span><span style=\"font-weight: 400;\"><br\/><\/span><span style=\"font-weight: 400;\">2.1. gr\u0105\u017einama prek\u0117 turi b\u016bti originalioje tvarkingoje pakuot\u0117je (su instrukcija ir garantiniu talonu, jei jie buvo pristatyti su preke);<\/span><span style=\"font-weight: 400;\"><br\/><\/span><span style=\"font-weight: 400;\">2.2. prek\u0117 turi b\u016bti Pirk\u0117jo nesugadinta.<\/span>2.3. prek\u0117 turi b\u016bti\u00a0 nepraradusi prekin\u0117s i\u0161vaizdos (nesutepta prek\u0117, nesutepta ir nepa\u017eeista pakuot\u0117 taip, kad nebegalima b\u016bt\u0173 jos naudoti, nepa\u017eeistos etiket\u0117s, nenupl\u0117\u0161tos korpuso ar kit\u0173 dali\u0173 apsaugin\u0117s pl\u0117vel\u0117s,\u00a0 kuri\u0173 neb\u016btina nupl\u0117\u0161ti norint i\u0161bandyti prietais\u0105 );<\/p>&#13;\n<p><span style=\"font-weight: 400;\">2.4. gr\u0105\u017einama prek\u0117 turi b\u016bti tos pa\u010dios komplektacijos, kokios Pirk\u0117jas j\u0105 gavo;<\/span><\/p>&#13;\n<p><span style=\"font-weight: 400;\"> Pardav\u0117jas turi teis\u0119 nepriimti Pirk\u0117jo gr\u0105\u017einam\u0173 preki\u0173, jei Pirk\u0117jas nesilaiko nustatytos preki\u0173 gr\u0105\u017einimo tvarkos.<\/span><\/p>&#13;\n<p><span style=\"font-weight: 400;\"> Prek\u0117s gr\u0105\u017einimo atveju, Pardav\u0117jas \u012fsipareigoja Pirk\u0117jui pinigus u\u017e gr\u0105\u017eint\u0105 prek\u0119 pervesti tik tada, kai atliekamas gr\u0105\u017einamos prek\u0117s \u012fvertinimas. Pinigai pervedami tik \u012f mok\u0117tojo s\u0105skait\u0105 ne v\u0117liau kaip per 14 (keturiolika) nuo prek\u0117s gavimo. Prek\u0117s gr\u0105\u017einimo i\u0161laidas sumoka Pirk\u0117jas.<\/span><\/p>&#13;\n<p><span style=\"font-weight: 400;\"> U\u017e gr\u0105\u017einamos prek\u0117s komplektacij\u0105 atsako Pirk\u0117jas.<\/span><\/p>&#13;\n<p><span style=\"font-weight: 400;\">6. Pirk\u0117jas d\u0117l Preki\u0173 gr\u0105\u017einimo kontaktuoja el. pa\u0161tu <\/span><a href=\"mailto:info@fluarion.lv\"><span style=\"font-weight: 400;\">info@fluarion.lv<\/span><\/a><span style=\"font-weight: 400;\"> arba telefonu <\/span><a href=\"tel:+37064068898\"><span style=\"font-weight: 400;\">+370 640 68898<\/span><\/a><span style=\"font-weight: 400;\">. <\/span><\/p>&#13;\n<p>[\/vc_column_text][\/vc_column][\/vc_row]<\/p>","protected":false},"excerpt":{"rendered":"<p>[vc_row][vc_column][vc_column_text] &#13; 1. Prek\u0119 galima gr\u0105\u017einti per 14 kalendorini\u0173 dien\u0173 nuo jos \u012fsigijimo, pateikus original\u0173 pirkimo kvit\u0105 ar s\u0105skait\u0105 fakt\u016br\u0105. &#13; 2. Pirk\u0117jas, gr\u0105\u017einantis prekes, privalo laikytis \u0161i\u0173 s\u0105lyg\u0173:2.1. gr\u0105\u017einama prek\u0117 turi b\u016bti originalioje tvarkingoje pakuot\u0117je (su instrukcija ir garantiniu [&hellip;]<\/p>\n","protected":false},"author":1,"featured_media":0,"parent":0,"menu_order":0,"comment_status":"closed","ping_status":"closed","template":"","meta":{"inline_featured_image":false,"footnotes":""},"class_list":["post-10410","page","type-page","status-publish","hentry"],"yoast_head":"<!-- This site is optimized with the Yoast SEO plugin v19.14 - https:\/\/yoast.com\/wordpress\/plugins\/seo\/ -->\n<title>Delivery and return - Fluarion<\/title>\n<meta name=\"robots\" content=\"noindex, follow, max-snippet:-1, max-image-preview:large, max-video-preview:-1\" \/>\n<meta property=\"og:locale\" content=\"en_US\" \/>\n<meta property=\"og:type\" content=\"article\" \/>\n<meta property=\"og:title\" content=\"Delivery and return - Fluarion\" \/>\n<meta property=\"og:description\" content=\"[vc_row][vc_column][vc_column_text] &#013; 1. Prek\u0119 galima gr\u0105\u017einti per 14 kalendorini\u0173 dien\u0173 nuo jos \u012fsigijimo, pateikus original\u0173 pirkimo kvit\u0105 ar s\u0105skait\u0105 fakt\u016br\u0105. &#013; 2. Pirk\u0117jas, gr\u0105\u017einantis prekes, privalo laikytis \u0161i\u0173 s\u0105lyg\u0173:2.1. gr\u0105\u017einama prek\u0117 turi b\u016bti originalioje tvarkingoje pakuot\u0117je (su instrukcija ir garantiniu [&hellip;]\" \/>\n<meta property=\"og:url\" content=\"https:\/\/fluarion.lv\/en\/delivery-and-return\/\" \/>\n<meta property=\"og:site_name\" content=\"Fluarion\" \/>\n<meta property=\"article:modified_time\" content=\"2022-12-05T19:58:06+00:00\" \/>\n<meta name=\"twitter:card\" content=\"summary_large_image\" \/>\n<meta name=\"twitter:label1\" content=\"Est. reading time\" \/>\n\t<meta name=\"twitter:data1\" content=\"1 minute\" \/>\n<script type=\"application\/ld+json\" class=\"yoast-schema-graph\">{\"@context\":\"https:\/\/schema.org\",\"@graph\":[{\"@type\":\"WebPage\",\"@id\":\"https:\/\/fluarion.lv\/en\/delivery-and-return\/\",\"url\":\"https:\/\/fluarion.lv\/en\/delivery-and-return\/\",\"name\":\"Delivery and return - Fluarion\",\"isPartOf\":{\"@id\":\"https:\/\/fluarion.lv\/en\/#website\"},\"datePublished\":\"2021-08-22T20:07:44+00:00\",\"dateModified\":\"2022-12-05T19:58:06+00:00\",\"breadcrumb\":{\"@id\":\"https:\/\/fluarion.lv\/en\/delivery-and-return\/#breadcrumb\"},\"inLanguage\":\"en-US\",\"potentialAction\":[{\"@type\":\"ReadAction\",\"target\":[\"https:\/\/fluarion.lv\/en\/delivery-and-return\/\"]}]},{\"@type\":\"BreadcrumbList\",\"@id\":\"https:\/\/fluarion.lv\/en\/delivery-and-return\/#breadcrumb\",\"itemListElement\":[{\"@type\":\"ListItem\",\"position\":1,\"name\":\"Pradinis\",\"item\":\"https:\/\/fluarion.lv\/en\/\"},{\"@type\":\"ListItem\",\"position\":2,\"name\":\"Delivery and return\"}]},{\"@type\":\"WebSite\",\"@id\":\"https:\/\/fluarion.lv\/en\/#website\",\"url\":\"https:\/\/fluarion.lv\/en\/\",\"name\":\"Fluarion\",\"description\":\"Gro\u017eio prek\u0117s\",\"publisher\":{\"@id\":\"https:\/\/fluarion.lv\/en\/#organization\"},\"potentialAction\":[{\"@type\":\"SearchAction\",\"target\":{\"@type\":\"EntryPoint\",\"urlTemplate\":\"https:\/\/fluarion.lv\/en\/?s={search_term_string}\"},\"query-input\":\"required name=search_term_string\"}],\"inLanguage\":\"en-US\"},{\"@type\":\"Organization\",\"@id\":\"https:\/\/fluarion.lv\/en\/#organization\",\"name\":\"Fluarion\",\"url\":\"https:\/\/fluarion.lv\/en\/\",\"logo\":{\"@type\":\"ImageObject\",\"inLanguage\":\"en-US\",\"@id\":\"https:\/\/fluarion.lv\/en\/#\/schema\/logo\/image\/\",\"url\":\"https:\/\/fluarion001.elephento.lt\/wp-content\/uploads\/2022\/11\/Fluarion-juodas.svg\",\"contentUrl\":\"https:\/\/fluarion001.elephento.lt\/wp-content\/uploads\/2022\/11\/Fluarion-juodas.svg\",\"width\":192,\"height\":42,\"caption\":\"Fluarion\"},\"image\":{\"@id\":\"https:\/\/fluarion.lv\/en\/#\/schema\/logo\/image\/\"}}]}<\/script>\n<!-- \/ Yoast SEO plugin. -->","yoast_head_json":{"title":"Delivery and return - Fluarion","robots":{"index":"noindex","follow":"follow","max-snippet":"max-snippet:-1","max-image-preview":"max-image-preview:large","max-video-preview":"max-video-preview:-1"},"og_locale":"en_US","og_type":"article","og_title":"Delivery and return - Fluarion","og_description":"[vc_row][vc_column][vc_column_text] &#13; 1. Prek\u0119 galima gr\u0105\u017einti per 14 kalendorini\u0173 dien\u0173 nuo jos \u012fsigijimo, pateikus original\u0173 pirkimo kvit\u0105 ar s\u0105skait\u0105 fakt\u016br\u0105. &#13; 2. Pirk\u0117jas, gr\u0105\u017einantis prekes, privalo laikytis \u0161i\u0173 s\u0105lyg\u0173:2.1. gr\u0105\u017einama prek\u0117 turi b\u016bti originalioje tvarkingoje pakuot\u0117je (su instrukcija ir garantiniu [&hellip;]","og_url":"https:\/\/fluarion.lv\/en\/delivery-and-return\/","og_site_name":"Fluarion","article_modified_time":"2022-12-05T19:58:06+00:00","twitter_card":"summary_large_image","twitter_misc":{"Est. reading time":"1 minute"},"schema":{"@context":"https:\/\/schema.org","@graph":[{"@type":"WebPage","@id":"https:\/\/fluarion.lv\/en\/delivery-and-return\/","url":"https:\/\/fluarion.lv\/en\/delivery-and-return\/","name":"Delivery and return - Fluarion","isPartOf":{"@id":"https:\/\/fluarion.lv\/en\/#website"},"datePublished":"2021-08-22T20:07:44+00:00","dateModified":"2022-12-05T19:58:06+00:00","breadcrumb":{"@id":"https:\/\/fluarion.lv\/en\/delivery-and-return\/#breadcrumb"},"inLanguage":"en-US","potentialAction":[{"@type":"ReadAction","target":["https:\/\/fluarion.lv\/en\/delivery-and-return\/"]}]},{"@type":"BreadcrumbList","@id":"https:\/\/fluarion.lv\/en\/delivery-and-return\/#breadcrumb","itemListElement":[{"@type":"ListItem","position":1,"name":"Pradinis","item":"https:\/\/fluarion.lv\/en\/"},{"@type":"ListItem","position":2,"name":"Delivery and return"}]},{"@type":"WebSite","@id":"https:\/\/fluarion.lv\/en\/#website","url":"https:\/\/fluarion.lv\/en\/","name":"Fluarion","description":"Gro\u017eio prek\u0117s","publisher":{"@id":"https:\/\/fluarion.lv\/en\/#organization"},"potentialAction":[{"@type":"SearchAction","target":{"@type":"EntryPoint","urlTemplate":"https:\/\/fluarion.lv\/en\/?s={search_term_string}"},"query-input":"required name=search_term_string"}],"inLanguage":"en-US"},{"@type":"Organization","@id":"https:\/\/fluarion.lv\/en\/#organization","name":"Fluarion","url":"https:\/\/fluarion.lv\/en\/","logo":{"@type":"ImageObject","inLanguage":"en-US","@id":"https:\/\/fluarion.lv\/en\/#\/schema\/logo\/image\/","url":"https:\/\/fluarion001.elephento.lt\/wp-content\/uploads\/2022\/11\/Fluarion-juodas.svg","contentUrl":"https:\/\/fluarion001.elephento.lt\/wp-content\/uploads\/2022\/11\/Fluarion-juodas.svg","width":192,"height":42,"caption":"Fluarion"},"image":{"@id":"https:\/\/fluarion.lv\/en\/#\/schema\/logo\/image\/"}}]}},"_links":{"self":[{"href":"https:\/\/fluarion.lv\/en\/wp-json\/wp\/v2\/pages\/10410","targetHints":{"allow":["GET"]}}],"collection":[{"href":"https:\/\/fluarion.lv\/en\/wp-json\/wp\/v2\/pages"}],"about":[{"href":"https:\/\/fluarion.lv\/en\/wp-json\/wp\/v2\/types\/page"}],"author":[{"embeddable":true,"href":"https:\/\/fluarion.lv\/en\/wp-json\/wp\/v2\/users\/1"}],"replies":[{"embeddable":true,"href":"https:\/\/fluarion.lv\/en\/wp-json\/wp\/v2\/comments?post=10410"}],"version-history":[{"count":2,"href":"https:\/\/fluarion.lv\/en\/wp-json\/wp\/v2\/pages\/10410\/revisions"}],"predecessor-version":[{"id":10413,"href":"https:\/\/fluarion.lv\/en\/wp-json\/wp\/v2\/pages\/10410\/revisions\/10413"}],"wp:attachment":[{"href":"https:\/\/fluarion.lv\/en\/wp-json\/wp\/v2\/media?parent=10410"}],"curies":[{"name":"wp","href":"https:\/\/api.w.org\/{rel}","templated":true}]}}