{"id":10414,"date":"2021-06-15T10:22:22","date_gmt":"2021-06-15T08:22:22","guid":{"rendered":"https:\/\/fluarion.lv\/for-business-customers\/"},"modified":"2023-07-02T20:21:58","modified_gmt":"2023-07-02T18:21:58","slug":"business-customers","status":"publish","type":"page","link":"https:\/\/fluarion.lv\/en\/business-customers\/","title":{"rendered":"Business customers"},"content":{"rendered":"<p>[vc_row full_width=&#8221;stretch_row_content&#8221;][vc_column width=&#8221;1\/4&#8243;][\/vc_column][vc_column width=&#8221;1\/2&#8243;][vc_column_text]<\/p>\n<p style=\"text-align: center;\">We are proud to present Fluarion high quality electrical appliances.<br \/>\nIt is important for us to work with hair care professionals and market experts.<br \/>\nWe hope that by working together, you will achieve the highest level of mastery with our appliances.<br \/>\nClick here to fill in the form for cooperation.<\/p>\n<p>[\/vc_column_text][\/vc_column][vc_column width=&#8221;1\/4&#8243;][\/vc_column][\/vc_row][vc_row equal_height=&#8221;yes&#8221; row_content_width=&#8221;grid&#8221; css=&#8221;.vc_custom_1641240263412{padding-bottom: 40px !important;}&#8221;][vc_column css=&#8221;.vc_custom_1643285059939{padding-top: 43px !important;padding-bottom: 60px !important;}&#8221;]\n<div class=\"wpcf7 no-js\" id=\"wpcf7-f10484-o1\" lang=\"en-US\" dir=\"ltr\">\n<div class=\"screen-reader-response\"><p role=\"status\" aria-live=\"polite\" aria-atomic=\"true\"><\/p> <ul><\/ul><\/div>\n<form action=\"\/en\/wp-json\/wp\/v2\/pages\/10414#wpcf7-f10484-o1\" method=\"post\" class=\"wpcf7-form init\" aria-label=\"Contact form\" novalidate=\"novalidate\" data-status=\"init\">\n<div style=\"display: none;\">\n<input type=\"hidden\" name=\"_wpcf7\" value=\"10484\" \/>\n<input type=\"hidden\" name=\"_wpcf7_version\" value=\"5.7.7\" \/>\n<input type=\"hidden\" name=\"_wpcf7_locale\" value=\"en_US\" \/>\n<input type=\"hidden\" name=\"_wpcf7_unit_tag\" value=\"wpcf7-f10484-o1\" \/>\n<input type=\"hidden\" name=\"_wpcf7_container_post\" value=\"0\" \/>\n<input type=\"hidden\" name=\"_wpcf7_posted_data_hash\" value=\"\" \/>\n<\/div>\n<div class=\"form-container\">\n\t<div class=\"form-col\">\n\t\t<h4>Vardas <span class=\"required\">*<\/span>\n\t\t<\/h4>\n\t\t<p><span class=\"wpcf7-form-control-wrap\" data-name=\"vardas\"><input size=\"40\" class=\"wpcf7-form-control wpcf7-text wpcf7-validates-as-required\" aria-required=\"true\" aria-invalid=\"false\" value=\"\" type=\"text\" name=\"vardas\" \/><\/span>\n\t\t<\/p>\n\t<\/div>\n\t<div class=\"form-col\">\n\t\t<h4>El. pa\u0161tas <span class=\"required\">*<\/span>\n\t\t<\/h4>\n\t\t<p><span class=\"wpcf7-form-control-wrap\" data-name=\"elpastas\"><input size=\"40\" class=\"wpcf7-form-control wpcf7-text wpcf7-email wpcf7-validates-as-required wpcf7-validates-as-email\" aria-required=\"true\" aria-invalid=\"false\" value=\"\" type=\"email\" name=\"elpastas\" \/><\/span>\n\t\t<\/p>\n\t<\/div>\n\t<div class=\"form-col\">\n\t\t<h4>Telefonas <span class=\"required\">*<\/span>\n\t\t<\/h4>\n\t\t<p><span class=\"wpcf7-form-control-wrap\" data-name=\"telefonas\"><input size=\"40\" class=\"wpcf7-form-control wpcf7-text wpcf7-tel wpcf7-validates-as-required wpcf7-validates-as-tel\" aria-required=\"true\" aria-invalid=\"false\" value=\"\" type=\"tel\" name=\"telefonas\" \/><\/span>\n\t\t<\/p>\n\t<\/div>\n<\/div>\n<div class=\"form-container\">\n\t<div class=\"form-col\">\n\t\t<h4>Esate <span class=\"required\">*<\/span>\n\t\t<\/h4>\n\t\t<p><span class=\"wpcf7-form-control-wrap\" data-name=\"Esate\"><select class=\"wpcf7-form-control wpcf7-select wpcf7-validates-as-required\" aria-required=\"true\" aria-invalid=\"false\" name=\"Esate\"><option value=\"Meistras (-\u0117)\">Meistras (-\u0117)<\/option><option value=\"Plauk\u0173 stilistas (-\u0117)\">Plauk\u0173 stilistas (-\u0117)<\/option><option value=\"Kirp\u0117jas (-a)\">Kirp\u0117jas (-a)<\/option><option value=\"Kita\">Kita<\/option><\/select><\/span>\n\t\t<\/p>\n\t<\/div>\n\t<div class=\"form-col\">\n\t\t<h4>Kokiame salone dirbate?\n\t\t<\/h4>\n\t\t<p><span class=\"wpcf7-form-control-wrap\" data-name=\"salonas\"><input size=\"40\" class=\"wpcf7-form-control wpcf7-text\" aria-invalid=\"false\" value=\"\" type=\"text\" name=\"salonas\" \/><\/span>\n\t\t<\/p>\n\t<\/div>\n\t<div class=\"form-col\">\n\t\t<h4>Kaip su\u017einojote apie mus?\n\t\t<\/h4>\n\t\t<p><span class=\"wpcf7-form-control-wrap\" data-name=\"suzinojote\"><select class=\"wpcf7-form-control wpcf7-select\" aria-invalid=\"false\" multiple=\"multiple\" name=\"suzinojote[]\"><option value=\"Rekomendavo\">Rekomendavo<\/option><option value=\"Google\">Google<\/option><option value=\"Soc. tinklai\">Soc. tinklai<\/option><option value=\"TV\">TV<\/option><\/select><\/span>\n\t\t<\/p>\n\t<\/div>\n<\/div>\n<p><button class=\"qodef-btn qodef-btn-small qodef-btn-outline form-button\">Si\u0173sti u\u017eklaus\u0105<\/button><br \/>\n<span class=\"wpcf7-form-control-wrap\" data-name=\"acceptance-508\"><span class=\"wpcf7-form-control wpcf7-acceptance\"><span class=\"wpcf7-list-item\"><label><input type=\"checkbox\" name=\"acceptance-508\" value=\"1\" aria-invalid=\"false\" \/><span class=\"wpcf7-list-item-label\">Sutikimas tvarkyti asmens duomenis rinkodaros tikslais ir gaunant m\u016bs\u0173 \u012fmon\u0117s naujienas apie m\u016bs\u0173 teikiamas paslaugas ir parduodamas prekes, bei teikiant informacij\u0105 apie planuojamus renginius ar komercinius pasikeitimus.<\/span><\/label><\/span><\/span><\/span>\n<\/p><div class=\"wpcf7-response-output\" aria-hidden=\"true\"><\/div>\n<\/form>\n<\/div>\n[\/vc_column][\/vc_row]<\/p>\n","protected":false},"excerpt":{"rendered":"<p>[vc_row full_width=&#8221;stretch_row_content&#8221;][vc_column width=&#8221;1\/4&#8243;][\/vc_column][vc_column width=&#8221;1\/2&#8243;][vc_column_text] We are proud to present Fluarion high quality electrical appliances. It is important for us to work with hair care professionals and market experts. We hope that by working together, you will achieve the highest level [&hellip;]<\/p>\n","protected":false},"author":1,"featured_media":0,"parent":0,"menu_order":0,"comment_status":"closed","ping_status":"closed","template":"full-width.php","meta":{"inline_featured_image":false,"footnotes":""},"class_list":["post-10414","page","type-page","status-publish","hentry"],"yoast_head":"<!-- This site is optimized with the Yoast SEO plugin v19.14 - https:\/\/yoast.com\/wordpress\/plugins\/seo\/ -->\n<title>Business customers - Fluarion<\/title>\n<meta name=\"robots\" content=\"noindex, follow, max-snippet:-1, max-image-preview:large, max-video-preview:-1\" \/>\n<meta property=\"og:locale\" content=\"en_US\" \/>\n<meta property=\"og:type\" content=\"article\" \/>\n<meta property=\"og:title\" content=\"Business customers - Fluarion\" \/>\n<meta property=\"og:description\" content=\"[vc_row full_width=&#8221;stretch_row_content&#8221;][vc_column width=&#8221;1\/4&#8243;][\/vc_column][vc_column width=&#8221;1\/2&#8243;][vc_column_text] We are proud to present Fluarion high quality electrical appliances. It is important for us to work with hair care professionals and market experts. We hope that by working together, you will achieve the highest level [&hellip;]\" \/>\n<meta property=\"og:url\" content=\"https:\/\/fluarion.lv\/en\/business-customers\/\" \/>\n<meta property=\"og:site_name\" content=\"Fluarion\" \/>\n<meta property=\"article:modified_time\" content=\"2023-07-02T18:21:58+00:00\" \/>\n<meta name=\"twitter:card\" content=\"summary_large_image\" \/>\n<meta name=\"twitter:label1\" content=\"Est. reading time\" \/>\n\t<meta name=\"twitter:data1\" content=\"1 minute\" \/>\n<script type=\"application\/ld+json\" class=\"yoast-schema-graph\">{\"@context\":\"https:\/\/schema.org\",\"@graph\":[{\"@type\":\"WebPage\",\"@id\":\"https:\/\/fluarion.lv\/en\/business-customers\/\",\"url\":\"https:\/\/fluarion.lv\/en\/business-customers\/\",\"name\":\"Business customers - Fluarion\",\"isPartOf\":{\"@id\":\"https:\/\/fluarion.lv\/en\/#website\"},\"datePublished\":\"2021-06-15T08:22:22+00:00\",\"dateModified\":\"2023-07-02T18:21:58+00:00\",\"breadcrumb\":{\"@id\":\"https:\/\/fluarion.lv\/en\/business-customers\/#breadcrumb\"},\"inLanguage\":\"en-US\",\"potentialAction\":[{\"@type\":\"ReadAction\",\"target\":[\"https:\/\/fluarion.lv\/en\/business-customers\/\"]}]},{\"@type\":\"BreadcrumbList\",\"@id\":\"https:\/\/fluarion.lv\/en\/business-customers\/#breadcrumb\",\"itemListElement\":[{\"@type\":\"ListItem\",\"position\":1,\"name\":\"Pradinis\",\"item\":\"https:\/\/fluarion.lv\/en\/\"},{\"@type\":\"ListItem\",\"position\":2,\"name\":\"Business customers\"}]},{\"@type\":\"WebSite\",\"@id\":\"https:\/\/fluarion.lv\/en\/#website\",\"url\":\"https:\/\/fluarion.lv\/en\/\",\"name\":\"Fluarion\",\"description\":\"Gro\u017eio prek\u0117s\",\"publisher\":{\"@id\":\"https:\/\/fluarion.lv\/en\/#organization\"},\"potentialAction\":[{\"@type\":\"SearchAction\",\"target\":{\"@type\":\"EntryPoint\",\"urlTemplate\":\"https:\/\/fluarion.lv\/en\/?s={search_term_string}\"},\"query-input\":\"required name=search_term_string\"}],\"inLanguage\":\"en-US\"},{\"@type\":\"Organization\",\"@id\":\"https:\/\/fluarion.lv\/en\/#organization\",\"name\":\"Fluarion\",\"url\":\"https:\/\/fluarion.lv\/en\/\",\"logo\":{\"@type\":\"ImageObject\",\"inLanguage\":\"en-US\",\"@id\":\"https:\/\/fluarion.lv\/en\/#\/schema\/logo\/image\/\",\"url\":\"https:\/\/fluarion001.elephento.lt\/wp-content\/uploads\/2022\/11\/Fluarion-juodas.svg\",\"contentUrl\":\"https:\/\/fluarion001.elephento.lt\/wp-content\/uploads\/2022\/11\/Fluarion-juodas.svg\",\"width\":192,\"height\":42,\"caption\":\"Fluarion\"},\"image\":{\"@id\":\"https:\/\/fluarion.lv\/en\/#\/schema\/logo\/image\/\"}}]}<\/script>\n<!-- \/ Yoast SEO plugin. -->","yoast_head_json":{"title":"Business customers - Fluarion","robots":{"index":"noindex","follow":"follow","max-snippet":"max-snippet:-1","max-image-preview":"max-image-preview:large","max-video-preview":"max-video-preview:-1"},"og_locale":"en_US","og_type":"article","og_title":"Business customers - Fluarion","og_description":"[vc_row full_width=&#8221;stretch_row_content&#8221;][vc_column width=&#8221;1\/4&#8243;][\/vc_column][vc_column width=&#8221;1\/2&#8243;][vc_column_text] We are proud to present Fluarion high quality electrical appliances. It is important for us to work with hair care professionals and market experts. We hope that by working together, you will achieve the highest level [&hellip;]","og_url":"https:\/\/fluarion.lv\/en\/business-customers\/","og_site_name":"Fluarion","article_modified_time":"2023-07-02T18:21:58+00:00","twitter_card":"summary_large_image","twitter_misc":{"Est. reading time":"1 minute"},"schema":{"@context":"https:\/\/schema.org","@graph":[{"@type":"WebPage","@id":"https:\/\/fluarion.lv\/en\/business-customers\/","url":"https:\/\/fluarion.lv\/en\/business-customers\/","name":"Business customers - Fluarion","isPartOf":{"@id":"https:\/\/fluarion.lv\/en\/#website"},"datePublished":"2021-06-15T08:22:22+00:00","dateModified":"2023-07-02T18:21:58+00:00","breadcrumb":{"@id":"https:\/\/fluarion.lv\/en\/business-customers\/#breadcrumb"},"inLanguage":"en-US","potentialAction":[{"@type":"ReadAction","target":["https:\/\/fluarion.lv\/en\/business-customers\/"]}]},{"@type":"BreadcrumbList","@id":"https:\/\/fluarion.lv\/en\/business-customers\/#breadcrumb","itemListElement":[{"@type":"ListItem","position":1,"name":"Pradinis","item":"https:\/\/fluarion.lv\/en\/"},{"@type":"ListItem","position":2,"name":"Business customers"}]},{"@type":"WebSite","@id":"https:\/\/fluarion.lv\/en\/#website","url":"https:\/\/fluarion.lv\/en\/","name":"Fluarion","description":"Gro\u017eio prek\u0117s","publisher":{"@id":"https:\/\/fluarion.lv\/en\/#organization"},"potentialAction":[{"@type":"SearchAction","target":{"@type":"EntryPoint","urlTemplate":"https:\/\/fluarion.lv\/en\/?s={search_term_string}"},"query-input":"required name=search_term_string"}],"inLanguage":"en-US"},{"@type":"Organization","@id":"https:\/\/fluarion.lv\/en\/#organization","name":"Fluarion","url":"https:\/\/fluarion.lv\/en\/","logo":{"@type":"ImageObject","inLanguage":"en-US","@id":"https:\/\/fluarion.lv\/en\/#\/schema\/logo\/image\/","url":"https:\/\/fluarion001.elephento.lt\/wp-content\/uploads\/2022\/11\/Fluarion-juodas.svg","contentUrl":"https:\/\/fluarion001.elephento.lt\/wp-content\/uploads\/2022\/11\/Fluarion-juodas.svg","width":192,"height":42,"caption":"Fluarion"},"image":{"@id":"https:\/\/fluarion.lv\/en\/#\/schema\/logo\/image\/"}}]}},"_links":{"self":[{"href":"https:\/\/fluarion.lv\/en\/wp-json\/wp\/v2\/pages\/10414","targetHints":{"allow":["GET"]}}],"collection":[{"href":"https:\/\/fluarion.lv\/en\/wp-json\/wp\/v2\/pages"}],"about":[{"href":"https:\/\/fluarion.lv\/en\/wp-json\/wp\/v2\/types\/page"}],"author":[{"embeddable":true,"href":"https:\/\/fluarion.lv\/en\/wp-json\/wp\/v2\/users\/1"}],"replies":[{"embeddable":true,"href":"https:\/\/fluarion.lv\/en\/wp-json\/wp\/v2\/comments?post=10414"}],"version-history":[{"count":6,"href":"https:\/\/fluarion.lv\/en\/wp-json\/wp\/v2\/pages\/10414\/revisions"}],"predecessor-version":[{"id":11128,"href":"https:\/\/fluarion.lv\/en\/wp-json\/wp\/v2\/pages\/10414\/revisions\/11128"}],"wp:attachment":[{"href":"https:\/\/fluarion.lv\/en\/wp-json\/wp\/v2\/media?parent=10414"}],"curies":[{"name":"wp","href":"https:\/\/api.w.org\/{rel}","templated":true}]}}