{"id":10974,"date":"2021-06-15T10:22:22","date_gmt":"2021-06-15T08:22:22","guid":{"rendered":"https:\/\/fluarion.lv\/?page_id=10974"},"modified":"2023-05-04T13:14:43","modified_gmt":"2023-05-04T11:14:43","slug":"pour-les-clients-professionnels","status":"publish","type":"page","link":"https:\/\/fluarion.lv\/fr\/pour-les-clients-professionnels\/","title":{"rendered":"Pour les clients professionnels"},"content":{"rendered":"<p>[vc_row full_width=\u00a0\u00bbstretch_row_content\u00a0\u00bb][vc_column width=\u00a0\u00bb1\/4&Prime;][\/vc_column][vc_column width=\u00a0\u00bb1\/2&Prime;][vc_column_text]<\/p>\n<p>Nous sommes fiers de vous pr\u00e9senter les appareils \u00e9lectriques Fluarion de haute qualit\u00e9.<\/p>\n<p>Il est important pour nous de collaborer avec des professionnels de la coiffure et des experts du march\u00e9.<\/p>\n<p>Nous esp\u00e9rons que gr\u00e2ce \u00e0 la coop\u00e9ration, vous atteindrez le plus haut niveau de ma\u00eetrise de nos appareils.<\/p>\n<p style=\"text-align: center;\">Cliquez ici et remplissez le formulaire de coop\u00e9ration<\/p>\n<p>[\/vc_column_text][\/vc_column][vc_column width=\u00a0\u00bb1\/4&Prime;][\/vc_column][\/vc_row][vc_row equal_height=\u00a0\u00bbyes\u00a0\u00bb row_content_width=\u00a0\u00bbgrid\u00a0\u00bb css=\u00a0\u00bb.vc_custom_1641240263412{padding-bottom: 40px !important;}\u00a0\u00bb][vc_column css=\u00a0\u00bb.vc_custom_1643285059939{padding-top: 43px !important;padding-bottom: 60px !important;}\u00a0\u00bb]\n<div class=\"wpcf7 no-js\" id=\"wpcf7-f7553-o1\" lang=\"lt-LT\" dir=\"ltr\">\n<div class=\"screen-reader-response\"><p role=\"status\" aria-live=\"polite\" aria-atomic=\"true\"><\/p> <ul><\/ul><\/div>\n<form action=\"\/fr\/wp-json\/wp\/v2\/pages\/10974#wpcf7-f7553-o1\" method=\"post\" class=\"wpcf7-form init\" aria-label=\"Contact form\" novalidate=\"novalidate\" data-status=\"init\">\n<div style=\"display: none;\">\n<input type=\"hidden\" name=\"_wpcf7\" value=\"7553\" \/>\n<input type=\"hidden\" name=\"_wpcf7_version\" value=\"5.7.7\" \/>\n<input type=\"hidden\" name=\"_wpcf7_locale\" value=\"lt_LT\" \/>\n<input type=\"hidden\" name=\"_wpcf7_unit_tag\" value=\"wpcf7-f7553-o1\" \/>\n<input type=\"hidden\" name=\"_wpcf7_container_post\" value=\"0\" \/>\n<input type=\"hidden\" name=\"_wpcf7_posted_data_hash\" value=\"\" \/>\n<\/div>\n<div class=\"form-container\">\n\t<div class=\"form-col\">\n\t\t<h4>Vardas <span class=\"required\">*<\/span>\n\t\t<\/h4>\n\t\t<p><span class=\"wpcf7-form-control-wrap\" data-name=\"vardas\"><input size=\"40\" class=\"wpcf7-form-control wpcf7-text wpcf7-validates-as-required\" aria-required=\"true\" aria-invalid=\"false\" value=\"\" type=\"text\" name=\"vardas\" \/><\/span>\n\t\t<\/p>\n\t<\/div>\n\t<div class=\"form-col\">\n\t\t<h4>El. pa\u0161tas <span class=\"required\">*<\/span>\n\t\t<\/h4>\n\t\t<p><span class=\"wpcf7-form-control-wrap\" data-name=\"elpastas\"><input size=\"40\" class=\"wpcf7-form-control wpcf7-text wpcf7-email wpcf7-validates-as-required wpcf7-validates-as-email\" aria-required=\"true\" aria-invalid=\"false\" value=\"\" type=\"email\" name=\"elpastas\" \/><\/span>\n\t\t<\/p>\n\t<\/div>\n\t<div class=\"form-col\">\n\t\t<h4>Telefonas <span class=\"required\">*<\/span>\n\t\t<\/h4>\n\t\t<p><span class=\"wpcf7-form-control-wrap\" data-name=\"telefonas\"><input size=\"40\" class=\"wpcf7-form-control wpcf7-text wpcf7-tel wpcf7-validates-as-required wpcf7-validates-as-tel\" aria-required=\"true\" aria-invalid=\"false\" value=\"\" type=\"tel\" name=\"telefonas\" \/><\/span>\n\t\t<\/p>\n\t<\/div>\n<\/div>\n<div class=\"form-container\">\n\t<div class=\"form-col\">\n\t\t<h4>Esate <span class=\"required\">*<\/span>\n\t\t<\/h4>\n\t\t<p><span class=\"wpcf7-form-control-wrap\" data-name=\"Esate\"><select class=\"wpcf7-form-control wpcf7-select wpcf7-validates-as-required\" aria-required=\"true\" aria-invalid=\"false\" name=\"Esate\"><option value=\"Meistras (-\u0117)\">Meistras (-\u0117)<\/option><option value=\"Plauk\u0173 stilistas (-\u0117)\">Plauk\u0173 stilistas (-\u0117)<\/option><option value=\"Kirp\u0117jas (-a)\">Kirp\u0117jas (-a)<\/option><option value=\"Kita\">Kita<\/option><\/select><\/span>\n\t\t<\/p>\n\t<\/div>\n\t<div class=\"form-col\">\n\t\t<h4>Kokiame salone dirbate?\n\t\t<\/h4>\n\t\t<p><span class=\"wpcf7-form-control-wrap\" data-name=\"salonas\"><input size=\"40\" class=\"wpcf7-form-control wpcf7-text\" aria-invalid=\"false\" value=\"\" type=\"text\" name=\"salonas\" \/><\/span>\n\t\t<\/p>\n\t<\/div>\n\t<div class=\"form-col\">\n\t\t<h4>Kaip su\u017einojote apie mus?\n\t\t<\/h4>\n\t\t<p><span class=\"wpcf7-form-control-wrap\" data-name=\"suzinojote\"><select class=\"wpcf7-form-control wpcf7-select\" aria-invalid=\"false\" multiple=\"multiple\" name=\"suzinojote[]\"><option value=\"Rekomendavo\">Rekomendavo<\/option><option value=\"Google\">Google<\/option><option value=\"Soc. tinklai\">Soc. tinklai<\/option><option value=\"TV\">TV<\/option><\/select><\/span>\n\t\t<\/p>\n\t<\/div>\n<\/div>\n<p><button class=\"qodef-btn qodef-btn-small qodef-btn-outline form-button\">Si\u0173sti u\u017eklaus\u0105<\/button><br \/>\n<span class=\"wpcf7-form-control-wrap\" data-name=\"acceptance-508\"><span class=\"wpcf7-form-control wpcf7-acceptance\"><span class=\"wpcf7-list-item\"><label><input type=\"checkbox\" name=\"acceptance-508\" value=\"1\" aria-invalid=\"false\" \/><span class=\"wpcf7-list-item-label\">Sutikimas tvarkyti asmens duomenis rinkodaros tikslais ir gaunant m\u016bs\u0173 \u012fmon\u0117s naujienas apie m\u016bs\u0173 teikiamas paslaugas ir parduodamas prekes, bei teikiant informacij\u0105 apie planuojamus renginius ar komercinius pasikeitimus.<\/span><\/label><\/span><\/span><\/span>\n<\/p><div class=\"wpcf7-response-output\" aria-hidden=\"true\"><\/div>\n<\/form>\n<\/div>\n[\/vc_column][\/vc_row]<\/p>\n","protected":false},"excerpt":{"rendered":"<p>[vc_row full_width=\u00a0\u00bbstretch_row_content\u00a0\u00bb][vc_column width=\u00a0\u00bb1\/4&Prime;][\/vc_column][vc_column width=\u00a0\u00bb1\/2&Prime;][vc_column_text] Nous sommes fiers de vous pr\u00e9senter les appareils \u00e9lectriques Fluarion de haute qualit\u00e9. Il est important pour nous de collaborer avec des professionnels de la coiffure et des experts du march\u00e9. Nous esp\u00e9rons que gr\u00e2ce \u00e0 [&hellip;]<\/p>\n","protected":false},"author":8,"featured_media":0,"parent":0,"menu_order":0,"comment_status":"closed","ping_status":"closed","template":"full-width.php","meta":{"inline_featured_image":false,"footnotes":""},"class_list":["post-10974","page","type-page","status-publish","hentry"],"yoast_head":"<!-- This site is optimized with the Yoast SEO plugin v19.14 - https:\/\/yoast.com\/wordpress\/plugins\/seo\/ -->\n<title>Pour les clients professionnels - Fluarion<\/title>\n<meta name=\"robots\" content=\"noindex, follow, max-snippet:-1, max-image-preview:large, max-video-preview:-1\" \/>\n<meta property=\"og:locale\" content=\"fr_FR\" \/>\n<meta property=\"og:type\" content=\"article\" \/>\n<meta property=\"og:title\" content=\"Pour les clients professionnels - Fluarion\" \/>\n<meta property=\"og:description\" content=\"[vc_row full_width=\u00a0\u00bbstretch_row_content\u00a0\u00bb][vc_column width=\u00a0\u00bb1\/4&Prime;][\/vc_column][vc_column width=\u00a0\u00bb1\/2&Prime;][vc_column_text] Nous sommes fiers de vous pr\u00e9senter les appareils \u00e9lectriques Fluarion de haute qualit\u00e9. Il est important pour nous de collaborer avec des professionnels de la coiffure et des experts du march\u00e9. Nous esp\u00e9rons que gr\u00e2ce \u00e0 [&hellip;]\" \/>\n<meta property=\"og:url\" content=\"https:\/\/fluarion.lv\/fr\/pour-les-clients-professionnels\/\" \/>\n<meta property=\"og:site_name\" content=\"Fluarion\" \/>\n<meta property=\"article:modified_time\" content=\"2023-05-04T11:14:43+00:00\" \/>\n<meta name=\"twitter:card\" content=\"summary_large_image\" \/>\n<meta name=\"twitter:label1\" content=\"Dur\u00e9e de lecture estim\u00e9e\" \/>\n\t<meta name=\"twitter:data1\" content=\"1 minute\" \/>\n<script type=\"application\/ld+json\" class=\"yoast-schema-graph\">{\"@context\":\"https:\/\/schema.org\",\"@graph\":[{\"@type\":\"WebPage\",\"@id\":\"https:\/\/fluarion.lv\/fr\/pour-les-clients-professionnels\/\",\"url\":\"https:\/\/fluarion.lv\/fr\/pour-les-clients-professionnels\/\",\"name\":\"Pour les clients professionnels - Fluarion\",\"isPartOf\":{\"@id\":\"https:\/\/fluarion.lv\/fr\/#website\"},\"datePublished\":\"2021-06-15T08:22:22+00:00\",\"dateModified\":\"2023-05-04T11:14:43+00:00\",\"breadcrumb\":{\"@id\":\"https:\/\/fluarion.lv\/fr\/pour-les-clients-professionnels\/#breadcrumb\"},\"inLanguage\":\"fr-FR\",\"potentialAction\":[{\"@type\":\"ReadAction\",\"target\":[\"https:\/\/fluarion.lv\/fr\/pour-les-clients-professionnels\/\"]}]},{\"@type\":\"BreadcrumbList\",\"@id\":\"https:\/\/fluarion.lv\/fr\/pour-les-clients-professionnels\/#breadcrumb\",\"itemListElement\":[{\"@type\":\"ListItem\",\"position\":1,\"name\":\"Pradinis\",\"item\":\"https:\/\/fluarion.lv\/fr\/\"},{\"@type\":\"ListItem\",\"position\":2,\"name\":\"Pour les clients professionnels\"}]},{\"@type\":\"WebSite\",\"@id\":\"https:\/\/fluarion.lv\/fr\/#website\",\"url\":\"https:\/\/fluarion.lv\/fr\/\",\"name\":\"Fluarion\",\"description\":\"Gro\u017eio prek\u0117s\",\"publisher\":{\"@id\":\"https:\/\/fluarion.lv\/fr\/#organization\"},\"potentialAction\":[{\"@type\":\"SearchAction\",\"target\":{\"@type\":\"EntryPoint\",\"urlTemplate\":\"https:\/\/fluarion.lv\/fr\/?s={search_term_string}\"},\"query-input\":\"required name=search_term_string\"}],\"inLanguage\":\"fr-FR\"},{\"@type\":\"Organization\",\"@id\":\"https:\/\/fluarion.lv\/fr\/#organization\",\"name\":\"Fluarion\",\"url\":\"https:\/\/fluarion.lv\/fr\/\",\"logo\":{\"@type\":\"ImageObject\",\"inLanguage\":\"fr-FR\",\"@id\":\"https:\/\/fluarion.lv\/fr\/#\/schema\/logo\/image\/\",\"url\":\"https:\/\/fluarion001.elephento.lt\/wp-content\/uploads\/2022\/11\/Fluarion-juodas.svg\",\"contentUrl\":\"https:\/\/fluarion001.elephento.lt\/wp-content\/uploads\/2022\/11\/Fluarion-juodas.svg\",\"width\":192,\"height\":42,\"caption\":\"Fluarion\"},\"image\":{\"@id\":\"https:\/\/fluarion.lv\/fr\/#\/schema\/logo\/image\/\"}}]}<\/script>\n<!-- \/ Yoast SEO plugin. -->","yoast_head_json":{"title":"Pour les clients professionnels - Fluarion","robots":{"index":"noindex","follow":"follow","max-snippet":"max-snippet:-1","max-image-preview":"max-image-preview:large","max-video-preview":"max-video-preview:-1"},"og_locale":"fr_FR","og_type":"article","og_title":"Pour les clients professionnels - Fluarion","og_description":"[vc_row full_width=\u00a0\u00bbstretch_row_content\u00a0\u00bb][vc_column width=\u00a0\u00bb1\/4&Prime;][\/vc_column][vc_column width=\u00a0\u00bb1\/2&Prime;][vc_column_text] Nous sommes fiers de vous pr\u00e9senter les appareils \u00e9lectriques Fluarion de haute qualit\u00e9. Il est important pour nous de collaborer avec des professionnels de la coiffure et des experts du march\u00e9. Nous esp\u00e9rons que gr\u00e2ce \u00e0 [&hellip;]","og_url":"https:\/\/fluarion.lv\/fr\/pour-les-clients-professionnels\/","og_site_name":"Fluarion","article_modified_time":"2023-05-04T11:14:43+00:00","twitter_card":"summary_large_image","twitter_misc":{"Dur\u00e9e de lecture estim\u00e9e":"1 minute"},"schema":{"@context":"https:\/\/schema.org","@graph":[{"@type":"WebPage","@id":"https:\/\/fluarion.lv\/fr\/pour-les-clients-professionnels\/","url":"https:\/\/fluarion.lv\/fr\/pour-les-clients-professionnels\/","name":"Pour les clients professionnels - Fluarion","isPartOf":{"@id":"https:\/\/fluarion.lv\/fr\/#website"},"datePublished":"2021-06-15T08:22:22+00:00","dateModified":"2023-05-04T11:14:43+00:00","breadcrumb":{"@id":"https:\/\/fluarion.lv\/fr\/pour-les-clients-professionnels\/#breadcrumb"},"inLanguage":"fr-FR","potentialAction":[{"@type":"ReadAction","target":["https:\/\/fluarion.lv\/fr\/pour-les-clients-professionnels\/"]}]},{"@type":"BreadcrumbList","@id":"https:\/\/fluarion.lv\/fr\/pour-les-clients-professionnels\/#breadcrumb","itemListElement":[{"@type":"ListItem","position":1,"name":"Pradinis","item":"https:\/\/fluarion.lv\/fr\/"},{"@type":"ListItem","position":2,"name":"Pour les clients professionnels"}]},{"@type":"WebSite","@id":"https:\/\/fluarion.lv\/fr\/#website","url":"https:\/\/fluarion.lv\/fr\/","name":"Fluarion","description":"Gro\u017eio prek\u0117s","publisher":{"@id":"https:\/\/fluarion.lv\/fr\/#organization"},"potentialAction":[{"@type":"SearchAction","target":{"@type":"EntryPoint","urlTemplate":"https:\/\/fluarion.lv\/fr\/?s={search_term_string}"},"query-input":"required name=search_term_string"}],"inLanguage":"fr-FR"},{"@type":"Organization","@id":"https:\/\/fluarion.lv\/fr\/#organization","name":"Fluarion","url":"https:\/\/fluarion.lv\/fr\/","logo":{"@type":"ImageObject","inLanguage":"fr-FR","@id":"https:\/\/fluarion.lv\/fr\/#\/schema\/logo\/image\/","url":"https:\/\/fluarion001.elephento.lt\/wp-content\/uploads\/2022\/11\/Fluarion-juodas.svg","contentUrl":"https:\/\/fluarion001.elephento.lt\/wp-content\/uploads\/2022\/11\/Fluarion-juodas.svg","width":192,"height":42,"caption":"Fluarion"},"image":{"@id":"https:\/\/fluarion.lv\/fr\/#\/schema\/logo\/image\/"}}]}},"_links":{"self":[{"href":"https:\/\/fluarion.lv\/fr\/wp-json\/wp\/v2\/pages\/10974","targetHints":{"allow":["GET"]}}],"collection":[{"href":"https:\/\/fluarion.lv\/fr\/wp-json\/wp\/v2\/pages"}],"about":[{"href":"https:\/\/fluarion.lv\/fr\/wp-json\/wp\/v2\/types\/page"}],"author":[{"embeddable":true,"href":"https:\/\/fluarion.lv\/fr\/wp-json\/wp\/v2\/users\/8"}],"replies":[{"embeddable":true,"href":"https:\/\/fluarion.lv\/fr\/wp-json\/wp\/v2\/comments?post=10974"}],"version-history":[{"count":5,"href":"https:\/\/fluarion.lv\/fr\/wp-json\/wp\/v2\/pages\/10974\/revisions"}],"predecessor-version":[{"id":10999,"href":"https:\/\/fluarion.lv\/fr\/wp-json\/wp\/v2\/pages\/10974\/revisions\/10999"}],"wp:attachment":[{"href":"https:\/\/fluarion.lv\/fr\/wp-json\/wp\/v2\/media?parent=10974"}],"curies":[{"name":"wp","href":"https:\/\/api.w.org\/{rel}","templated":true}]}}