{"id":10996,"date":"2018-03-16T11:59:13","date_gmt":"2018-03-16T09:59:13","guid":{"rendered":"https:\/\/fluarion.lv\/?page_id=10996"},"modified":"2023-10-19T11:13:00","modified_gmt":"2023-10-19T09:13:00","slug":"a-propos-de-nous","status":"publish","type":"page","link":"https:\/\/fluarion.lv\/fr\/a-propos-de-nous\/","title":{"rendered":"A propos de nous"},"content":{"rendered":"<p>[vc_row full_height=\u00a0\u00bbyes\u00a0\u00bb row_content_width=\u00a0\u00bbgrid\u00a0\u00bb css=\u00a0\u00bb.vc_custom_1682414700400{padding-top: 75px !important;}\u00a0\u00bb][vc_column offset=\u00a0\u00bbvc_col-lg-6&Prime;]<div class=\"qodef-elements-holder   qodef-one-column  qodef-responsive-mode-768 \" ><div class=\"qodef-eh-item    \"  data-item-class=\"qodef-eh-custom-9608\" data-1366-1600=\"0px 30px 0 21%\" data-1024-1366=\"0px 48px 0 10%\" data-768-1024=\"20px 20px 0 30px\" data-680-768=\"0 0 0 30px\" data-680=\"0 15px 0 15px\">\n\t<div class=\"qodef-eh-item-inner\">\n\t\t<div class=\"qodef-eh-item-content qodef-eh-custom-9608\" style=\"padding: 0 0 0 33%\">\n\t\t\t[vc_column_text el_class=\u00a0\u00bbcustom-font\u00a0\u00bb]<\/p>\n<p style=\"font-size: 14px; text-align: left;\"><span style=\"color: #ffffff;\">Les produits Fluarion sont une combinaison de qualit\u00e9 exceptionnelle et des technologies modernes les plus innovantes. En \u00e9troite collaboration avec des ma\u00eetres de renomm\u00e9e mondiale et des scientifiques talentueux, Fluarion a d\u00e9velopp\u00e9 et pr\u00e9sent\u00e9 les appareils les plus avanc\u00e9s et les plus innovants sur le march\u00e9 mondial, qui nourrissent et prot\u00e8gent au maximum les cheveux, sont confortables et durables \u00e0 utiliser non seulement \u00e0 la maison, mais aussi en professionnel, aux ateliers de coiffure. Les appareils sont non seulement de haute qualit\u00e9, ils ont \u00e9galement un design esth\u00e9tique, agr\u00e9able \u00e0 toucher et \u00e0 utiliser, des couleurs sont accrocheuses.<\/span><br \/>\n<span style=\"color: #ffffff;\">Nous pouvons dire avec la confiance que notre gamme comprend des appareils soigneusement test\u00e9s avec les meilleures caract\u00e9ristiques techniques. Notre d\u00e9sir est de vous donner la possibilit\u00e9 d&rsquo;utiliser ces appareils uniques qui vous permettent de prendre soin de mani\u00e8re fiable de l&rsquo;apparence excellente et saine de vos cheveux, d&rsquo;\u00eatre beaux et brillants tous les jours, et de faire l&rsquo;exp\u00e9rience de l&rsquo;efficacit\u00e9, de la durabilit\u00e9 et de la simplicit\u00e9 d&rsquo;utilisation de ces appareils de qualit\u00e9. En utilisant les appareils FLUARION, soyez heureuses et confiantes, comme si vous veniez de quitter le salon de beaut\u00e9<\/span><\/p>\n<p>[\/vc_column_text]\t\t<\/div>\n\t<\/div>\n<\/div><\/div>[\/vc_column][vc_column offset=\u00a0\u00bbvc_col-lg-6&Prime;][vc_single_image image=\u00a0\u00bb10903&Prime; img_size=\u00a0\u00bbfull\u00a0\u00bb][\/vc_column][\/vc_row][vc_row full_height=\u00a0\u00bbyes\u00a0\u00bb disable_element=\u00a0\u00bbyes\u00a0\u00bb row_content_width=\u00a0\u00bbgrid\u00a0\u00bb css=\u00a0\u00bb.vc_custom_1697706777647{padding-top: 105px !important;padding-bottom: 140px !important;}\u00a0\u00bb][vc_column]<div class=\"qodef-top-reviews-carousel-holder\">\n    <\/div>[\/vc_column][\/vc_row]<\/p>\n","protected":false},"excerpt":{"rendered":"<p>[vc_row full_height=\u00a0\u00bbyes\u00a0\u00bb row_content_width=\u00a0\u00bbgrid\u00a0\u00bb css=\u00a0\u00bb.vc_custom_1682414700400{padding-top: 75px !important;}\u00a0\u00bb][vc_column offset=\u00a0\u00bbvc_col-lg-6&Prime;][\/vc_column][vc_column offset=\u00a0\u00bbvc_col-lg-6&Prime;][vc_single_image image=\u00a0\u00bb10903&Prime; img_size=\u00a0\u00bbfull\u00a0\u00bb][\/vc_column][\/vc_row][vc_row full_height=\u00a0\u00bbyes\u00a0\u00bb disable_element=\u00a0\u00bbyes\u00a0\u00bb row_content_width=\u00a0\u00bbgrid\u00a0\u00bb css=\u00a0\u00bb.vc_custom_1697706777647{padding-top: 105px !important;padding-bottom: 140px !important;}\u00a0\u00bb][vc_column][\/vc_column][\/vc_row]<\/p>\n","protected":false},"author":8,"featured_media":0,"parent":0,"menu_order":0,"comment_status":"closed","ping_status":"closed","template":"full-width.php","meta":{"inline_featured_image":false,"footnotes":""},"class_list":["post-10996","page","type-page","status-publish","hentry"],"yoast_head":"<!-- This site is optimized with the Yoast SEO plugin v19.14 - https:\/\/yoast.com\/wordpress\/plugins\/seo\/ -->\n<title>A propos de nous - Fluarion<\/title>\n<meta name=\"robots\" content=\"noindex, follow, max-snippet:-1, max-image-preview:large, max-video-preview:-1\" \/>\n<meta property=\"og:locale\" content=\"fr_FR\" \/>\n<meta property=\"og:type\" content=\"article\" \/>\n<meta property=\"og:title\" content=\"A propos de nous - Fluarion\" \/>\n<meta property=\"og:description\" content=\"[vc_row full_height=\u00a0\u00bbyes\u00a0\u00bb row_content_width=\u00a0\u00bbgrid\u00a0\u00bb css=\u00a0\u00bb.vc_custom_1682414700400{padding-top: 75px !important;}\u00a0\u00bb][vc_column offset=\u00a0\u00bbvc_col-lg-6&Prime;][\/vc_column][vc_column offset=\u00a0\u00bbvc_col-lg-6&Prime;][vc_single_image image=\u00a0\u00bb10903&Prime; img_size=\u00a0\u00bbfull\u00a0\u00bb][\/vc_column][\/vc_row][vc_row full_height=\u00a0\u00bbyes\u00a0\u00bb disable_element=\u00a0\u00bbyes\u00a0\u00bb row_content_width=\u00a0\u00bbgrid\u00a0\u00bb css=\u00a0\u00bb.vc_custom_1697706777647{padding-top: 105px !important;padding-bottom: 140px !important;}\u00a0\u00bb][vc_column][\/vc_column][\/vc_row]\" \/>\n<meta property=\"og:url\" content=\"https:\/\/fluarion.lv\/fr\/a-propos-de-nous\/\" \/>\n<meta property=\"og:site_name\" content=\"Fluarion\" \/>\n<meta property=\"article:modified_time\" content=\"2023-10-19T09:13:00+00:00\" \/>\n<meta name=\"twitter:card\" content=\"summary_large_image\" \/>\n<meta name=\"twitter:label1\" content=\"Dur\u00e9e de lecture estim\u00e9e\" \/>\n\t<meta name=\"twitter:data1\" content=\"2 minutes\" \/>\n<script type=\"application\/ld+json\" class=\"yoast-schema-graph\">{\"@context\":\"https:\/\/schema.org\",\"@graph\":[{\"@type\":\"WebPage\",\"@id\":\"https:\/\/fluarion.lv\/fr\/a-propos-de-nous\/\",\"url\":\"https:\/\/fluarion.lv\/fr\/a-propos-de-nous\/\",\"name\":\"A propos de nous - Fluarion\",\"isPartOf\":{\"@id\":\"https:\/\/fluarion.lv\/fr\/#website\"},\"datePublished\":\"2018-03-16T09:59:13+00:00\",\"dateModified\":\"2023-10-19T09:13:00+00:00\",\"breadcrumb\":{\"@id\":\"https:\/\/fluarion.lv\/fr\/a-propos-de-nous\/#breadcrumb\"},\"inLanguage\":\"fr-FR\",\"potentialAction\":[{\"@type\":\"ReadAction\",\"target\":[\"https:\/\/fluarion.lv\/fr\/a-propos-de-nous\/\"]}]},{\"@type\":\"BreadcrumbList\",\"@id\":\"https:\/\/fluarion.lv\/fr\/a-propos-de-nous\/#breadcrumb\",\"itemListElement\":[{\"@type\":\"ListItem\",\"position\":1,\"name\":\"Pradinis\",\"item\":\"https:\/\/fluarion.lv\/fr\/\"},{\"@type\":\"ListItem\",\"position\":2,\"name\":\"A propos de nous\"}]},{\"@type\":\"WebSite\",\"@id\":\"https:\/\/fluarion.lv\/fr\/#website\",\"url\":\"https:\/\/fluarion.lv\/fr\/\",\"name\":\"Fluarion\",\"description\":\"Gro\u017eio prek\u0117s\",\"publisher\":{\"@id\":\"https:\/\/fluarion.lv\/fr\/#organization\"},\"potentialAction\":[{\"@type\":\"SearchAction\",\"target\":{\"@type\":\"EntryPoint\",\"urlTemplate\":\"https:\/\/fluarion.lv\/fr\/?s={search_term_string}\"},\"query-input\":\"required name=search_term_string\"}],\"inLanguage\":\"fr-FR\"},{\"@type\":\"Organization\",\"@id\":\"https:\/\/fluarion.lv\/fr\/#organization\",\"name\":\"Fluarion\",\"url\":\"https:\/\/fluarion.lv\/fr\/\",\"logo\":{\"@type\":\"ImageObject\",\"inLanguage\":\"fr-FR\",\"@id\":\"https:\/\/fluarion.lv\/fr\/#\/schema\/logo\/image\/\",\"url\":\"https:\/\/fluarion001.elephento.lt\/wp-content\/uploads\/2022\/11\/Fluarion-juodas.svg\",\"contentUrl\":\"https:\/\/fluarion001.elephento.lt\/wp-content\/uploads\/2022\/11\/Fluarion-juodas.svg\",\"width\":192,\"height\":42,\"caption\":\"Fluarion\"},\"image\":{\"@id\":\"https:\/\/fluarion.lv\/fr\/#\/schema\/logo\/image\/\"}}]}<\/script>\n<!-- \/ Yoast SEO plugin. -->","yoast_head_json":{"title":"A propos de nous - Fluarion","robots":{"index":"noindex","follow":"follow","max-snippet":"max-snippet:-1","max-image-preview":"max-image-preview:large","max-video-preview":"max-video-preview:-1"},"og_locale":"fr_FR","og_type":"article","og_title":"A propos de nous - Fluarion","og_description":"[vc_row full_height=\u00a0\u00bbyes\u00a0\u00bb row_content_width=\u00a0\u00bbgrid\u00a0\u00bb css=\u00a0\u00bb.vc_custom_1682414700400{padding-top: 75px !important;}\u00a0\u00bb][vc_column offset=\u00a0\u00bbvc_col-lg-6&Prime;][\/vc_column][vc_column offset=\u00a0\u00bbvc_col-lg-6&Prime;][vc_single_image image=\u00a0\u00bb10903&Prime; img_size=\u00a0\u00bbfull\u00a0\u00bb][\/vc_column][\/vc_row][vc_row full_height=\u00a0\u00bbyes\u00a0\u00bb disable_element=\u00a0\u00bbyes\u00a0\u00bb row_content_width=\u00a0\u00bbgrid\u00a0\u00bb css=\u00a0\u00bb.vc_custom_1697706777647{padding-top: 105px !important;padding-bottom: 140px !important;}\u00a0\u00bb][vc_column][\/vc_column][\/vc_row]","og_url":"https:\/\/fluarion.lv\/fr\/a-propos-de-nous\/","og_site_name":"Fluarion","article_modified_time":"2023-10-19T09:13:00+00:00","twitter_card":"summary_large_image","twitter_misc":{"Dur\u00e9e de lecture estim\u00e9e":"2 minutes"},"schema":{"@context":"https:\/\/schema.org","@graph":[{"@type":"WebPage","@id":"https:\/\/fluarion.lv\/fr\/a-propos-de-nous\/","url":"https:\/\/fluarion.lv\/fr\/a-propos-de-nous\/","name":"A propos de nous - Fluarion","isPartOf":{"@id":"https:\/\/fluarion.lv\/fr\/#website"},"datePublished":"2018-03-16T09:59:13+00:00","dateModified":"2023-10-19T09:13:00+00:00","breadcrumb":{"@id":"https:\/\/fluarion.lv\/fr\/a-propos-de-nous\/#breadcrumb"},"inLanguage":"fr-FR","potentialAction":[{"@type":"ReadAction","target":["https:\/\/fluarion.lv\/fr\/a-propos-de-nous\/"]}]},{"@type":"BreadcrumbList","@id":"https:\/\/fluarion.lv\/fr\/a-propos-de-nous\/#breadcrumb","itemListElement":[{"@type":"ListItem","position":1,"name":"Pradinis","item":"https:\/\/fluarion.lv\/fr\/"},{"@type":"ListItem","position":2,"name":"A propos de nous"}]},{"@type":"WebSite","@id":"https:\/\/fluarion.lv\/fr\/#website","url":"https:\/\/fluarion.lv\/fr\/","name":"Fluarion","description":"Gro\u017eio prek\u0117s","publisher":{"@id":"https:\/\/fluarion.lv\/fr\/#organization"},"potentialAction":[{"@type":"SearchAction","target":{"@type":"EntryPoint","urlTemplate":"https:\/\/fluarion.lv\/fr\/?s={search_term_string}"},"query-input":"required name=search_term_string"}],"inLanguage":"fr-FR"},{"@type":"Organization","@id":"https:\/\/fluarion.lv\/fr\/#organization","name":"Fluarion","url":"https:\/\/fluarion.lv\/fr\/","logo":{"@type":"ImageObject","inLanguage":"fr-FR","@id":"https:\/\/fluarion.lv\/fr\/#\/schema\/logo\/image\/","url":"https:\/\/fluarion001.elephento.lt\/wp-content\/uploads\/2022\/11\/Fluarion-juodas.svg","contentUrl":"https:\/\/fluarion001.elephento.lt\/wp-content\/uploads\/2022\/11\/Fluarion-juodas.svg","width":192,"height":42,"caption":"Fluarion"},"image":{"@id":"https:\/\/fluarion.lv\/fr\/#\/schema\/logo\/image\/"}}]}},"_links":{"self":[{"href":"https:\/\/fluarion.lv\/fr\/wp-json\/wp\/v2\/pages\/10996","targetHints":{"allow":["GET"]}}],"collection":[{"href":"https:\/\/fluarion.lv\/fr\/wp-json\/wp\/v2\/pages"}],"about":[{"href":"https:\/\/fluarion.lv\/fr\/wp-json\/wp\/v2\/types\/page"}],"author":[{"embeddable":true,"href":"https:\/\/fluarion.lv\/fr\/wp-json\/wp\/v2\/users\/8"}],"replies":[{"embeddable":true,"href":"https:\/\/fluarion.lv\/fr\/wp-json\/wp\/v2\/comments?post=10996"}],"version-history":[{"count":4,"href":"https:\/\/fluarion.lv\/fr\/wp-json\/wp\/v2\/pages\/10996\/revisions"}],"predecessor-version":[{"id":11289,"href":"https:\/\/fluarion.lv\/fr\/wp-json\/wp\/v2\/pages\/10996\/revisions\/11289"}],"wp:attachment":[{"href":"https:\/\/fluarion.lv\/fr\/wp-json\/wp\/v2\/media?parent=10996"}],"curies":[{"name":"wp","href":"https:\/\/api.w.org\/{rel}","templated":true}]}}