{"id":11000,"date":"2018-03-02T15:34:27","date_gmt":"2018-03-02T13:34:27","guid":{"rendered":"https:\/\/fluarion.lv\/?page_id=11000"},"modified":"2024-01-23T15:53:09","modified_gmt":"2024-01-23T13:53:09","slug":"page-daccueil","status":"publish","type":"page","link":"https:\/\/fluarion.lv\/fr\/","title":{"rendered":"Page d&rsquo;accueil"},"content":{"rendered":"<p>[vc_row css=\u00a0\u00bb.vc_custom_1521633281114{margin-right: 150px !important;padding-right: 150px !important;}\u00a0\u00bb][vc_column offset=\u00a0\u00bbvc_col-lg-12 vc_col-md-12&Prime;][rev_slider_vc alias=\u00a0\u00bbpagrindinis-slider-lt-1&Prime; enable_paspartu=\u00a0\u00bbno\u00a0\u00bb][\/vc_column][\/vc_row][vc_row row_content_width=\u00a0\u00bbgrid\u00a0\u00bb content_text_aligment=\u00a0\u00bbcenter\u00a0\u00bb anchor=\u00a0\u00bbproduktai\u00a0\u00bb][vc_column]<div class=\"qodef-elements-holder   qodef-one-column  qodef-responsive-mode-768 \" ><div class=\"qodef-eh-item    \"  data-item-class=\"qodef-eh-custom-5742\" data-1024-1366=\"100px 0 129px 0\">\n\t<div class=\"qodef-eh-item-inner\">\n\t\t<div class=\"qodef-eh-item-content qodef-eh-custom-5742\" style=\"padding: 77px 0 30px 0\">\n\t\t\t<div class=\"qodef-pl-holder qodef-masonry-layout qodef-normal-space qodef-three-columns qodef-info-below-image \">\n\t<div class=\"qodef-pl-outer qodef-outer-space\">\n\t\t<div class=\"qodef-pl-sizer\"><\/div>\n\t\t<div class=\"qodef-pl-gutter\"><\/div>\n\t\t<div class=\"qodef-pli qodef-item-space product \">\n\t<div class=\"qodef-pli-inner\">\n\t\t<div class=\"qodef-pli-image\">\n\t\t\t\n<img loading=\"lazy\" decoding=\"async\" width=\"1500\" height=\"1500\" src=\"https:\/\/fluarion.lv\/wp-content\/uploads\/2023\/12\/photo.jpg\" class=\"attachment-full size-full wp-post-image\" alt=\"\" srcset=\"https:\/\/fluarion.lv\/wp-content\/uploads\/2023\/12\/photo.jpg 1500w, https:\/\/fluarion.lv\/wp-content\/uploads\/2023\/12\/photo-300x300.jpg 300w, https:\/\/fluarion.lv\/wp-content\/uploads\/2023\/12\/photo-1024x1024.jpg 1024w, https:\/\/fluarion.lv\/wp-content\/uploads\/2023\/12\/photo-150x150.jpg 150w, https:\/\/fluarion.lv\/wp-content\/uploads\/2023\/12\/photo-768x768.jpg 768w, https:\/\/fluarion.lv\/wp-content\/uploads\/2023\/12\/photo-550x550.jpg 550w, https:\/\/fluarion.lv\/wp-content\/uploads\/2023\/12\/photo-1100x1100.jpg 1100w, https:\/\/fluarion.lv\/wp-content\/uploads\/2023\/12\/photo-420x420.jpg 420w, https:\/\/fluarion.lv\/wp-content\/uploads\/2023\/12\/photo-996x996.jpg 996w, https:\/\/fluarion.lv\/wp-content\/uploads\/2023\/12\/photo-100x100.jpg 100w\" sizes=\"auto, (max-width: 1500px) 100vw, 1500px\" \/>\t\t<\/div>\n\t\t<a href=\"https:\/\/fluarion.lv\/fr\/produkts\/seche-cheveux-ionic-911-ultra-kopija-kopija\/\" class=\"woocommerce-LoopProduct-link woocommerce-loop-product__link\"><\/a>\n\t<\/div>\n\t<div class=\"qodef-pli-text-wrapper\" >\n        <div class=\"qodef-pli-main-info-wrapper clearfix\">\n                <h4 itemprop=\"name\" class=\"entry-title qodef-pli-title\" style=\"text-transform: uppercase\">\n\t\t<a itemprop=\"url\" href=\"https:\/\/fluarion.lv\/fr\/produkts\/seche-cheveux-ionic-911-ultra-kopija-kopija\/\">SECHE-CHEVEUX Hurricane Green edition<\/a>\n\t<\/h4>\n            \t<div class=\"qodef-pli-price\"><span class=\"woocommerce-Price-amount amount\">399.00<span class=\"woocommerce-Price-currencySymbol\">&euro;<\/span><\/span><\/div>\n        <\/div>\n        <div class=\"qodef-pli-additional-info-wrapper clearfix\">\n                                <\/div>\n    <\/div>\n<\/div><div class=\"qodef-pli qodef-item-space product \">\n\t<div class=\"qodef-pli-inner\">\n\t\t<div class=\"qodef-pli-image\">\n\t\t\t\t<span class=\"qodef-pli-onsale\">-30%<\/span>\n\n<img loading=\"lazy\" decoding=\"async\" width=\"3089\" height=\"4543\" src=\"https:\/\/fluarion.lv\/wp-content\/uploads\/2022\/12\/zyro-image-8.png\" class=\"attachment-full size-full wp-post-image\" alt=\"\" srcset=\"https:\/\/fluarion.lv\/wp-content\/uploads\/2022\/12\/zyro-image-8.png 3089w, https:\/\/fluarion.lv\/wp-content\/uploads\/2022\/12\/zyro-image-8-204x300.png 204w, https:\/\/fluarion.lv\/wp-content\/uploads\/2022\/12\/zyro-image-8-696x1024.png 696w, https:\/\/fluarion.lv\/wp-content\/uploads\/2022\/12\/zyro-image-8-768x1129.png 768w, https:\/\/fluarion.lv\/wp-content\/uploads\/2022\/12\/zyro-image-8-1044x1536.png 1044w, https:\/\/fluarion.lv\/wp-content\/uploads\/2022\/12\/zyro-image-8-1393x2048.png 1393w, https:\/\/fluarion.lv\/wp-content\/uploads\/2022\/12\/zyro-image-8-996x1465.png 996w\" sizes=\"auto, (max-width: 3089px) 100vw, 3089px\" \/>\t\t<\/div>\n\t\t<a href=\"https:\/\/fluarion.lv\/fr\/produkts\/seche-cheveux-ionic-911-ultra-en-edition-limitee\/\" class=\"woocommerce-LoopProduct-link woocommerce-loop-product__link\"><\/a>\n\t<\/div>\n\t<div class=\"qodef-pli-text-wrapper\" >\n        <div class=\"qodef-pli-main-info-wrapper clearfix\">\n                <h4 itemprop=\"name\" class=\"entry-title qodef-pli-title\" style=\"text-transform: uppercase\">\n\t\t<a itemprop=\"url\" href=\"https:\/\/fluarion.lv\/fr\/produkts\/seche-cheveux-ionic-911-ultra-en-edition-limitee\/\">Seche-Cheveux Ionic 911 Ultra En Edition Limitee<\/a>\n\t<\/h4>\n            \t<div class=\"qodef-pli-price\"><del aria-hidden=\"true\"><span class=\"woocommerce-Price-amount amount\">499.00<span class=\"woocommerce-Price-currencySymbol\">&euro;<\/span><\/span><\/del> <ins><span class=\"woocommerce-Price-amount amount\">349.00<span class=\"woocommerce-Price-currencySymbol\">&euro;<\/span><\/span><\/ins><\/div>\n        <\/div>\n        <div class=\"qodef-pli-additional-info-wrapper clearfix\">\n                                <\/div>\n    <\/div>\n<\/div><div class=\"qodef-pli qodef-item-space product qodef-pli-outofstock\">\n\t<div class=\"qodef-pli-inner\">\n\t\t<div class=\"qodef-pli-image\">\n\t\t\t\n\t<span class=\"qodef-pli-out-of-stock\">Sold<\/span>\n<img loading=\"lazy\" decoding=\"async\" width=\"1920\" height=\"2560\" src=\"https:\/\/fluarion.lv\/wp-content\/uploads\/2022\/02\/911-scaled.jpeg\" class=\"attachment-full size-full wp-post-image\" alt=\"\" srcset=\"https:\/\/fluarion.lv\/wp-content\/uploads\/2022\/02\/911-scaled.jpeg 1920w, https:\/\/fluarion.lv\/wp-content\/uploads\/2022\/02\/911-225x300.jpeg 225w, https:\/\/fluarion.lv\/wp-content\/uploads\/2022\/02\/911-768x1024.jpeg 768w, https:\/\/fluarion.lv\/wp-content\/uploads\/2022\/02\/911-1152x1536.jpeg 1152w, https:\/\/fluarion.lv\/wp-content\/uploads\/2022\/02\/911-1536x2048.jpeg 1536w, https:\/\/fluarion.lv\/wp-content\/uploads\/2022\/02\/911-996x1328.jpeg 996w\" sizes=\"auto, (max-width: 1920px) 100vw, 1920px\" \/>\t\t<\/div>\n\t\t<a href=\"https:\/\/fluarion.lv\/fr\/produkts\/seche-cheveux-ionic-911-ultra\/\" class=\"woocommerce-LoopProduct-link woocommerce-loop-product__link\"><\/a>\n\t<\/div>\n\t<div class=\"qodef-pli-text-wrapper\" >\n        <div class=\"qodef-pli-main-info-wrapper clearfix\">\n                <h4 itemprop=\"name\" class=\"entry-title qodef-pli-title\" style=\"text-transform: uppercase\">\n\t\t<a itemprop=\"url\" href=\"https:\/\/fluarion.lv\/fr\/produkts\/seche-cheveux-ionic-911-ultra\/\">SECHE-CHEVEUX IONIC 911 ULTRA<\/a>\n\t<\/h4>\n            \t<div class=\"qodef-pli-price\"><span class=\"woocommerce-Price-amount amount\">499.00<span class=\"woocommerce-Price-currencySymbol\">&euro;<\/span><\/span><\/div>\n        <\/div>\n        <div class=\"qodef-pli-additional-info-wrapper clearfix\">\n                                <\/div>\n    <\/div>\n<\/div>\t<\/div>\n<\/div>[vc_empty_space height=\u00a0\u00bb25px\u00a0\u00bb]<a itemprop=\"url\" href=\"https:\/\/fluarion.lv\/fr\/cat%C3%A9gorie-de-produit\/tous-les-produits\/\" target=\"_self\"  class=\"qodef-btn qodef-btn-small qodef-btn-outline\"  >\n    <span class=\"qodef-btn-text\">D\u00e9couvrir plus<\/span>\n        <\/a>\t\t<\/div>\n\t<\/div>\n<\/div><\/div>[\/vc_column][\/vc_row][vc_row equal_height=\u00a0\u00bbyes\u00a0\u00bb][vc_column css=\u00a0\u00bb.vc_custom_1522923714126{padding-top: 0px !important;padding-bottom: 0px !important;}\u00a0\u00bb offset=\u00a0\u00bbvc_col-lg-offset-0 vc_col-lg-12 vc_col-md-offset-0 vc_col-md-12 vc_col-sm-offset-0&Prime;]<div class=\"qodef-elements-holder   qodef-one-column  qodef-responsive-mode-768 \" ><div class=\"qodef-eh-item    \"  data-item-class=\"qodef-eh-custom-7012\" data-1366-1600=\"80px 0 120px 0\" data-1024-1366=\"80px 0 120px 0\" data-768-1024=\"80px 0 80px 0\" data-680-768=\"80px 10% 28px 10%\" data-680=\"80px 8% 28px 8%\">\n\t<div class=\"qodef-eh-item-inner\">\n\t\t<div class=\"qodef-eh-item-content qodef-eh-custom-7012\" style=\"padding: 129px 0 361px 0\">\n\t\t\t<div class=\"qodef-swap-images-section\">\n\t<div class=\"qodef-sis-images-holder\">\n\t\t\t\t\t<div class=\"qodef-sis-full-image-holder\">\n\t\t\t\t\t\t\t\t\t\t\t\t\t<img class=\"qodef-sis-image\" \n\t\t\t\t\t\tdata-index=\"1\"\n\t\t\t\t\t\tsrc=\"https:\/\/fluarion.lv\/wp-content\/uploads\/2022\/12\/Dizainas-be-pavadinimo-23.png\"\n\t\t\t\t\t\talt=\"Dizainas be pavadinimo (23)\"\/>\n\t\t\t\t\t\t\t\t\t\t\t<\/div>\n\t\t\t<div class=\"qodef-sis-preview-image-holder\">\n\t\t\t\t<div class=\"qodef-sis-preview-image-holder-inner\">\n\t\t\t\t\t\t\t\t\t\t\t\t    \t\t\t\t    \t\t\t    <div class=\"qodef-sis-preview-image\" data-index=\"1\" style=\"background-image: url(https:\/\/fluarion.lv\/wp-content\/uploads\/2022\/12\/Dizainas-be-pavadinimo-23.png);\"><\/div>\n\t    \t\t\t        \t\t\t    \t\t\t\t<\/div>\n\t\t\t<\/div>\n\t\t\t<\/div>\n\t<div class=\"qodef-sis-content-holder\">\n\t\t<div class=\"qodef-sis-content-inner\">\n\t\t\t\t\t\t\t<div class=\"qodef-sis-title-holder\">\n\t\t\t\t\t<h2 class=\"qodef-sis-title\">Seche-Cheveux Ionic 911 Ultra<\/h2>\n\t\t\t\t<\/div>\n\t\t\t\t\t\t\t\t\t<div class=\"qodef-sis-description-holder\">\n\t\t\t\t<h5 class=\"qodef-sis-description\">+ technologie de pointe\n<\/br>\n+ design attrayant\n<\/br>\n+ effet nourrissant des cheveux<\/h5>\n\t\t\t<\/div>\n\t\t\t\t\t\t\t\t\t\t<a itemprop=\"url\" href=\"\/produkts\/seche-cheveux-ionic-911-ultra\/\" target=\"_self\"  class=\"qodef-btn qodef-btn-small qodef-btn-outline qodef-sis-btn\"  >    <span class=\"qodef-btn-text\">Plus en d\u00e9tail<\/span>        <\/a>\t\t\t\t\t<\/div>\n\t<\/div>\n<\/div>\n\t\t<\/div>\n\t<\/div>\n<\/div><\/div>[\/vc_column][\/vc_row][vc_row equal_height=\u00a0\u00bbyes\u00a0\u00bb row_content_width=\u00a0\u00bbgrid\u00a0\u00bb css=\u00a0\u00bb.vc_custom_1682415749216{padding-top: 40px !important;padding-bottom: 40px !important;background-color: #111111 !important;}\u00a0\u00bb simple_background_color=\u00a0\u00bb#111111&Prime; el_class=\u00a0\u00bbgreybg\u00a0\u00bb][vc_column width=\u00a0\u00bb4\/6&Prime;][vc_column_text]<\/p>\n<div style=\"width: 640px;\" class=\"wp-video\"><!--[if lt IE 9]><script>document.createElement('video');<\/script><![endif]-->\n<video class=\"wp-video-shortcode\" id=\"video-10973-1\" width=\"640\" height=\"360\" autoplay=\"1\" preload=\"metadata\" controls=\"controls\"><source type=\"video\/mp4\" src=\"https:\/\/fluarion.lv\/wp-content\/uploads\/2024\/01\/Fluarion-video.mp4?_=1\" \/><a href=\"https:\/\/fluarion.lv\/wp-content\/uploads\/2024\/01\/Fluarion-video.mp4\">https:\/\/fluarion.lv\/wp-content\/uploads\/2024\/01\/Fluarion-video.mp4<\/a><\/video><\/div>\n<p>[\/vc_column_text][\/vc_column][vc_column width=\u00a0\u00bb2\/6&Prime; el_class=\u00a0\u00bbjustify-center\u00a0\u00bb]<div class=\"qodef-section-title-holder    qodef-st-text-available \" >\n\t<div class=\"qodef-st-inner\">\n\t\t\t\t\t<h2 class=\"qodef-st-title\" style=\"color: #ffffff\">\n\t\t\t\tA propos de nous\t\t\t<\/h2>\n\t\t\t\t<div class=\"qodef-st-text-holder clearfix\" style=\"color: #ffffff\">\n\t\t\t\t\t\t\t\t\t\t<p class=\"qodef-st-text\" >\n\t\t\t\t\tLes produits Fluarion sont une combinaison de qualit\u00e9 exceptionnelle et des technologies modernes les plus innovantes. En \u00e9troite collaboration avec des ma\u00eetres de renomm\u00e9e mondiale et des scientifiques talentueux, Fluarion a d\u00e9velopp\u00e9 et pr\u00e9sent\u00e9 les appareils les plus avanc\u00e9s et les plus innovants sur le march\u00e9 mondial, qui nourrissent et prot\u00e8gent au maximum les cheveux, sont confortables et durables \u00e0 utiliser non seulement \u00e0 la maison, mais aussi en professionnel, aux ateliers de coiffure. Les appareils sont non seulement de haute qualit\u00e9, ils ont \u00e9galement un design esth\u00e9tique, agr\u00e9able \u00e0 toucher et \u00e0 utiliser, des couleurs sont accrocheuses.\t\t\t\t<\/p>\n\t\t\t\t\t<\/div>\n\t\t\t<\/div>\n<\/div><a itemprop=\"url\" href=\"\/a-propos-de-nous\" target=\"_self\" style=\"color: #ffffff;border-color: #ffffff\" class=\"qodef-btn qodef-btn-medium qodef-btn-outline qodef-btn-custom-hover-bg qodef-btn-custom-border-hover qodef-btn-custom-hover-color\" data-hover-color=\"#111111\" data-hover-bg-color=\"#ffffff\" data-hover-border-color=\"#ffffff\" >\n    <span class=\"qodef-btn-text\">Plus en d\u00e9tail<\/span>\n        <\/a>[\/vc_column][\/vc_row]<\/p>\n","protected":false},"excerpt":{"rendered":"<p>[vc_row css=\u00a0\u00bb.vc_custom_1521633281114{margin-right: 150px !important;padding-right: 150px !important;}\u00a0\u00bb][vc_column offset=\u00a0\u00bbvc_col-lg-12 vc_col-md-12&Prime;][rev_slider_vc alias=\u00a0\u00bbpagrindinis-slider-lt-1&Prime; enable_paspartu=\u00a0\u00bbno\u00a0\u00bb][\/vc_column][\/vc_row][vc_row row_content_width=\u00a0\u00bbgrid\u00a0\u00bb content_text_aligment=\u00a0\u00bbcenter\u00a0\u00bb anchor=\u00a0\u00bbproduktai\u00a0\u00bb][vc_column][\/vc_column][\/vc_row][vc_row equal_height=\u00a0\u00bbyes\u00a0\u00bb][vc_column css=\u00a0\u00bb.vc_custom_1522923714126{padding-top: 0px !important;padding-bottom: 0px !important;}\u00a0\u00bb offset=\u00a0\u00bbvc_col-lg-offset-0 vc_col-lg-12 vc_col-md-offset-0 vc_col-md-12 vc_col-sm-offset-0&Prime;][\/vc_column][\/vc_row][vc_row equal_height=\u00a0\u00bbyes\u00a0\u00bb row_content_width=\u00a0\u00bbgrid\u00a0\u00bb css=\u00a0\u00bb.vc_custom_1682415749216{padding-top: 40px !important;padding-bottom: 40px !important;background-color: #111111 !important;}\u00a0\u00bb simple_background_color=\u00a0\u00bb#111111&Prime; el_class=\u00a0\u00bbgreybg\u00a0\u00bb][vc_column width=\u00a0\u00bb4\/6&Prime;][vc_column_text] [\/vc_column_text][\/vc_column][vc_column width=\u00a0\u00bb2\/6&Prime; el_class=\u00a0\u00bbjustify-center\u00a0\u00bb][\/vc_column][\/vc_row]<\/p>\n","protected":false},"author":8,"featured_media":0,"parent":0,"menu_order":0,"comment_status":"closed","ping_status":"closed","template":"full-width.php","meta":{"inline_featured_image":false,"footnotes":""},"class_list":["post-11000","page","type-page","status-publish","hentry"],"yoast_head":"<!-- This site is optimized with the Yoast SEO plugin v19.14 - https:\/\/yoast.com\/wordpress\/plugins\/seo\/ -->\n<title>Page d&#039;accueil - Fluarion<\/title>\n<meta name=\"robots\" content=\"noindex, follow, max-snippet:-1, max-image-preview:large, max-video-preview:-1\" \/>\n<meta property=\"og:locale\" content=\"fr_FR\" \/>\n<meta property=\"og:type\" content=\"article\" \/>\n<meta property=\"og:title\" content=\"Page d&#039;accueil - Fluarion\" \/>\n<meta property=\"og:description\" content=\"[vc_row css=\u00a0\u00bb.vc_custom_1521633281114{margin-right: 150px !important;padding-right: 150px !important;}\u00a0\u00bb][vc_column offset=\u00a0\u00bbvc_col-lg-12 vc_col-md-12&Prime;][rev_slider_vc alias=\u00a0\u00bbpagrindinis-slider-lt-1&Prime; enable_paspartu=\u00a0\u00bbno\u00a0\u00bb][\/vc_column][\/vc_row][vc_row row_content_width=\u00a0\u00bbgrid\u00a0\u00bb content_text_aligment=\u00a0\u00bbcenter\u00a0\u00bb anchor=\u00a0\u00bbproduktai\u00a0\u00bb][vc_column][\/vc_column][\/vc_row][vc_row equal_height=\u00a0\u00bbyes\u00a0\u00bb][vc_column css=\u00a0\u00bb.vc_custom_1522923714126{padding-top: 0px !important;padding-bottom: 0px !important;}\u00a0\u00bb offset=\u00a0\u00bbvc_col-lg-offset-0 vc_col-lg-12 vc_col-md-offset-0 vc_col-md-12 vc_col-sm-offset-0&Prime;][\/vc_column][\/vc_row][vc_row equal_height=\u00a0\u00bbyes\u00a0\u00bb row_content_width=\u00a0\u00bbgrid\u00a0\u00bb css=\u00a0\u00bb.vc_custom_1682415749216{padding-top: 40px !important;padding-bottom: 40px !important;background-color: #111111 !important;}\u00a0\u00bb simple_background_color=\u00a0\u00bb#111111&Prime; el_class=\u00a0\u00bbgreybg\u00a0\u00bb][vc_column width=\u00a0\u00bb4\/6&Prime;][vc_column_text] [\/vc_column_text][\/vc_column][vc_column width=\u00a0\u00bb2\/6&Prime; el_class=\u00a0\u00bbjustify-center\u00a0\u00bb][\/vc_column][\/vc_row]\" \/>\n<meta property=\"og:url\" content=\"https:\/\/fluarion.lv\/fr\/\" \/>\n<meta property=\"og:site_name\" content=\"Fluarion\" \/>\n<meta property=\"article:modified_time\" content=\"2024-01-23T13:53:09+00:00\" \/>\n<meta name=\"twitter:card\" content=\"summary_large_image\" \/>\n<meta name=\"twitter:label1\" content=\"Dur\u00e9e de lecture estim\u00e9e\" \/>\n\t<meta name=\"twitter:data1\" content=\"2 minutes\" \/>\n<script type=\"application\/ld+json\" class=\"yoast-schema-graph\">{\"@context\":\"https:\/\/schema.org\",\"@graph\":[{\"@type\":\"WebPage\",\"@id\":\"https:\/\/fluarion.lv\/fr\/\",\"url\":\"https:\/\/fluarion.lv\/fr\/\",\"name\":\"Page d'accueil - Fluarion\",\"isPartOf\":{\"@id\":\"https:\/\/fluarion.lv\/fr\/#website\"},\"datePublished\":\"2018-03-02T13:34:27+00:00\",\"dateModified\":\"2024-01-23T13:53:09+00:00\",\"breadcrumb\":{\"@id\":\"https:\/\/fluarion.lv\/fr\/#breadcrumb\"},\"inLanguage\":\"fr-FR\",\"potentialAction\":[{\"@type\":\"ReadAction\",\"target\":[\"https:\/\/fluarion.lv\/fr\/\"]}]},{\"@type\":\"BreadcrumbList\",\"@id\":\"https:\/\/fluarion.lv\/fr\/#breadcrumb\",\"itemListElement\":[{\"@type\":\"ListItem\",\"position\":1,\"name\":\"Pradinis\",\"item\":\"https:\/\/fluarion.lv\/fr\/\"},{\"@type\":\"ListItem\",\"position\":2,\"name\":\"Page d&#8217;accueil\"}]},{\"@type\":\"WebSite\",\"@id\":\"https:\/\/fluarion.lv\/fr\/#website\",\"url\":\"https:\/\/fluarion.lv\/fr\/\",\"name\":\"Fluarion\",\"description\":\"Gro\u017eio prek\u0117s\",\"publisher\":{\"@id\":\"https:\/\/fluarion.lv\/fr\/#organization\"},\"potentialAction\":[{\"@type\":\"SearchAction\",\"target\":{\"@type\":\"EntryPoint\",\"urlTemplate\":\"https:\/\/fluarion.lv\/fr\/?s={search_term_string}\"},\"query-input\":\"required name=search_term_string\"}],\"inLanguage\":\"fr-FR\"},{\"@type\":\"Organization\",\"@id\":\"https:\/\/fluarion.lv\/fr\/#organization\",\"name\":\"Fluarion\",\"url\":\"https:\/\/fluarion.lv\/fr\/\",\"logo\":{\"@type\":\"ImageObject\",\"inLanguage\":\"fr-FR\",\"@id\":\"https:\/\/fluarion.lv\/fr\/#\/schema\/logo\/image\/\",\"url\":\"https:\/\/fluarion001.elephento.lt\/wp-content\/uploads\/2022\/11\/Fluarion-juodas.svg\",\"contentUrl\":\"https:\/\/fluarion001.elephento.lt\/wp-content\/uploads\/2022\/11\/Fluarion-juodas.svg\",\"width\":192,\"height\":42,\"caption\":\"Fluarion\"},\"image\":{\"@id\":\"https:\/\/fluarion.lv\/fr\/#\/schema\/logo\/image\/\"}}]}<\/script>\n<!-- \/ Yoast SEO plugin. -->","yoast_head_json":{"title":"Page d'accueil - Fluarion","robots":{"index":"noindex","follow":"follow","max-snippet":"max-snippet:-1","max-image-preview":"max-image-preview:large","max-video-preview":"max-video-preview:-1"},"og_locale":"fr_FR","og_type":"article","og_title":"Page d'accueil - Fluarion","og_description":"[vc_row css=\u00a0\u00bb.vc_custom_1521633281114{margin-right: 150px !important;padding-right: 150px !important;}\u00a0\u00bb][vc_column offset=\u00a0\u00bbvc_col-lg-12 vc_col-md-12&Prime;][rev_slider_vc alias=\u00a0\u00bbpagrindinis-slider-lt-1&Prime; enable_paspartu=\u00a0\u00bbno\u00a0\u00bb][\/vc_column][\/vc_row][vc_row row_content_width=\u00a0\u00bbgrid\u00a0\u00bb content_text_aligment=\u00a0\u00bbcenter\u00a0\u00bb anchor=\u00a0\u00bbproduktai\u00a0\u00bb][vc_column][\/vc_column][\/vc_row][vc_row equal_height=\u00a0\u00bbyes\u00a0\u00bb][vc_column css=\u00a0\u00bb.vc_custom_1522923714126{padding-top: 0px !important;padding-bottom: 0px !important;}\u00a0\u00bb offset=\u00a0\u00bbvc_col-lg-offset-0 vc_col-lg-12 vc_col-md-offset-0 vc_col-md-12 vc_col-sm-offset-0&Prime;][\/vc_column][\/vc_row][vc_row equal_height=\u00a0\u00bbyes\u00a0\u00bb row_content_width=\u00a0\u00bbgrid\u00a0\u00bb css=\u00a0\u00bb.vc_custom_1682415749216{padding-top: 40px !important;padding-bottom: 40px !important;background-color: #111111 !important;}\u00a0\u00bb simple_background_color=\u00a0\u00bb#111111&Prime; el_class=\u00a0\u00bbgreybg\u00a0\u00bb][vc_column width=\u00a0\u00bb4\/6&Prime;][vc_column_text] [\/vc_column_text][\/vc_column][vc_column width=\u00a0\u00bb2\/6&Prime; el_class=\u00a0\u00bbjustify-center\u00a0\u00bb][\/vc_column][\/vc_row]","og_url":"https:\/\/fluarion.lv\/fr\/","og_site_name":"Fluarion","article_modified_time":"2024-01-23T13:53:09+00:00","twitter_card":"summary_large_image","twitter_misc":{"Dur\u00e9e de lecture estim\u00e9e":"2 minutes"},"schema":{"@context":"https:\/\/schema.org","@graph":[{"@type":"WebPage","@id":"https:\/\/fluarion.lv\/fr\/","url":"https:\/\/fluarion.lv\/fr\/","name":"Page d'accueil - Fluarion","isPartOf":{"@id":"https:\/\/fluarion.lv\/fr\/#website"},"datePublished":"2018-03-02T13:34:27+00:00","dateModified":"2024-01-23T13:53:09+00:00","breadcrumb":{"@id":"https:\/\/fluarion.lv\/fr\/#breadcrumb"},"inLanguage":"fr-FR","potentialAction":[{"@type":"ReadAction","target":["https:\/\/fluarion.lv\/fr\/"]}]},{"@type":"BreadcrumbList","@id":"https:\/\/fluarion.lv\/fr\/#breadcrumb","itemListElement":[{"@type":"ListItem","position":1,"name":"Pradinis","item":"https:\/\/fluarion.lv\/fr\/"},{"@type":"ListItem","position":2,"name":"Page d&#8217;accueil"}]},{"@type":"WebSite","@id":"https:\/\/fluarion.lv\/fr\/#website","url":"https:\/\/fluarion.lv\/fr\/","name":"Fluarion","description":"Gro\u017eio prek\u0117s","publisher":{"@id":"https:\/\/fluarion.lv\/fr\/#organization"},"potentialAction":[{"@type":"SearchAction","target":{"@type":"EntryPoint","urlTemplate":"https:\/\/fluarion.lv\/fr\/?s={search_term_string}"},"query-input":"required name=search_term_string"}],"inLanguage":"fr-FR"},{"@type":"Organization","@id":"https:\/\/fluarion.lv\/fr\/#organization","name":"Fluarion","url":"https:\/\/fluarion.lv\/fr\/","logo":{"@type":"ImageObject","inLanguage":"fr-FR","@id":"https:\/\/fluarion.lv\/fr\/#\/schema\/logo\/image\/","url":"https:\/\/fluarion001.elephento.lt\/wp-content\/uploads\/2022\/11\/Fluarion-juodas.svg","contentUrl":"https:\/\/fluarion001.elephento.lt\/wp-content\/uploads\/2022\/11\/Fluarion-juodas.svg","width":192,"height":42,"caption":"Fluarion"},"image":{"@id":"https:\/\/fluarion.lv\/fr\/#\/schema\/logo\/image\/"}}]}},"_links":{"self":[{"href":"https:\/\/fluarion.lv\/fr\/wp-json\/wp\/v2\/pages\/11000","targetHints":{"allow":["GET"]}}],"collection":[{"href":"https:\/\/fluarion.lv\/fr\/wp-json\/wp\/v2\/pages"}],"about":[{"href":"https:\/\/fluarion.lv\/fr\/wp-json\/wp\/v2\/types\/page"}],"author":[{"embeddable":true,"href":"https:\/\/fluarion.lv\/fr\/wp-json\/wp\/v2\/users\/8"}],"replies":[{"embeddable":true,"href":"https:\/\/fluarion.lv\/fr\/wp-json\/wp\/v2\/comments?post=11000"}],"version-history":[{"count":6,"href":"https:\/\/fluarion.lv\/fr\/wp-json\/wp\/v2\/pages\/11000\/revisions"}],"predecessor-version":[{"id":11421,"href":"https:\/\/fluarion.lv\/fr\/wp-json\/wp\/v2\/pages\/11000\/revisions\/11421"}],"wp:attachment":[{"href":"https:\/\/fluarion.lv\/fr\/wp-json\/wp\/v2\/media?parent=11000"}],"curies":[{"name":"wp","href":"https:\/\/api.w.org\/{rel}","templated":true}]}}