{"id":10971,"date":"2022-11-21T23:44:49","date_gmt":"2022-11-21T21:44:49","guid":{"rendered":"https:\/\/fluarion.lv\/produkts\/cordless-lisseur-des-cheveux-lissage-ou-ondulation-sans-fil-2-en-1-2\/"},"modified":"2023-12-10T22:41:58","modified_gmt":"2023-12-10T20:41:58","slug":"cordless-lisseur-des-cheveux-lissage-ou-ondulation-sans-fil-2-en-1-2","status":"publish","type":"product","link":"https:\/\/fluarion.lv\/fr\/produkts\/cordless-lisseur-des-cheveux-lissage-ou-ondulation-sans-fil-2-en-1-2\/","title":{"rendered":"CORDLESS LISSEUR DES CHEVEUX (Lissage ou ondulation)   SANS FIL 2 EN 1"},"content":{"rendered":"<p>FLUARION \u00ab\u00a0Cordless 2in1\u00a0\u00bb fer \u00e0 lisser &#8211; fer \u00e0 friser, appareil sans fil avec deux fonctions les plus importantes pour cr\u00e9er des coiffures (blanc).<br \/>\nDeux fonctions en une + sans fil, avec batterie puissante + \u00e9conomie de cheveux<\/p>\n<p>Ce lisseur-boucleur FLUARION 2en1 est un appareil indispensable pour les femmes qui aiment la commodit\u00e9 et la praticit\u00e9. Batterie au lithium puissante et non d\u00e9chargeable de 8000 mAh. Le design parfait, avec la fonction de verrouillage des panneaux de l&rsquo;appareil et le poids l\u00e9ger de l&rsquo;appareil n&rsquo;alourdiront pas votre sac \u00e0 main ou votre \u00e9tui de voyage, il est con\u00e7u pour voyager avec vous partout. Les panneaux bomb\u00e9s, incurv\u00e9s et \u00e9lastiques ne froissent pas les cheveux lors du coiffage, vous verrez les informations de temp\u00e9rature sur l&rsquo;\u00e9cran LCD, que vous pouvez r\u00e9gler \u00e0 l&rsquo;aide de boutons de 160 \u00e0 210 degr\u00e9s. Choisissons 2 couleurs &#8211; blanc et gris.<\/p>\n<p><iframe loading=\"lazy\" title=\"YouTube video player\" src=\"https:\/\/www.youtube.com\/embed\/1tb3wHcNPw4\" width=\"560\" height=\"315\" frameborder=\"0\" allowfullscreen=\"allowfullscreen\"><\/iframe><\/p>\n","protected":false},"excerpt":{"rendered":"<p>+ Batterie lithium haute capacit\u00e9 8000 mAh.<br \/>\n+ Bon effet de glisse sans frisottis gr\u00e2ce aux plaques de coiffage \u00e9lastiques \u00e0 capuchon.<br \/>\n+ Fonction de verrouillage du panneau de l&rsquo;appareil.<br \/>\n+ Conception ergonomique &#8211; l&rsquo;appareil est facile \u00e0 utiliser et \u00e0 transporter avec vous.<br \/>\n+ \u00c9cran LCD moderne pour la s\u00e9lection de la temp\u00e9rature de 160 \u00e0 210 degr\u00e9s.<br \/>\n+ Chauffage rapide de l&rsquo;appareil.<\/p>\n","protected":false},"featured_media":11167,"template":"","meta":{"inline_featured_image":false},"product_cat":[275,273],"product_tag":[],"class_list":["post-10971","product","type-product","status-publish","has-post-thumbnail","hentry","product_cat-lisseurs","product_cat-tous-les-produits"],"yoast_head":"<!-- This site is optimized with the Yoast SEO plugin v19.14 - https:\/\/yoast.com\/wordpress\/plugins\/seo\/ -->\n<title>CORDLESS LISSEUR DES CHEVEUX (Lissage ou ondulation)  SANS FIL 2 EN 1 - Fluarion<\/title>\n<meta name=\"robots\" content=\"noindex, follow, max-snippet:-1, max-image-preview:large, max-video-preview:-1\" \/>\n<meta property=\"og:locale\" content=\"fr_FR\" \/>\n<meta property=\"og:type\" content=\"article\" \/>\n<meta property=\"og:title\" content=\"CORDLESS LISSEUR DES CHEVEUX (Lissage ou ondulation)  SANS FIL 2 EN 1 - Fluarion\" \/>\n<meta property=\"og:description\" content=\"+ Batterie lithium haute capacit\u00e9 8000 mAh. + Bon effet de glisse sans frisottis gr\u00e2ce aux plaques de coiffage \u00e9lastiques \u00e0 capuchon. + Fonction de verrouillage du panneau de l&#039;appareil. + Conception ergonomique - l&#039;appareil est facile \u00e0 utiliser et \u00e0 transporter avec vous. + \u00c9cran LCD moderne pour la s\u00e9lection de la temp\u00e9rature de 160 \u00e0 210 degr\u00e9s. + Chauffage rapide de l&#039;appareil.\" \/>\n<meta property=\"og:url\" content=\"https:\/\/fluarion.lv\/fr\/produkts\/cordless-lisseur-des-cheveux-lissage-ou-ondulation-sans-fil-2-en-1-2\/\" \/>\n<meta property=\"og:site_name\" content=\"Fluarion\" \/>\n<meta property=\"article:modified_time\" content=\"2023-12-10T20:41:58+00:00\" \/>\n<meta property=\"og:image\" content=\"https:\/\/fluarion.lv\/wp-content\/uploads\/2022\/11\/DSC03386-scaled.jpg\" \/>\n\t<meta property=\"og:image:width\" content=\"1734\" \/>\n\t<meta property=\"og:image:height\" content=\"2560\" \/>\n\t<meta property=\"og:image:type\" content=\"image\/jpeg\" \/>\n<meta name=\"twitter:card\" content=\"summary_large_image\" \/>\n<meta name=\"twitter:label1\" content=\"Dur\u00e9e de lecture estim\u00e9e\" \/>\n\t<meta name=\"twitter:data1\" content=\"1 minute\" \/>\n<script type=\"application\/ld+json\" class=\"yoast-schema-graph\">{\"@context\":\"https:\/\/schema.org\",\"@graph\":[{\"@type\":\"WebPage\",\"@id\":\"https:\/\/fluarion.lv\/fr\/produkts\/cordless-lisseur-des-cheveux-lissage-ou-ondulation-sans-fil-2-en-1-2\/\",\"url\":\"https:\/\/fluarion.lv\/fr\/produkts\/cordless-lisseur-des-cheveux-lissage-ou-ondulation-sans-fil-2-en-1-2\/\",\"name\":\"CORDLESS LISSEUR DES CHEVEUX (Lissage ou ondulation) SANS FIL 2 EN 1 - Fluarion\",\"isPartOf\":{\"@id\":\"https:\/\/fluarion.lv\/fr\/#website\"},\"datePublished\":\"2022-11-21T21:44:49+00:00\",\"dateModified\":\"2023-12-10T20:41:58+00:00\",\"breadcrumb\":{\"@id\":\"https:\/\/fluarion.lv\/fr\/produkts\/cordless-lisseur-des-cheveux-lissage-ou-ondulation-sans-fil-2-en-1-2\/#breadcrumb\"},\"inLanguage\":\"fr-FR\",\"potentialAction\":[{\"@type\":\"ReadAction\",\"target\":[\"https:\/\/fluarion.lv\/fr\/produkts\/cordless-lisseur-des-cheveux-lissage-ou-ondulation-sans-fil-2-en-1-2\/\"]}]},{\"@type\":\"BreadcrumbList\",\"@id\":\"https:\/\/fluarion.lv\/fr\/produkts\/cordless-lisseur-des-cheveux-lissage-ou-ondulation-sans-fil-2-en-1-2\/#breadcrumb\",\"itemListElement\":[{\"@type\":\"ListItem\",\"position\":1,\"name\":\"Pradinis\",\"item\":\"https:\/\/fluarion.lv\/fr\/\"},{\"@type\":\"ListItem\",\"position\":2,\"name\":\"Products\",\"item\":\"https:\/\/fluarion.lv\/fr\/shop\/\"},{\"@type\":\"ListItem\",\"position\":3,\"name\":\"CORDLESS LISSEUR DES CHEVEUX (Lissage ou ondulation) SANS FIL 2 EN 1\"}]},{\"@type\":\"WebSite\",\"@id\":\"https:\/\/fluarion.lv\/fr\/#website\",\"url\":\"https:\/\/fluarion.lv\/fr\/\",\"name\":\"Fluarion\",\"description\":\"Gro\u017eio prek\u0117s\",\"publisher\":{\"@id\":\"https:\/\/fluarion.lv\/fr\/#organization\"},\"potentialAction\":[{\"@type\":\"SearchAction\",\"target\":{\"@type\":\"EntryPoint\",\"urlTemplate\":\"https:\/\/fluarion.lv\/fr\/?s={search_term_string}\"},\"query-input\":\"required name=search_term_string\"}],\"inLanguage\":\"fr-FR\"},{\"@type\":\"Organization\",\"@id\":\"https:\/\/fluarion.lv\/fr\/#organization\",\"name\":\"Fluarion\",\"url\":\"https:\/\/fluarion.lv\/fr\/\",\"logo\":{\"@type\":\"ImageObject\",\"inLanguage\":\"fr-FR\",\"@id\":\"https:\/\/fluarion.lv\/fr\/#\/schema\/logo\/image\/\",\"url\":\"https:\/\/fluarion001.elephento.lt\/wp-content\/uploads\/2022\/11\/Fluarion-juodas.svg\",\"contentUrl\":\"https:\/\/fluarion001.elephento.lt\/wp-content\/uploads\/2022\/11\/Fluarion-juodas.svg\",\"width\":192,\"height\":42,\"caption\":\"Fluarion\"},\"image\":{\"@id\":\"https:\/\/fluarion.lv\/fr\/#\/schema\/logo\/image\/\"}}]}<\/script>\n<!-- \/ Yoast SEO plugin. -->","yoast_head_json":{"title":"CORDLESS LISSEUR DES CHEVEUX (Lissage ou ondulation)  SANS FIL 2 EN 1 - Fluarion","robots":{"index":"noindex","follow":"follow","max-snippet":"max-snippet:-1","max-image-preview":"max-image-preview:large","max-video-preview":"max-video-preview:-1"},"og_locale":"fr_FR","og_type":"article","og_title":"CORDLESS LISSEUR DES CHEVEUX (Lissage ou ondulation)  SANS FIL 2 EN 1 - Fluarion","og_description":"+ Batterie lithium haute capacit\u00e9 8000 mAh. + Bon effet de glisse sans frisottis gr\u00e2ce aux plaques de coiffage \u00e9lastiques \u00e0 capuchon. + Fonction de verrouillage du panneau de l'appareil. + Conception ergonomique - l'appareil est facile \u00e0 utiliser et \u00e0 transporter avec vous. + \u00c9cran LCD moderne pour la s\u00e9lection de la temp\u00e9rature de 160 \u00e0 210 degr\u00e9s. + Chauffage rapide de l'appareil.","og_url":"https:\/\/fluarion.lv\/fr\/produkts\/cordless-lisseur-des-cheveux-lissage-ou-ondulation-sans-fil-2-en-1-2\/","og_site_name":"Fluarion","article_modified_time":"2023-12-10T20:41:58+00:00","og_image":[{"width":1734,"height":2560,"url":"https:\/\/fluarion.lv\/wp-content\/uploads\/2022\/11\/DSC03386-scaled.jpg","type":"image\/jpeg"}],"twitter_card":"summary_large_image","twitter_misc":{"Dur\u00e9e de lecture estim\u00e9e":"1 minute"},"schema":{"@context":"https:\/\/schema.org","@graph":[{"@type":"WebPage","@id":"https:\/\/fluarion.lv\/fr\/produkts\/cordless-lisseur-des-cheveux-lissage-ou-ondulation-sans-fil-2-en-1-2\/","url":"https:\/\/fluarion.lv\/fr\/produkts\/cordless-lisseur-des-cheveux-lissage-ou-ondulation-sans-fil-2-en-1-2\/","name":"CORDLESS LISSEUR DES CHEVEUX (Lissage ou ondulation) SANS FIL 2 EN 1 - Fluarion","isPartOf":{"@id":"https:\/\/fluarion.lv\/fr\/#website"},"datePublished":"2022-11-21T21:44:49+00:00","dateModified":"2023-12-10T20:41:58+00:00","breadcrumb":{"@id":"https:\/\/fluarion.lv\/fr\/produkts\/cordless-lisseur-des-cheveux-lissage-ou-ondulation-sans-fil-2-en-1-2\/#breadcrumb"},"inLanguage":"fr-FR","potentialAction":[{"@type":"ReadAction","target":["https:\/\/fluarion.lv\/fr\/produkts\/cordless-lisseur-des-cheveux-lissage-ou-ondulation-sans-fil-2-en-1-2\/"]}]},{"@type":"BreadcrumbList","@id":"https:\/\/fluarion.lv\/fr\/produkts\/cordless-lisseur-des-cheveux-lissage-ou-ondulation-sans-fil-2-en-1-2\/#breadcrumb","itemListElement":[{"@type":"ListItem","position":1,"name":"Pradinis","item":"https:\/\/fluarion.lv\/fr\/"},{"@type":"ListItem","position":2,"name":"Products","item":"https:\/\/fluarion.lv\/fr\/shop\/"},{"@type":"ListItem","position":3,"name":"CORDLESS LISSEUR DES CHEVEUX (Lissage ou ondulation) SANS FIL 2 EN 1"}]},{"@type":"WebSite","@id":"https:\/\/fluarion.lv\/fr\/#website","url":"https:\/\/fluarion.lv\/fr\/","name":"Fluarion","description":"Gro\u017eio prek\u0117s","publisher":{"@id":"https:\/\/fluarion.lv\/fr\/#organization"},"potentialAction":[{"@type":"SearchAction","target":{"@type":"EntryPoint","urlTemplate":"https:\/\/fluarion.lv\/fr\/?s={search_term_string}"},"query-input":"required name=search_term_string"}],"inLanguage":"fr-FR"},{"@type":"Organization","@id":"https:\/\/fluarion.lv\/fr\/#organization","name":"Fluarion","url":"https:\/\/fluarion.lv\/fr\/","logo":{"@type":"ImageObject","inLanguage":"fr-FR","@id":"https:\/\/fluarion.lv\/fr\/#\/schema\/logo\/image\/","url":"https:\/\/fluarion001.elephento.lt\/wp-content\/uploads\/2022\/11\/Fluarion-juodas.svg","contentUrl":"https:\/\/fluarion001.elephento.lt\/wp-content\/uploads\/2022\/11\/Fluarion-juodas.svg","width":192,"height":42,"caption":"Fluarion"},"image":{"@id":"https:\/\/fluarion.lv\/fr\/#\/schema\/logo\/image\/"}}]}},"_links":{"self":[{"href":"https:\/\/fluarion.lv\/fr\/wp-json\/wp\/v2\/product\/10971","targetHints":{"allow":["GET"]}}],"collection":[{"href":"https:\/\/fluarion.lv\/fr\/wp-json\/wp\/v2\/product"}],"about":[{"href":"https:\/\/fluarion.lv\/fr\/wp-json\/wp\/v2\/types\/product"}],"wp:featuredmedia":[{"embeddable":true,"href":"https:\/\/fluarion.lv\/fr\/wp-json\/wp\/v2\/media\/11167"}],"wp:attachment":[{"href":"https:\/\/fluarion.lv\/fr\/wp-json\/wp\/v2\/media?parent=10971"}],"wp:term":[{"taxonomy":"product_cat","embeddable":true,"href":"https:\/\/fluarion.lv\/fr\/wp-json\/wp\/v2\/product_cat?post=10971"},{"taxonomy":"product_tag","embeddable":true,"href":"https:\/\/fluarion.lv\/fr\/wp-json\/wp\/v2\/product_tag?post=10971"}],"curies":[{"name":"wp","href":"https:\/\/api.w.org\/{rel}","templated":true}]}}