{"id":10972,"date":"2022-11-21T23:40:45","date_gmt":"2022-11-21T21:40:45","guid":{"rendered":"https:\/\/fluarion.lv\/produkts\/lisseur-infrarouge-professionnel-fluarion-classic\/"},"modified":"2023-06-06T00:00:10","modified_gmt":"2023-06-05T22:00:10","slug":"lisseur-infrarouge-professionnel-fluarion-classic","status":"publish","type":"product","link":"https:\/\/fluarion.lv\/fr\/produkts\/lisseur-infrarouge-professionnel-fluarion-classic\/","title":{"rendered":"Lisseur infrarouge professionnel Fluarion CLASSIC"},"content":{"rendered":"<p>Fer \u00e0 lisser FLUARION CLASSICS avec plaques miroir et technologie infrarouge.<br \/>\nTechnologie reconnue + \u00c9cran de contr\u00f4le LED + Effet cheveux nourrissants<\/p>\n<p>Il s&rsquo;agit d&rsquo;un outil de lissage professionnel con\u00e7u pour prot\u00e9ger les cheveux autant que possible sans les endommager. La technologie infrarouge est consid\u00e9r\u00e9e comme la technologie g\u00e9n\u00e9ratrice de chaleur la plus s\u00fbre au monde. Dans ce cas, elle est appliqu\u00e9e au lissage des cheveux \u00e0 une temp\u00e9rature basse, s\u00fbre et non dommageable pour les cheveux. Les cheveux sont moins ab\u00eem\u00e9s lors du coiffage \u00e0 basse temp\u00e9rature, en utilisant des plaques miroir, en les enrichissant en ions n\u00e9gatifs et en ne les br\u00fblant pas.<br \/>\nCe lisseur FLUARION CLASSICS convient au lissage des cheveux fins et fragiles, ainsi que des cheveux \u00e9pais et luxuriants. De nouvelles technologies \u00e9prouv\u00e9es ont \u00e9t\u00e9 mises en \u0153uvre dans cet appareil, ce qui aidera \u00e0 nourrir de beaux cheveux sains.<\/p>\n<p>L&rsquo;appareil est ergonomique, l\u00e9ger, avec un long c\u00e2ble qui tourne facilement autour de son axe. L&rsquo;\u00e9cran LED est facilement accessible avec vos doigts, il est donc pratique de r\u00e9gler la temp\u00e9rature de chauffage pendant tout le processus de lissage des cheveux.<\/p>\n","protected":false},"excerpt":{"rendered":"<p><strong><em> technologie infrarouge + g\u00e9n\u00e9rateur d&rsquo;ions n\u00e9gatifs int\u00e9gr\u00e9 !\u00a0<\/em><\/strong><\/p>\n<p>&nbsp;<\/p>\n<p> + Technologie infrarouge s\u00fbre \u00e0 basse temp\u00e9rature de chauffage.<br \/>\n+ Bon effet de glissement gr\u00e2ce aux panneaux miroirs.<br \/>\n+ G\u00e9n\u00e9rateur d&rsquo;ions n\u00e9gatifs int\u00e9gr\u00e9, qui \u00e9met des ions n\u00e9gatifs, donne aux cheveux douceur, ob\u00e9issance et brillance.<br \/>\n+ La technologie infrarouge referme les \u00e9cailles des cheveux pendant le lissage &#8211; les cheveux sont moins fourchus et moins brillants.<br \/>\n+ Affichage LED moderne pour la s\u00e9lection de la temp\u00e9rature de 140 \u00e0 230 degr\u00e9s.<br \/>\n+ Chauffage rapide de l&rsquo;appareil.<br \/>\n+ Un long c\u00e2ble redresseur de 3 ans qui tourne autour de son axe \u00e0 un angle de 360 degr\u00e9s.<\/p>\n","protected":false},"featured_media":11147,"template":"","meta":{"inline_featured_image":false},"product_cat":[275,273],"product_tag":[],"class_list":["post-10972","product","type-product","status-publish","has-post-thumbnail","hentry","product_cat-lisseurs","product_cat-tous-les-produits"],"yoast_head":"<!-- This site is optimized with the Yoast SEO plugin v19.14 - https:\/\/yoast.com\/wordpress\/plugins\/seo\/ -->\n<title>Lisseur infrarouge professionnel Fluarion CLASSIC - Fluarion<\/title>\n<meta name=\"robots\" content=\"noindex, follow, max-snippet:-1, max-image-preview:large, max-video-preview:-1\" \/>\n<meta property=\"og:locale\" content=\"fr_FR\" \/>\n<meta property=\"og:type\" content=\"article\" \/>\n<meta property=\"og:title\" content=\"Lisseur infrarouge professionnel Fluarion CLASSIC - Fluarion\" \/>\n<meta property=\"og:description\" content=\"technologie infrarouge + g\u00e9n\u00e9rateur d&#039;ions n\u00e9gatifs int\u00e9gr\u00e9 !\u00a0 &nbsp;  + Technologie infrarouge s\u00fbre \u00e0 basse temp\u00e9rature de chauffage. + Bon effet de glissement gr\u00e2ce aux panneaux miroirs. + G\u00e9n\u00e9rateur d&#039;ions n\u00e9gatifs int\u00e9gr\u00e9, qui \u00e9met des ions n\u00e9gatifs, donne aux cheveux douceur, ob\u00e9issance et brillance. + La technologie infrarouge referme les \u00e9cailles des cheveux pendant le lissage - les cheveux sont moins fourchus et moins brillants. + Affichage LED moderne pour la s\u00e9lection de la temp\u00e9rature de 140 \u00e0 230 degr\u00e9s. + Chauffage rapide de l&#039;appareil. + Un long c\u00e2ble redresseur de 3 ans qui tourne autour de son axe \u00e0 un angle de 360 degr\u00e9s.\" \/>\n<meta property=\"og:url\" content=\"https:\/\/fluarion.lv\/fr\/produkts\/lisseur-infrarouge-professionnel-fluarion-classic\/\" \/>\n<meta property=\"og:site_name\" content=\"Fluarion\" \/>\n<meta property=\"article:modified_time\" content=\"2023-06-05T22:00:10+00:00\" \/>\n<meta property=\"og:image\" content=\"https:\/\/fluarion.lv\/wp-content\/uploads\/2022\/02\/2022-08-10-16-12-55-CS4.jpg\" \/>\n\t<meta property=\"og:image:width\" content=\"720\" \/>\n\t<meta property=\"og:image:height\" content=\"1080\" \/>\n\t<meta property=\"og:image:type\" content=\"image\/jpeg\" \/>\n<meta name=\"twitter:card\" content=\"summary_large_image\" \/>\n<meta name=\"twitter:label1\" content=\"Dur\u00e9e de lecture estim\u00e9e\" \/>\n\t<meta name=\"twitter:data1\" content=\"1 minute\" \/>\n<script type=\"application\/ld+json\" class=\"yoast-schema-graph\">{\"@context\":\"https:\/\/schema.org\",\"@graph\":[{\"@type\":\"WebPage\",\"@id\":\"https:\/\/fluarion.lv\/fr\/produkts\/lisseur-infrarouge-professionnel-fluarion-classic\/\",\"url\":\"https:\/\/fluarion.lv\/fr\/produkts\/lisseur-infrarouge-professionnel-fluarion-classic\/\",\"name\":\"Lisseur infrarouge professionnel Fluarion CLASSIC - Fluarion\",\"isPartOf\":{\"@id\":\"https:\/\/fluarion.lv\/fr\/#website\"},\"datePublished\":\"2022-11-21T21:40:45+00:00\",\"dateModified\":\"2023-06-05T22:00:10+00:00\",\"breadcrumb\":{\"@id\":\"https:\/\/fluarion.lv\/fr\/produkts\/lisseur-infrarouge-professionnel-fluarion-classic\/#breadcrumb\"},\"inLanguage\":\"fr-FR\",\"potentialAction\":[{\"@type\":\"ReadAction\",\"target\":[\"https:\/\/fluarion.lv\/fr\/produkts\/lisseur-infrarouge-professionnel-fluarion-classic\/\"]}]},{\"@type\":\"BreadcrumbList\",\"@id\":\"https:\/\/fluarion.lv\/fr\/produkts\/lisseur-infrarouge-professionnel-fluarion-classic\/#breadcrumb\",\"itemListElement\":[{\"@type\":\"ListItem\",\"position\":1,\"name\":\"Pradinis\",\"item\":\"https:\/\/fluarion.lv\/fr\/\"},{\"@type\":\"ListItem\",\"position\":2,\"name\":\"Products\",\"item\":\"https:\/\/fluarion.lv\/fr\/shop\/\"},{\"@type\":\"ListItem\",\"position\":3,\"name\":\"Lisseur infrarouge professionnel Fluarion CLASSIC\"}]},{\"@type\":\"WebSite\",\"@id\":\"https:\/\/fluarion.lv\/fr\/#website\",\"url\":\"https:\/\/fluarion.lv\/fr\/\",\"name\":\"Fluarion\",\"description\":\"Gro\u017eio prek\u0117s\",\"publisher\":{\"@id\":\"https:\/\/fluarion.lv\/fr\/#organization\"},\"potentialAction\":[{\"@type\":\"SearchAction\",\"target\":{\"@type\":\"EntryPoint\",\"urlTemplate\":\"https:\/\/fluarion.lv\/fr\/?s={search_term_string}\"},\"query-input\":\"required name=search_term_string\"}],\"inLanguage\":\"fr-FR\"},{\"@type\":\"Organization\",\"@id\":\"https:\/\/fluarion.lv\/fr\/#organization\",\"name\":\"Fluarion\",\"url\":\"https:\/\/fluarion.lv\/fr\/\",\"logo\":{\"@type\":\"ImageObject\",\"inLanguage\":\"fr-FR\",\"@id\":\"https:\/\/fluarion.lv\/fr\/#\/schema\/logo\/image\/\",\"url\":\"https:\/\/fluarion001.elephento.lt\/wp-content\/uploads\/2022\/11\/Fluarion-juodas.svg\",\"contentUrl\":\"https:\/\/fluarion001.elephento.lt\/wp-content\/uploads\/2022\/11\/Fluarion-juodas.svg\",\"width\":192,\"height\":42,\"caption\":\"Fluarion\"},\"image\":{\"@id\":\"https:\/\/fluarion.lv\/fr\/#\/schema\/logo\/image\/\"}}]}<\/script>\n<!-- \/ Yoast SEO plugin. -->","yoast_head_json":{"title":"Lisseur infrarouge professionnel Fluarion CLASSIC - Fluarion","robots":{"index":"noindex","follow":"follow","max-snippet":"max-snippet:-1","max-image-preview":"max-image-preview:large","max-video-preview":"max-video-preview:-1"},"og_locale":"fr_FR","og_type":"article","og_title":"Lisseur infrarouge professionnel Fluarion CLASSIC - Fluarion","og_description":"technologie infrarouge + g\u00e9n\u00e9rateur d'ions n\u00e9gatifs int\u00e9gr\u00e9 !\u00a0 &nbsp;  + Technologie infrarouge s\u00fbre \u00e0 basse temp\u00e9rature de chauffage. + Bon effet de glissement gr\u00e2ce aux panneaux miroirs. + G\u00e9n\u00e9rateur d'ions n\u00e9gatifs int\u00e9gr\u00e9, qui \u00e9met des ions n\u00e9gatifs, donne aux cheveux douceur, ob\u00e9issance et brillance. + La technologie infrarouge referme les \u00e9cailles des cheveux pendant le lissage - les cheveux sont moins fourchus et moins brillants. + Affichage LED moderne pour la s\u00e9lection de la temp\u00e9rature de 140 \u00e0 230 degr\u00e9s. + Chauffage rapide de l'appareil. + Un long c\u00e2ble redresseur de 3 ans qui tourne autour de son axe \u00e0 un angle de 360 degr\u00e9s.","og_url":"https:\/\/fluarion.lv\/fr\/produkts\/lisseur-infrarouge-professionnel-fluarion-classic\/","og_site_name":"Fluarion","article_modified_time":"2023-06-05T22:00:10+00:00","og_image":[{"width":720,"height":1080,"url":"https:\/\/fluarion.lv\/wp-content\/uploads\/2022\/02\/2022-08-10-16-12-55-CS4.jpg","type":"image\/jpeg"}],"twitter_card":"summary_large_image","twitter_misc":{"Dur\u00e9e de lecture estim\u00e9e":"1 minute"},"schema":{"@context":"https:\/\/schema.org","@graph":[{"@type":"WebPage","@id":"https:\/\/fluarion.lv\/fr\/produkts\/lisseur-infrarouge-professionnel-fluarion-classic\/","url":"https:\/\/fluarion.lv\/fr\/produkts\/lisseur-infrarouge-professionnel-fluarion-classic\/","name":"Lisseur infrarouge professionnel Fluarion CLASSIC - Fluarion","isPartOf":{"@id":"https:\/\/fluarion.lv\/fr\/#website"},"datePublished":"2022-11-21T21:40:45+00:00","dateModified":"2023-06-05T22:00:10+00:00","breadcrumb":{"@id":"https:\/\/fluarion.lv\/fr\/produkts\/lisseur-infrarouge-professionnel-fluarion-classic\/#breadcrumb"},"inLanguage":"fr-FR","potentialAction":[{"@type":"ReadAction","target":["https:\/\/fluarion.lv\/fr\/produkts\/lisseur-infrarouge-professionnel-fluarion-classic\/"]}]},{"@type":"BreadcrumbList","@id":"https:\/\/fluarion.lv\/fr\/produkts\/lisseur-infrarouge-professionnel-fluarion-classic\/#breadcrumb","itemListElement":[{"@type":"ListItem","position":1,"name":"Pradinis","item":"https:\/\/fluarion.lv\/fr\/"},{"@type":"ListItem","position":2,"name":"Products","item":"https:\/\/fluarion.lv\/fr\/shop\/"},{"@type":"ListItem","position":3,"name":"Lisseur infrarouge professionnel Fluarion CLASSIC"}]},{"@type":"WebSite","@id":"https:\/\/fluarion.lv\/fr\/#website","url":"https:\/\/fluarion.lv\/fr\/","name":"Fluarion","description":"Gro\u017eio prek\u0117s","publisher":{"@id":"https:\/\/fluarion.lv\/fr\/#organization"},"potentialAction":[{"@type":"SearchAction","target":{"@type":"EntryPoint","urlTemplate":"https:\/\/fluarion.lv\/fr\/?s={search_term_string}"},"query-input":"required name=search_term_string"}],"inLanguage":"fr-FR"},{"@type":"Organization","@id":"https:\/\/fluarion.lv\/fr\/#organization","name":"Fluarion","url":"https:\/\/fluarion.lv\/fr\/","logo":{"@type":"ImageObject","inLanguage":"fr-FR","@id":"https:\/\/fluarion.lv\/fr\/#\/schema\/logo\/image\/","url":"https:\/\/fluarion001.elephento.lt\/wp-content\/uploads\/2022\/11\/Fluarion-juodas.svg","contentUrl":"https:\/\/fluarion001.elephento.lt\/wp-content\/uploads\/2022\/11\/Fluarion-juodas.svg","width":192,"height":42,"caption":"Fluarion"},"image":{"@id":"https:\/\/fluarion.lv\/fr\/#\/schema\/logo\/image\/"}}]}},"_links":{"self":[{"href":"https:\/\/fluarion.lv\/fr\/wp-json\/wp\/v2\/product\/10972","targetHints":{"allow":["GET"]}}],"collection":[{"href":"https:\/\/fluarion.lv\/fr\/wp-json\/wp\/v2\/product"}],"about":[{"href":"https:\/\/fluarion.lv\/fr\/wp-json\/wp\/v2\/types\/product"}],"wp:featuredmedia":[{"embeddable":true,"href":"https:\/\/fluarion.lv\/fr\/wp-json\/wp\/v2\/media\/11147"}],"wp:attachment":[{"href":"https:\/\/fluarion.lv\/fr\/wp-json\/wp\/v2\/media?parent=10972"}],"wp:term":[{"taxonomy":"product_cat","embeddable":true,"href":"https:\/\/fluarion.lv\/fr\/wp-json\/wp\/v2\/product_cat?post=10972"},{"taxonomy":"product_tag","embeddable":true,"href":"https:\/\/fluarion.lv\/fr\/wp-json\/wp\/v2\/product_tag?post=10972"}],"curies":[{"name":"wp","href":"https:\/\/api.w.org\/{rel}","templated":true}]}}