{"id":11366,"date":"2023-12-14T20:27:34","date_gmt":"2023-12-14T18:27:34","guid":{"rendered":"https:\/\/fluarion.lv\/?post_type=product&#038;p=11366"},"modified":"2023-12-14T20:41:33","modified_gmt":"2023-12-14T18:41:33","slug":"seche-cheveux-ionic-911-ultra-kopija-kopija","status":"publish","type":"product","link":"https:\/\/fluarion.lv\/fr\/produkts\/seche-cheveux-ionic-911-ultra-kopija-kopija\/","title":{"rendered":"SECHE-CHEVEUX Hurricane Green edition"},"content":{"rendered":"<p>Le s\u00e8che-cheveux FLUARION Hurricane Green edition<br \/>\nla technologie la plus avanc\u00e9e + un design attrayant + un effet nourrissant pour les cheveux.<\/p>\n<p>Comme le nom de ce s\u00e8che-cheveux Fluarion\u00a0Hurricane l&rsquo;indique, il s&rsquo;agit d&rsquo;un appareil qui g\u00e9n\u00e8re un flux d&rsquo;ions n\u00e9gatifs tout en s\u00e9chant les cheveux. Les cheveux mouill\u00e9s ont une charge positive d&rsquo;ions et le flux d&rsquo;air souffl\u00e9 du s\u00e8che-cheveux a une charge n\u00e9gative, de sorte que les cheveux s\u00e9ch\u00e9s sont moins \u00e9lectrifi\u00e9s, ne frisottent pas et ne gonflent pas, restent lisses et lisses, ont l&rsquo;air parfaitement denses et d&rsquo;apparence saine.<\/p>\n<p>S\u00e8che-linge\u00a0Hurricane \u00a0&#8211; design particuli\u00e8rement ergonomique et minimaliste, confortable \u00e0 utiliser et \u00e0 toucher. Il dispose de plusieurs modes de contr\u00f4le de la vitesse et de la temp\u00e9rature qui vous permettent de prendre soin et de nourrir vos cheveux et de choisir celui qui convient le mieux au bon moment ou \u00e0 la bonne situation. Des accessoires pour diff\u00e9rents types de cheveux et diff\u00e9rentes coiffures sont inclus. Le long cordon qui tourne facilement et le poids l\u00e9ger ne fatiguent pas les mains, et le syst\u00e8me d&rsquo;auto-nettoyage install\u00e9 permet \u00e0 l&rsquo;utilisateur de gagner un temps pr\u00e9cieux. Vous sentirez bient\u00f4t que le s\u00e9choir FLUARION Hurricane devient une aide indispensable dans votre vie quotidienne.<\/p>\n","protected":false},"excerpt":{"rendered":"<p><strong><em>Le s\u00e8che-cheveux professionnel le plus l\u00e9ger et le plus silencieux avec \u00a0d&rsquo;ions n\u00e9gatifs !<\/em><\/strong><\/p>\n<p>+ \u00a0d&rsquo;ions n\u00e9gatifs qui donnent aux cheveux un aspect sain et lisse<br \/>\n+ 3 modes de vitesse et de force du flux d&rsquo;air.<br \/>\n+ 3 modes de temp\u00e9rature.<br \/>\n+ Long c\u00e2ble de 3.5 m\u00e8tres qui tourne autour de son axe \u00e0 360 degr\u00e9s.<br \/>\n+ Syst\u00e8me d&rsquo;auto-nettoyage automatique.<br \/>\n+ Protection thermique intelligente, qui est douce et n&rsquo;endommage pas la structure du cheveu.<br \/>\n+ 3 buses diff\u00e9rentes dans le set.<br \/>\n+ Poids extr\u00eamement l\u00e9ger.<br \/>\n+ Jusqu&rsquo;\u00e0 120 000 tours par minute, mais le fonctionnement silencieux.<\/p>\n","protected":false},"featured_media":11369,"template":"","meta":{"inline_featured_image":false},"product_cat":[274,273],"product_tag":[],"class_list":["post-11366","product","type-product","status-publish","has-post-thumbnail","hentry","product_cat-seche-cheveux","product_cat-tous-les-produits"],"yoast_head":"<!-- This site is optimized with the Yoast SEO plugin v19.14 - https:\/\/yoast.com\/wordpress\/plugins\/seo\/ -->\n<title>SECHE-CHEVEUX Hurricane Green edition - Fluarion<\/title>\n<meta name=\"robots\" content=\"noindex, follow, max-snippet:-1, max-image-preview:large, max-video-preview:-1\" \/>\n<meta property=\"og:locale\" content=\"fr_FR\" \/>\n<meta property=\"og:type\" content=\"article\" \/>\n<meta property=\"og:title\" content=\"SECHE-CHEVEUX Hurricane Green edition - Fluarion\" \/>\n<meta property=\"og:description\" content=\"Le s\u00e8che-cheveux professionnel le plus l\u00e9ger et le plus silencieux avec \u00a0d&#039;ions n\u00e9gatifs !  + \u00a0d&#039;ions n\u00e9gatifs qui donnent aux cheveux un aspect sain et lisse + 3 modes de vitesse et de force du flux d&#039;air. + 3 modes de temp\u00e9rature. + Long c\u00e2ble de 3.5 m\u00e8tres qui tourne autour de son axe \u00e0 360 degr\u00e9s. + Syst\u00e8me d&#039;auto-nettoyage automatique. + Protection thermique intelligente, qui est douce et n&#039;endommage pas la structure du cheveu. + 3 buses diff\u00e9rentes dans le set. + Poids extr\u00eamement l\u00e9ger. + Jusqu&#039;\u00e0 120 000 tours par minute, mais le fonctionnement silencieux.\" \/>\n<meta property=\"og:url\" content=\"https:\/\/fluarion.lv\/fr\/produkts\/seche-cheveux-ionic-911-ultra-kopija-kopija\/\" \/>\n<meta property=\"og:site_name\" content=\"Fluarion\" \/>\n<meta property=\"article:modified_time\" content=\"2023-12-14T18:41:33+00:00\" \/>\n<meta property=\"og:image\" content=\"https:\/\/fluarion.lv\/wp-content\/uploads\/2023\/12\/photo.jpg\" \/>\n\t<meta property=\"og:image:width\" content=\"1500\" \/>\n\t<meta property=\"og:image:height\" content=\"1500\" \/>\n\t<meta property=\"og:image:type\" content=\"image\/jpeg\" \/>\n<meta name=\"twitter:card\" content=\"summary_large_image\" \/>\n<meta name=\"twitter:label1\" content=\"Dur\u00e9e de lecture estim\u00e9e\" \/>\n\t<meta name=\"twitter:data1\" content=\"2 minutes\" \/>\n<script type=\"application\/ld+json\" class=\"yoast-schema-graph\">{\"@context\":\"https:\/\/schema.org\",\"@graph\":[{\"@type\":\"WebPage\",\"@id\":\"https:\/\/fluarion.lv\/fr\/produkts\/seche-cheveux-ionic-911-ultra-kopija-kopija\/\",\"url\":\"https:\/\/fluarion.lv\/fr\/produkts\/seche-cheveux-ionic-911-ultra-kopija-kopija\/\",\"name\":\"SECHE-CHEVEUX Hurricane Green edition - Fluarion\",\"isPartOf\":{\"@id\":\"https:\/\/fluarion.lv\/fr\/#website\"},\"datePublished\":\"2023-12-14T18:27:34+00:00\",\"dateModified\":\"2023-12-14T18:41:33+00:00\",\"breadcrumb\":{\"@id\":\"https:\/\/fluarion.lv\/fr\/produkts\/seche-cheveux-ionic-911-ultra-kopija-kopija\/#breadcrumb\"},\"inLanguage\":\"fr-FR\",\"potentialAction\":[{\"@type\":\"ReadAction\",\"target\":[\"https:\/\/fluarion.lv\/fr\/produkts\/seche-cheveux-ionic-911-ultra-kopija-kopija\/\"]}]},{\"@type\":\"BreadcrumbList\",\"@id\":\"https:\/\/fluarion.lv\/fr\/produkts\/seche-cheveux-ionic-911-ultra-kopija-kopija\/#breadcrumb\",\"itemListElement\":[{\"@type\":\"ListItem\",\"position\":1,\"name\":\"Pradinis\",\"item\":\"https:\/\/fluarion.lv\/fr\/\"},{\"@type\":\"ListItem\",\"position\":2,\"name\":\"Products\",\"item\":\"https:\/\/fluarion.lv\/fr\/shop\/\"},{\"@type\":\"ListItem\",\"position\":3,\"name\":\"SECHE-CHEVEUX Hurricane Green edition\"}]},{\"@type\":\"WebSite\",\"@id\":\"https:\/\/fluarion.lv\/fr\/#website\",\"url\":\"https:\/\/fluarion.lv\/fr\/\",\"name\":\"Fluarion\",\"description\":\"Gro\u017eio prek\u0117s\",\"publisher\":{\"@id\":\"https:\/\/fluarion.lv\/fr\/#organization\"},\"potentialAction\":[{\"@type\":\"SearchAction\",\"target\":{\"@type\":\"EntryPoint\",\"urlTemplate\":\"https:\/\/fluarion.lv\/fr\/?s={search_term_string}\"},\"query-input\":\"required name=search_term_string\"}],\"inLanguage\":\"fr-FR\"},{\"@type\":\"Organization\",\"@id\":\"https:\/\/fluarion.lv\/fr\/#organization\",\"name\":\"Fluarion\",\"url\":\"https:\/\/fluarion.lv\/fr\/\",\"logo\":{\"@type\":\"ImageObject\",\"inLanguage\":\"fr-FR\",\"@id\":\"https:\/\/fluarion.lv\/fr\/#\/schema\/logo\/image\/\",\"url\":\"https:\/\/fluarion001.elephento.lt\/wp-content\/uploads\/2022\/11\/Fluarion-juodas.svg\",\"contentUrl\":\"https:\/\/fluarion001.elephento.lt\/wp-content\/uploads\/2022\/11\/Fluarion-juodas.svg\",\"width\":192,\"height\":42,\"caption\":\"Fluarion\"},\"image\":{\"@id\":\"https:\/\/fluarion.lv\/fr\/#\/schema\/logo\/image\/\"}}]}<\/script>\n<!-- \/ Yoast SEO plugin. -->","yoast_head_json":{"title":"SECHE-CHEVEUX Hurricane Green edition - Fluarion","robots":{"index":"noindex","follow":"follow","max-snippet":"max-snippet:-1","max-image-preview":"max-image-preview:large","max-video-preview":"max-video-preview:-1"},"og_locale":"fr_FR","og_type":"article","og_title":"SECHE-CHEVEUX Hurricane Green edition - Fluarion","og_description":"Le s\u00e8che-cheveux professionnel le plus l\u00e9ger et le plus silencieux avec \u00a0d'ions n\u00e9gatifs !  + \u00a0d'ions n\u00e9gatifs qui donnent aux cheveux un aspect sain et lisse + 3 modes de vitesse et de force du flux d'air. + 3 modes de temp\u00e9rature. + Long c\u00e2ble de 3.5 m\u00e8tres qui tourne autour de son axe \u00e0 360 degr\u00e9s. + Syst\u00e8me d'auto-nettoyage automatique. + Protection thermique intelligente, qui est douce et n'endommage pas la structure du cheveu. + 3 buses diff\u00e9rentes dans le set. + Poids extr\u00eamement l\u00e9ger. + Jusqu'\u00e0 120 000 tours par minute, mais le fonctionnement silencieux.","og_url":"https:\/\/fluarion.lv\/fr\/produkts\/seche-cheveux-ionic-911-ultra-kopija-kopija\/","og_site_name":"Fluarion","article_modified_time":"2023-12-14T18:41:33+00:00","og_image":[{"width":1500,"height":1500,"url":"https:\/\/fluarion.lv\/wp-content\/uploads\/2023\/12\/photo.jpg","type":"image\/jpeg"}],"twitter_card":"summary_large_image","twitter_misc":{"Dur\u00e9e de lecture estim\u00e9e":"2 minutes"},"schema":{"@context":"https:\/\/schema.org","@graph":[{"@type":"WebPage","@id":"https:\/\/fluarion.lv\/fr\/produkts\/seche-cheveux-ionic-911-ultra-kopija-kopija\/","url":"https:\/\/fluarion.lv\/fr\/produkts\/seche-cheveux-ionic-911-ultra-kopija-kopija\/","name":"SECHE-CHEVEUX Hurricane Green edition - Fluarion","isPartOf":{"@id":"https:\/\/fluarion.lv\/fr\/#website"},"datePublished":"2023-12-14T18:27:34+00:00","dateModified":"2023-12-14T18:41:33+00:00","breadcrumb":{"@id":"https:\/\/fluarion.lv\/fr\/produkts\/seche-cheveux-ionic-911-ultra-kopija-kopija\/#breadcrumb"},"inLanguage":"fr-FR","potentialAction":[{"@type":"ReadAction","target":["https:\/\/fluarion.lv\/fr\/produkts\/seche-cheveux-ionic-911-ultra-kopija-kopija\/"]}]},{"@type":"BreadcrumbList","@id":"https:\/\/fluarion.lv\/fr\/produkts\/seche-cheveux-ionic-911-ultra-kopija-kopija\/#breadcrumb","itemListElement":[{"@type":"ListItem","position":1,"name":"Pradinis","item":"https:\/\/fluarion.lv\/fr\/"},{"@type":"ListItem","position":2,"name":"Products","item":"https:\/\/fluarion.lv\/fr\/shop\/"},{"@type":"ListItem","position":3,"name":"SECHE-CHEVEUX Hurricane Green edition"}]},{"@type":"WebSite","@id":"https:\/\/fluarion.lv\/fr\/#website","url":"https:\/\/fluarion.lv\/fr\/","name":"Fluarion","description":"Gro\u017eio prek\u0117s","publisher":{"@id":"https:\/\/fluarion.lv\/fr\/#organization"},"potentialAction":[{"@type":"SearchAction","target":{"@type":"EntryPoint","urlTemplate":"https:\/\/fluarion.lv\/fr\/?s={search_term_string}"},"query-input":"required name=search_term_string"}],"inLanguage":"fr-FR"},{"@type":"Organization","@id":"https:\/\/fluarion.lv\/fr\/#organization","name":"Fluarion","url":"https:\/\/fluarion.lv\/fr\/","logo":{"@type":"ImageObject","inLanguage":"fr-FR","@id":"https:\/\/fluarion.lv\/fr\/#\/schema\/logo\/image\/","url":"https:\/\/fluarion001.elephento.lt\/wp-content\/uploads\/2022\/11\/Fluarion-juodas.svg","contentUrl":"https:\/\/fluarion001.elephento.lt\/wp-content\/uploads\/2022\/11\/Fluarion-juodas.svg","width":192,"height":42,"caption":"Fluarion"},"image":{"@id":"https:\/\/fluarion.lv\/fr\/#\/schema\/logo\/image\/"}}]}},"_links":{"self":[{"href":"https:\/\/fluarion.lv\/fr\/wp-json\/wp\/v2\/product\/11366","targetHints":{"allow":["GET"]}}],"collection":[{"href":"https:\/\/fluarion.lv\/fr\/wp-json\/wp\/v2\/product"}],"about":[{"href":"https:\/\/fluarion.lv\/fr\/wp-json\/wp\/v2\/types\/product"}],"wp:featuredmedia":[{"embeddable":true,"href":"https:\/\/fluarion.lv\/fr\/wp-json\/wp\/v2\/media\/11369"}],"wp:attachment":[{"href":"https:\/\/fluarion.lv\/fr\/wp-json\/wp\/v2\/media?parent=11366"}],"wp:term":[{"taxonomy":"product_cat","embeddable":true,"href":"https:\/\/fluarion.lv\/fr\/wp-json\/wp\/v2\/product_cat?post=11366"},{"taxonomy":"product_tag","embeddable":true,"href":"https:\/\/fluarion.lv\/fr\/wp-json\/wp\/v2\/product_tag?post=11366"}],"curies":[{"name":"wp","href":"https:\/\/api.w.org\/{rel}","templated":true}]}}