{"id":10439,"date":"2018-03-02T15:34:27","date_gmt":"2018-03-02T13:34:27","guid":{"rendered":"https:\/\/fluarion.lv\/sakums\/"},"modified":"2024-01-23T15:52:21","modified_gmt":"2024-01-23T13:52:21","slug":"sakums","status":"publish","type":"page","link":"https:\/\/fluarion.lv\/lv\/","title":{"rendered":"S\u0101kums"},"content":{"rendered":"<p>[vc_row css=&#8221;.vc_custom_1521633281114{margin-right: 150px !important;padding-right: 150px !important;}&#8221;][vc_column offset=&#8221;vc_col-lg-12 vc_col-md-12&#8243;][rev_slider_vc alias=&#8221;pagrindinis-slider-1&#8243; enable_paspartu=&#8221;no&#8221;][\/vc_column][\/vc_row][vc_row row_content_width=&#8221;grid&#8221; content_text_aligment=&#8221;center&#8221; anchor=&#8221;produktai&#8221;][vc_column]<div class=\"qodef-elements-holder   qodef-one-column  qodef-responsive-mode-768 \" ><div class=\"qodef-eh-item    \"  data-item-class=\"qodef-eh-custom-4629\" data-1024-1366=\"100px 0 129px 0\">\n\t<div class=\"qodef-eh-item-inner\">\n\t\t<div class=\"qodef-eh-item-content qodef-eh-custom-4629\" style=\"padding: 77px 0 30px 0\">\n\t\t\t<div class=\"qodef-pl-holder qodef-masonry-layout qodef-normal-space qodef-three-columns qodef-info-below-image \">\n\t<div class=\"qodef-pl-outer qodef-outer-space\">\n\t\t<div class=\"qodef-pl-sizer\"><\/div>\n\t\t<div class=\"qodef-pl-gutter\"><\/div>\n\t\t<div class=\"qodef-pli qodef-item-space product \">\n\t<div class=\"qodef-pli-inner\">\n\t\t<div class=\"qodef-pli-image\">\n\t\t\t\n<img loading=\"lazy\" decoding=\"async\" width=\"1500\" height=\"1500\" src=\"https:\/\/fluarion.lv\/wp-content\/uploads\/2023\/12\/photo.jpg\" class=\"attachment-full size-full wp-post-image\" alt=\"\" srcset=\"https:\/\/fluarion.lv\/wp-content\/uploads\/2023\/12\/photo.jpg 1500w, https:\/\/fluarion.lv\/wp-content\/uploads\/2023\/12\/photo-300x300.jpg 300w, https:\/\/fluarion.lv\/wp-content\/uploads\/2023\/12\/photo-1024x1024.jpg 1024w, https:\/\/fluarion.lv\/wp-content\/uploads\/2023\/12\/photo-150x150.jpg 150w, https:\/\/fluarion.lv\/wp-content\/uploads\/2023\/12\/photo-768x768.jpg 768w, https:\/\/fluarion.lv\/wp-content\/uploads\/2023\/12\/photo-550x550.jpg 550w, https:\/\/fluarion.lv\/wp-content\/uploads\/2023\/12\/photo-1100x1100.jpg 1100w, https:\/\/fluarion.lv\/wp-content\/uploads\/2023\/12\/photo-420x420.jpg 420w, https:\/\/fluarion.lv\/wp-content\/uploads\/2023\/12\/photo-996x996.jpg 996w, https:\/\/fluarion.lv\/wp-content\/uploads\/2023\/12\/photo-100x100.jpg 100w\" sizes=\"auto, (max-width: 1500px) 100vw, 1500px\" \/>\t\t<\/div>\n\t\t<a href=\"https:\/\/fluarion.lv\/lv\/produkts\/loti-jaudigs-ultra-viegls-profesionalais-matu-fens-fluarion-hurricane-kopija\/\" class=\"woocommerce-LoopProduct-link woocommerce-loop-product__link\"><\/a>\n\t<\/div>\n\t<div class=\"qodef-pli-text-wrapper\" >\n        <div class=\"qodef-pli-main-info-wrapper clearfix\">\n                <h4 itemprop=\"name\" class=\"entry-title qodef-pli-title\" style=\"text-transform: uppercase\">\n\t\t<a itemprop=\"url\" href=\"https:\/\/fluarion.lv\/lv\/produkts\/loti-jaudigs-ultra-viegls-profesionalais-matu-fens-fluarion-hurricane-kopija\/\">\u013boti jaud\u012bgs Ultra viegls profesion\u0101lais matu f\u0113ns Fluarion Hurricane Green edition<\/a>\n\t<\/h4>\n            \t<div class=\"qodef-pli-price\"><span class=\"woocommerce-Price-amount amount\">399.00<span class=\"woocommerce-Price-currencySymbol\">&euro;<\/span><\/span><\/div>\n        <\/div>\n        <div class=\"qodef-pli-additional-info-wrapper clearfix\">\n                                <\/div>\n    <\/div>\n<\/div><div class=\"qodef-pli qodef-item-space product \">\n\t<div class=\"qodef-pli-inner\">\n\t\t<div class=\"qodef-pli-image\">\n\t\t\t\t<span class=\"qodef-pli-onsale\">-30%<\/span>\n\n<img loading=\"lazy\" decoding=\"async\" width=\"3089\" height=\"4543\" src=\"https:\/\/fluarion.lv\/wp-content\/uploads\/2022\/12\/zyro-image-8.png\" class=\"attachment-full size-full wp-post-image\" alt=\"\" srcset=\"https:\/\/fluarion.lv\/wp-content\/uploads\/2022\/12\/zyro-image-8.png 3089w, https:\/\/fluarion.lv\/wp-content\/uploads\/2022\/12\/zyro-image-8-204x300.png 204w, https:\/\/fluarion.lv\/wp-content\/uploads\/2022\/12\/zyro-image-8-696x1024.png 696w, https:\/\/fluarion.lv\/wp-content\/uploads\/2022\/12\/zyro-image-8-768x1129.png 768w, https:\/\/fluarion.lv\/wp-content\/uploads\/2022\/12\/zyro-image-8-1044x1536.png 1044w, https:\/\/fluarion.lv\/wp-content\/uploads\/2022\/12\/zyro-image-8-1393x2048.png 1393w, https:\/\/fluarion.lv\/wp-content\/uploads\/2022\/12\/zyro-image-8-996x1465.png 996w\" sizes=\"auto, (max-width: 3089px) 100vw, 3089px\" \/>\t\t<\/div>\n\t\t<a href=\"https:\/\/fluarion.lv\/lv\/produkts\/limited-fens-ionic-911\/\" class=\"woocommerce-LoopProduct-link woocommerce-loop-product__link\"><\/a>\n\t<\/div>\n\t<div class=\"qodef-pli-text-wrapper\" >\n        <div class=\"qodef-pli-main-info-wrapper clearfix\">\n                <h4 itemprop=\"name\" class=\"entry-title qodef-pli-title\" style=\"text-transform: uppercase\">\n\t\t<a itemprop=\"url\" href=\"https:\/\/fluarion.lv\/lv\/produkts\/limited-fens-ionic-911\/\">Limited F\u0113ns IONIC 911<\/a>\n\t<\/h4>\n            \t<div class=\"qodef-pli-price\"><del aria-hidden=\"true\"><span class=\"woocommerce-Price-amount amount\">499.00<span class=\"woocommerce-Price-currencySymbol\">&euro;<\/span><\/span><\/del> <ins><span class=\"woocommerce-Price-amount amount\">349.00<span class=\"woocommerce-Price-currencySymbol\">&euro;<\/span><\/span><\/ins><\/div>\n        <\/div>\n        <div class=\"qodef-pli-additional-info-wrapper clearfix\">\n                                <\/div>\n    <\/div>\n<\/div><div class=\"qodef-pli qodef-item-space product qodef-pli-outofstock\">\n\t<div class=\"qodef-pli-inner\">\n\t\t<div class=\"qodef-pli-image\">\n\t\t\t\n\t<span class=\"qodef-pli-out-of-stock\">Sold<\/span>\n<img loading=\"lazy\" decoding=\"async\" width=\"1920\" height=\"2560\" src=\"https:\/\/fluarion.lv\/wp-content\/uploads\/2022\/02\/911-scaled.jpeg\" class=\"attachment-full size-full wp-post-image\" alt=\"\" srcset=\"https:\/\/fluarion.lv\/wp-content\/uploads\/2022\/02\/911-scaled.jpeg 1920w, https:\/\/fluarion.lv\/wp-content\/uploads\/2022\/02\/911-225x300.jpeg 225w, https:\/\/fluarion.lv\/wp-content\/uploads\/2022\/02\/911-768x1024.jpeg 768w, https:\/\/fluarion.lv\/wp-content\/uploads\/2022\/02\/911-1152x1536.jpeg 1152w, https:\/\/fluarion.lv\/wp-content\/uploads\/2022\/02\/911-1536x2048.jpeg 1536w, https:\/\/fluarion.lv\/wp-content\/uploads\/2022\/02\/911-996x1328.jpeg 996w\" sizes=\"auto, (max-width: 1920px) 100vw, 1920px\" \/>\t\t<\/div>\n\t\t<a href=\"https:\/\/fluarion.lv\/lv\/produkts\/fens-ionic-911\/\" class=\"woocommerce-LoopProduct-link woocommerce-loop-product__link\"><\/a>\n\t<\/div>\n\t<div class=\"qodef-pli-text-wrapper\" >\n        <div class=\"qodef-pli-main-info-wrapper clearfix\">\n                <h4 itemprop=\"name\" class=\"entry-title qodef-pli-title\" style=\"text-transform: uppercase\">\n\t\t<a itemprop=\"url\" href=\"https:\/\/fluarion.lv\/lv\/produkts\/fens-ionic-911\/\">Ultra viegls profesion\u0101lais matu f\u0113ns IONIC 911<\/a>\n\t<\/h4>\n            \t<div class=\"qodef-pli-price\"><span class=\"woocommerce-Price-amount amount\">499.00<span class=\"woocommerce-Price-currencySymbol\">&euro;<\/span><\/span><\/div>\n        <\/div>\n        <div class=\"qodef-pli-additional-info-wrapper clearfix\">\n                                <\/div>\n    <\/div>\n<\/div>\t<\/div>\n<\/div>[vc_empty_space height=&#8221;25px&#8221;]<a itemprop=\"url\" href=\"https:\/\/fluarion.lv\/lv\/produktu-kategorija\/visi-produkti\/\" target=\"_self\"  class=\"qodef-btn qodef-btn-small qodef-btn-outline\"  >\n    <span class=\"qodef-btn-text\">Atkl\u0101jiet vair\u0101k<\/span>\n        <\/a>\t\t<\/div>\n\t<\/div>\n<\/div><\/div>[\/vc_column][\/vc_row][vc_row equal_height=&#8221;yes&#8221;][vc_column css=&#8221;.vc_custom_1522923714126{padding-top: 0px !important;padding-bottom: 0px !important;}&#8221; offset=&#8221;vc_col-lg-offset-0 vc_col-lg-12 vc_col-md-offset-0 vc_col-md-12 vc_col-sm-offset-0&#8243;]<div class=\"qodef-elements-holder   qodef-one-column  qodef-responsive-mode-768 \" ><div class=\"qodef-eh-item    \"  data-item-class=\"qodef-eh-custom-7812\" data-1366-1600=\"80px 0 120px 0\" data-1024-1366=\"80px 0 120px 0\" data-768-1024=\"80px 0 80px 0\" data-680-768=\"80px 10% 28px 10%\" data-680=\"80px 8% 28px 8%\">\n\t<div class=\"qodef-eh-item-inner\">\n\t\t<div class=\"qodef-eh-item-content qodef-eh-custom-7812\" style=\"padding: 129px 0 361px 0\">\n\t\t\t<div class=\"qodef-swap-images-section\">\n\t<div class=\"qodef-sis-images-holder\">\n\t\t\t\t\t<div class=\"qodef-sis-full-image-holder\">\n\t\t\t\t\t\t\t\t\t\t\t\t\t<img class=\"qodef-sis-image\" \n\t\t\t\t\t\tdata-index=\"1\"\n\t\t\t\t\t\tsrc=\"https:\/\/fluarion.lv\/wp-content\/uploads\/2022\/12\/Dizainas-be-pavadinimo-23.png\"\n\t\t\t\t\t\talt=\"Dizainas be pavadinimo (23)\"\/>\n\t\t\t\t\t\t\t\t\t\t\t<\/div>\n\t\t\t<div class=\"qodef-sis-preview-image-holder\">\n\t\t\t\t<div class=\"qodef-sis-preview-image-holder-inner\">\n\t\t\t\t\t\t\t\t\t\t\t\t    \t\t\t\t    \t\t\t    <div class=\"qodef-sis-preview-image\" data-index=\"1\" style=\"background-image: url(https:\/\/fluarion.lv\/wp-content\/uploads\/2022\/12\/Dizainas-be-pavadinimo-23.png);\"><\/div>\n\t    \t\t\t        \t\t\t    \t\t\t\t<\/div>\n\t\t\t<\/div>\n\t\t\t<\/div>\n\t<div class=\"qodef-sis-content-holder\">\n\t\t<div class=\"qodef-sis-content-inner\">\n\t\t\t\t\t\t\t<div class=\"qodef-sis-title-holder\">\n\t\t\t\t\t<h2 class=\"qodef-sis-title\">IONIC 911<\/h2>\n\t\t\t\t<\/div>\n\t\t\t\t\t\t\t\t\t<div class=\"qodef-sis-description-holder\">\n\t\t\t\t<h5 class=\"qodef-sis-description\">+ Antistati\u0137a efekts\n<\/br>\n+ \u016adens l\u012bdzsvara saglab\u0101\u0161ana\n<\/br>\n+ \u0160\u0137ipsnas izskat\u0101s t\u0101, it k\u0101 b\u016btu apstr\u0101d\u0101tas ar kondicionieri<\/h5>\n\t\t\t<\/div>\n\t\t\t\t\t\t\t\t\t\t<a itemprop=\"url\" href=\"https:\/\/fluarion.lv\/lv\/produkts\/fens-ionic-911\/\" target=\"_self\"  class=\"qodef-btn qodef-btn-small qodef-btn-outline qodef-sis-btn\"  >    <span class=\"qodef-btn-text\">Vair\u0101k<\/span>        <\/a>\t\t\t\t\t<\/div>\n\t<\/div>\n<\/div>\n\t\t<\/div>\n\t<\/div>\n<\/div><\/div>[\/vc_column][\/vc_row][vc_row equal_height=&#8221;yes&#8221; row_content_width=&#8221;grid&#8221; css=&#8221;.vc_custom_1682415792631{padding-top: 40px !important;padding-bottom: 40px !important;background-color: #111111 !important;}&#8221; simple_background_color=&#8221;#111111&#8243; el_class=&#8221;greybg&#8221;][vc_column width=&#8221;4\/6&#8243;][vc_column_text]<\/p>\n<div style=\"width: 640px;\" class=\"wp-video\"><!--[if lt IE 9]><script>document.createElement('video');<\/script><![endif]-->\n<video class=\"wp-video-shortcode\" id=\"video-10655-1\" width=\"640\" height=\"360\" autoplay=\"1\" preload=\"metadata\" controls=\"controls\"><source type=\"video\/mp4\" src=\"https:\/\/fluarion.lv\/wp-content\/uploads\/2024\/01\/Fluarion-video.mp4?_=1\" \/><a href=\"https:\/\/fluarion.lv\/wp-content\/uploads\/2024\/01\/Fluarion-video.mp4\">https:\/\/fluarion.lv\/wp-content\/uploads\/2024\/01\/Fluarion-video.mp4<\/a><\/video><\/div>\n<p>[\/vc_column_text][\/vc_column][vc_column width=&#8221;2\/6&#8243; el_class=&#8221;justify-center&#8221;]<div class=\"qodef-section-title-holder    qodef-st-text-available \" >\n\t<div class=\"qodef-st-inner\">\n\t\t\t\t\t<h2 class=\"qodef-st-title\" style=\"color: #ffffff\">\n\t\t\t\tPar mums\t\t\t<\/h2>\n\t\t\t\t<div class=\"qodef-st-text-holder clearfix\" style=\"color: #ffffff\">\n\t\t\t\t\t\t\t\t\t\t<p class=\"qodef-st-text\" >\n\t\t\t\t\tFLUARION - t\u0101s ir jaun\u0101k\u0101s tehnolo\u0123ijas un augst\u0101k\u0101 kvalit\u0101te. Cie\u0161i sadarbojoties ar pasaules l\u012bme\u0146a matu kop\u0161anas speci\u0101listiem, Fluarion pied\u0101v\u0101 inovat\u012bvas tehnolo\u0123ijas, kuras nodro\u0161ina maksim\u0101lu matu kop\u0161anu gan m\u0101jas apst\u0101k\u013cos, gan profesion\u0101\u013cu rok\u0101s. Var dro\u0161i apgalvot, ka m\u016bsu sortiment\u0101 ir tikai r\u016bp\u012bgi izv\u0113l\u0113tas jaun\u0101k\u0101s tehnolo\u0123ijas, kuras pal\u012bdz\u0113s jums r\u016bp\u0113ties par j\u016bsu matu skaistumu un vesel\u012bbu. Pat p\u0113c Fluarion izmanto\u0161anas m\u0101jas apst\u0101k\u013cos j\u016bsu mati izskat\u012bsies k\u0101 p\u0113c skaistumkop\u0161anas salona apmekl\u0113juma. Ofici\u0101lais tirdzniec\u012bbas p\u0101rst\u0101vis Lietuv\u0101, Latvij\u0101, Igaunij\u0101.\t\t\t\t<\/p>\n\t\t\t\t\t<\/div>\n\t\t\t<\/div>\n<\/div><a itemprop=\"url\" href=\"https:\/\/fluarion.lv\/lv\/par-mums\/\" target=\"_self\" style=\"color: #ffffff;border-color: #ffffff\" class=\"qodef-btn qodef-btn-medium qodef-btn-outline qodef-btn-custom-hover-bg qodef-btn-custom-border-hover qodef-btn-custom-hover-color\" data-hover-color=\"#111111\" data-hover-bg-color=\"#ffffff\" data-hover-border-color=\"#ffffff\" >\n    <span class=\"qodef-btn-text\">Vair\u0101k<\/span>\n        <\/a>[\/vc_column][\/vc_row]<\/p>\n","protected":false},"excerpt":{"rendered":"<p>[vc_row css=&#8221;.vc_custom_1521633281114{margin-right: 150px !important;padding-right: 150px !important;}&#8221;][vc_column offset=&#8221;vc_col-lg-12 vc_col-md-12&#8243;][rev_slider_vc alias=&#8221;pagrindinis-slider-1&#8243; enable_paspartu=&#8221;no&#8221;][\/vc_column][\/vc_row][vc_row row_content_width=&#8221;grid&#8221; content_text_aligment=&#8221;center&#8221; anchor=&#8221;produktai&#8221;][vc_column][\/vc_column][\/vc_row][vc_row equal_height=&#8221;yes&#8221;][vc_column css=&#8221;.vc_custom_1522923714126{padding-top: 0px !important;padding-bottom: 0px !important;}&#8221; offset=&#8221;vc_col-lg-offset-0 vc_col-lg-12 vc_col-md-offset-0 vc_col-md-12 vc_col-sm-offset-0&#8243;][\/vc_column][\/vc_row][vc_row equal_height=&#8221;yes&#8221; row_content_width=&#8221;grid&#8221; css=&#8221;.vc_custom_1682415792631{padding-top: 40px !important;padding-bottom: 40px !important;background-color: #111111 !important;}&#8221; simple_background_color=&#8221;#111111&#8243; el_class=&#8221;greybg&#8221;][vc_column width=&#8221;4\/6&#8243;][vc_column_text] [\/vc_column_text][\/vc_column][vc_column width=&#8221;2\/6&#8243; el_class=&#8221;justify-center&#8221;][\/vc_column][\/vc_row]<\/p>\n","protected":false},"author":1,"featured_media":0,"parent":0,"menu_order":0,"comment_status":"closed","ping_status":"closed","template":"full-width.php","meta":{"inline_featured_image":false,"footnotes":""},"class_list":["post-10439","page","type-page","status-publish","hentry"],"yoast_head":"<!-- This site is optimized with the Yoast SEO plugin v19.14 - https:\/\/yoast.com\/wordpress\/plugins\/seo\/ -->\n<title>S\u0101kums - Fluarion<\/title>\n<meta name=\"robots\" content=\"noindex, follow, max-snippet:-1, max-image-preview:large, max-video-preview:-1\" \/>\n<meta property=\"og:locale\" content=\"lv_LV\" \/>\n<meta property=\"og:type\" content=\"article\" \/>\n<meta property=\"og:title\" content=\"S\u0101kums - Fluarion\" \/>\n<meta property=\"og:description\" content=\"[vc_row css=&#8221;.vc_custom_1521633281114{margin-right: 150px !important;padding-right: 150px !important;}&#8221;][vc_column offset=&#8221;vc_col-lg-12 vc_col-md-12&#8243;][rev_slider_vc alias=&#8221;pagrindinis-slider-1&#8243; enable_paspartu=&#8221;no&#8221;][\/vc_column][\/vc_row][vc_row row_content_width=&#8221;grid&#8221; content_text_aligment=&#8221;center&#8221; anchor=&#8221;produktai&#8221;][vc_column][\/vc_column][\/vc_row][vc_row equal_height=&#8221;yes&#8221;][vc_column css=&#8221;.vc_custom_1522923714126{padding-top: 0px !important;padding-bottom: 0px !important;}&#8221; offset=&#8221;vc_col-lg-offset-0 vc_col-lg-12 vc_col-md-offset-0 vc_col-md-12 vc_col-sm-offset-0&#8243;][\/vc_column][\/vc_row][vc_row equal_height=&#8221;yes&#8221; row_content_width=&#8221;grid&#8221; css=&#8221;.vc_custom_1682415792631{padding-top: 40px !important;padding-bottom: 40px !important;background-color: #111111 !important;}&#8221; simple_background_color=&#8221;#111111&#8243; el_class=&#8221;greybg&#8221;][vc_column width=&#8221;4\/6&#8243;][vc_column_text] [\/vc_column_text][\/vc_column][vc_column width=&#8221;2\/6&#8243; el_class=&#8221;justify-center&#8221;][\/vc_column][\/vc_row]\" \/>\n<meta property=\"og:url\" content=\"https:\/\/fluarion.lv\/lv\/\" \/>\n<meta property=\"og:site_name\" content=\"Fluarion\" \/>\n<meta property=\"article:modified_time\" content=\"2024-01-23T13:52:21+00:00\" \/>\n<meta name=\"twitter:card\" content=\"summary_large_image\" \/>\n<meta name=\"twitter:label1\" content=\"Est. reading time\" \/>\n\t<meta name=\"twitter:data1\" content=\"2 minutes\" \/>\n<script type=\"application\/ld+json\" class=\"yoast-schema-graph\">{\"@context\":\"https:\/\/schema.org\",\"@graph\":[{\"@type\":\"WebPage\",\"@id\":\"https:\/\/fluarion.lv\/lv\/\",\"url\":\"https:\/\/fluarion.lv\/lv\/\",\"name\":\"S\u0101kums - Fluarion\",\"isPartOf\":{\"@id\":\"https:\/\/fluarion.lv\/lv\/#website\"},\"datePublished\":\"2018-03-02T13:34:27+00:00\",\"dateModified\":\"2024-01-23T13:52:21+00:00\",\"breadcrumb\":{\"@id\":\"https:\/\/fluarion.lv\/lv\/#breadcrumb\"},\"inLanguage\":\"lv-LV\",\"potentialAction\":[{\"@type\":\"ReadAction\",\"target\":[\"https:\/\/fluarion.lv\/lv\/\"]}]},{\"@type\":\"BreadcrumbList\",\"@id\":\"https:\/\/fluarion.lv\/lv\/#breadcrumb\",\"itemListElement\":[{\"@type\":\"ListItem\",\"position\":1,\"name\":\"Pradinis\",\"item\":\"https:\/\/fluarion.lv\/lv\/\"},{\"@type\":\"ListItem\",\"position\":2,\"name\":\"S\u0101kums\"}]},{\"@type\":\"WebSite\",\"@id\":\"https:\/\/fluarion.lv\/lv\/#website\",\"url\":\"https:\/\/fluarion.lv\/lv\/\",\"name\":\"Fluarion\",\"description\":\"Gro\u017eio prek\u0117s\",\"publisher\":{\"@id\":\"https:\/\/fluarion.lv\/lv\/#organization\"},\"potentialAction\":[{\"@type\":\"SearchAction\",\"target\":{\"@type\":\"EntryPoint\",\"urlTemplate\":\"https:\/\/fluarion.lv\/lv\/?s={search_term_string}\"},\"query-input\":\"required name=search_term_string\"}],\"inLanguage\":\"lv-LV\"},{\"@type\":\"Organization\",\"@id\":\"https:\/\/fluarion.lv\/lv\/#organization\",\"name\":\"Fluarion\",\"url\":\"https:\/\/fluarion.lv\/lv\/\",\"logo\":{\"@type\":\"ImageObject\",\"inLanguage\":\"lv-LV\",\"@id\":\"https:\/\/fluarion.lv\/lv\/#\/schema\/logo\/image\/\",\"url\":\"https:\/\/fluarion001.elephento.lt\/wp-content\/uploads\/2022\/11\/Fluarion-juodas.svg\",\"contentUrl\":\"https:\/\/fluarion001.elephento.lt\/wp-content\/uploads\/2022\/11\/Fluarion-juodas.svg\",\"width\":192,\"height\":42,\"caption\":\"Fluarion\"},\"image\":{\"@id\":\"https:\/\/fluarion.lv\/lv\/#\/schema\/logo\/image\/\"}}]}<\/script>\n<!-- \/ Yoast SEO plugin. -->","yoast_head_json":{"title":"S\u0101kums - Fluarion","robots":{"index":"noindex","follow":"follow","max-snippet":"max-snippet:-1","max-image-preview":"max-image-preview:large","max-video-preview":"max-video-preview:-1"},"og_locale":"lv_LV","og_type":"article","og_title":"S\u0101kums - Fluarion","og_description":"[vc_row css=&#8221;.vc_custom_1521633281114{margin-right: 150px !important;padding-right: 150px !important;}&#8221;][vc_column offset=&#8221;vc_col-lg-12 vc_col-md-12&#8243;][rev_slider_vc alias=&#8221;pagrindinis-slider-1&#8243; enable_paspartu=&#8221;no&#8221;][\/vc_column][\/vc_row][vc_row row_content_width=&#8221;grid&#8221; content_text_aligment=&#8221;center&#8221; anchor=&#8221;produktai&#8221;][vc_column][\/vc_column][\/vc_row][vc_row equal_height=&#8221;yes&#8221;][vc_column css=&#8221;.vc_custom_1522923714126{padding-top: 0px !important;padding-bottom: 0px !important;}&#8221; offset=&#8221;vc_col-lg-offset-0 vc_col-lg-12 vc_col-md-offset-0 vc_col-md-12 vc_col-sm-offset-0&#8243;][\/vc_column][\/vc_row][vc_row equal_height=&#8221;yes&#8221; row_content_width=&#8221;grid&#8221; css=&#8221;.vc_custom_1682415792631{padding-top: 40px !important;padding-bottom: 40px !important;background-color: #111111 !important;}&#8221; simple_background_color=&#8221;#111111&#8243; el_class=&#8221;greybg&#8221;][vc_column width=&#8221;4\/6&#8243;][vc_column_text] [\/vc_column_text][\/vc_column][vc_column width=&#8221;2\/6&#8243; el_class=&#8221;justify-center&#8221;][\/vc_column][\/vc_row]","og_url":"https:\/\/fluarion.lv\/lv\/","og_site_name":"Fluarion","article_modified_time":"2024-01-23T13:52:21+00:00","twitter_card":"summary_large_image","twitter_misc":{"Est. reading time":"2 minutes"},"schema":{"@context":"https:\/\/schema.org","@graph":[{"@type":"WebPage","@id":"https:\/\/fluarion.lv\/lv\/","url":"https:\/\/fluarion.lv\/lv\/","name":"S\u0101kums - Fluarion","isPartOf":{"@id":"https:\/\/fluarion.lv\/lv\/#website"},"datePublished":"2018-03-02T13:34:27+00:00","dateModified":"2024-01-23T13:52:21+00:00","breadcrumb":{"@id":"https:\/\/fluarion.lv\/lv\/#breadcrumb"},"inLanguage":"lv-LV","potentialAction":[{"@type":"ReadAction","target":["https:\/\/fluarion.lv\/lv\/"]}]},{"@type":"BreadcrumbList","@id":"https:\/\/fluarion.lv\/lv\/#breadcrumb","itemListElement":[{"@type":"ListItem","position":1,"name":"Pradinis","item":"https:\/\/fluarion.lv\/lv\/"},{"@type":"ListItem","position":2,"name":"S\u0101kums"}]},{"@type":"WebSite","@id":"https:\/\/fluarion.lv\/lv\/#website","url":"https:\/\/fluarion.lv\/lv\/","name":"Fluarion","description":"Gro\u017eio prek\u0117s","publisher":{"@id":"https:\/\/fluarion.lv\/lv\/#organization"},"potentialAction":[{"@type":"SearchAction","target":{"@type":"EntryPoint","urlTemplate":"https:\/\/fluarion.lv\/lv\/?s={search_term_string}"},"query-input":"required name=search_term_string"}],"inLanguage":"lv-LV"},{"@type":"Organization","@id":"https:\/\/fluarion.lv\/lv\/#organization","name":"Fluarion","url":"https:\/\/fluarion.lv\/lv\/","logo":{"@type":"ImageObject","inLanguage":"lv-LV","@id":"https:\/\/fluarion.lv\/lv\/#\/schema\/logo\/image\/","url":"https:\/\/fluarion001.elephento.lt\/wp-content\/uploads\/2022\/11\/Fluarion-juodas.svg","contentUrl":"https:\/\/fluarion001.elephento.lt\/wp-content\/uploads\/2022\/11\/Fluarion-juodas.svg","width":192,"height":42,"caption":"Fluarion"},"image":{"@id":"https:\/\/fluarion.lv\/lv\/#\/schema\/logo\/image\/"}}]}},"_links":{"self":[{"href":"https:\/\/fluarion.lv\/lv\/wp-json\/wp\/v2\/pages\/10439","targetHints":{"allow":["GET"]}}],"collection":[{"href":"https:\/\/fluarion.lv\/lv\/wp-json\/wp\/v2\/pages"}],"about":[{"href":"https:\/\/fluarion.lv\/lv\/wp-json\/wp\/v2\/types\/page"}],"author":[{"embeddable":true,"href":"https:\/\/fluarion.lv\/lv\/wp-json\/wp\/v2\/users\/1"}],"replies":[{"embeddable":true,"href":"https:\/\/fluarion.lv\/lv\/wp-json\/wp\/v2\/comments?post=10439"}],"version-history":[{"count":14,"href":"https:\/\/fluarion.lv\/lv\/wp-json\/wp\/v2\/pages\/10439\/revisions"}],"predecessor-version":[{"id":11419,"href":"https:\/\/fluarion.lv\/lv\/wp-json\/wp\/v2\/pages\/10439\/revisions\/11419"}],"wp:attachment":[{"href":"https:\/\/fluarion.lv\/lv\/wp-json\/wp\/v2\/media?parent=10439"}],"curies":[{"name":"wp","href":"https:\/\/api.w.org\/{rel}","templated":true}]}}