{"id":10474,"date":"2018-03-16T11:59:13","date_gmt":"2018-03-16T09:59:13","guid":{"rendered":"https:\/\/fluarion.lv\/apie-mus\/"},"modified":"2023-10-19T11:13:27","modified_gmt":"2023-10-19T09:13:27","slug":"par-mums","status":"publish","type":"page","link":"https:\/\/fluarion.lv\/lv\/par-mums\/","title":{"rendered":"Par mums"},"content":{"rendered":"<p>[vc_row full_height=&#8221;yes&#8221; row_content_width=&#8221;grid&#8221; css=&#8221;.vc_custom_1682414738563{padding-top: 75px !important;}&#8221;][vc_column offset=&#8221;vc_col-lg-6&#8243;]<div class=\"qodef-elements-holder   qodef-one-column  qodef-responsive-mode-768 \" ><div class=\"qodef-eh-item    \"  data-item-class=\"qodef-eh-custom-2984\" data-1366-1600=\"0px 30px 0 21%\" data-1024-1366=\"0px 48px 0 10%\" data-768-1024=\"20px 20px 0 30px\" data-680-768=\"0 0 0 30px\" data-680=\"0 15px 0 15px\">\n\t<div class=\"qodef-eh-item-inner\">\n\t\t<div class=\"qodef-eh-item-content qodef-eh-custom-2984\" style=\"padding: 0 0 0 33%\">\n\t\t\t[vc_column_text el_class=&#8221;custom-font&#8221;]<\/p>\n<p style=\"font-size: 14px; text-align: left;\"><span style=\"color: #ffffff; font-size: 12px;\">FLUARION &#8211; t\u0101s ir jaun\u0101k\u0101s tehnolo\u0123ijas un augst\u0101k\u0101 kvalit\u0101te.<\/span><br \/>\n<span style=\"color: #ffffff; font-size: 12px;\">Cie\u0161i sadarbojoties ar pasaules l\u012bme\u0146a matu kop\u0161anas speci\u0101listiem, Fluarion pied\u0101v\u0101 inovat\u012bvas tehnolo\u0123ijas, kuras nodro\u0161ina maksim\u0101lu matu kop\u0161anu gan m\u0101jas apst\u0101k\u013cos, gan profesion\u0101\u013cu rok\u0101s.<\/span><br \/>\n<span style=\"color: #ffffff;\">Var dro\u0161i apgalvot, ka m\u016bsu sortiment\u0101 ir tikai r\u016bp\u012bgi izv\u0113l\u0113tas jaun\u0101k\u0101s tehnolo\u0123ijas, kuras pal\u012bdz\u0113s jums r\u016bp\u0113ties par j\u016bsu matu skaistumu un vesel\u012bbu. Pat p\u0113c Fluarion izmanto\u0161anas m\u0101jas apst\u0101k\u013cos j\u016bsu mati izskat\u012bsies k\u0101 p\u0113c skaistumkop\u0161anas salona apmekl\u0113juma.<\/span><br \/>\n<span style=\"color: #ffffff; font-size: 12px;\">Ofici\u0101lais tirdzniec\u012bbas p\u0101rst\u0101vis Lietuv\u0101, Latvij\u0101, Igaunij\u0101.<\/span><\/p>\n<p>[\/vc_column_text]\t\t<\/div>\n\t<\/div>\n<\/div><\/div>[\/vc_column][vc_column offset=&#8221;vc_col-lg-6&#8243;][vc_single_image image=&#8221;10389&#8243; img_size=&#8221;full&#8221;][\/vc_column][\/vc_row][vc_row full_height=&#8221;yes&#8221; disable_element=&#8221;yes&#8221; row_content_width=&#8221;grid&#8221; css=&#8221;.vc_custom_1697706805328{padding-top: 105px !important;padding-bottom: 140px !important;}&#8221;][vc_column]<div class=\"qodef-top-reviews-carousel-holder\">\n    <\/div>[\/vc_column][\/vc_row]<\/p>\n","protected":false},"excerpt":{"rendered":"<p>[vc_row full_height=&#8221;yes&#8221; row_content_width=&#8221;grid&#8221; css=&#8221;.vc_custom_1682414738563{padding-top: 75px !important;}&#8221;][vc_column offset=&#8221;vc_col-lg-6&#8243;][\/vc_column][vc_column offset=&#8221;vc_col-lg-6&#8243;][vc_single_image image=&#8221;10389&#8243; img_size=&#8221;full&#8221;][\/vc_column][\/vc_row][vc_row full_height=&#8221;yes&#8221; disable_element=&#8221;yes&#8221; row_content_width=&#8221;grid&#8221; css=&#8221;.vc_custom_1697706805328{padding-top: 105px !important;padding-bottom: 140px !important;}&#8221;][vc_column][\/vc_column][\/vc_row]<\/p>\n","protected":false},"author":1,"featured_media":0,"parent":0,"menu_order":0,"comment_status":"closed","ping_status":"closed","template":"full-width.php","meta":{"inline_featured_image":false,"footnotes":""},"class_list":["post-10474","page","type-page","status-publish","hentry"],"yoast_head":"<!-- This site is optimized with the Yoast SEO plugin v19.14 - https:\/\/yoast.com\/wordpress\/plugins\/seo\/ -->\n<title>Par mums - Fluarion<\/title>\n<meta name=\"robots\" content=\"noindex, follow, max-snippet:-1, max-image-preview:large, max-video-preview:-1\" \/>\n<meta property=\"og:locale\" content=\"lv_LV\" \/>\n<meta property=\"og:type\" content=\"article\" \/>\n<meta property=\"og:title\" content=\"Par mums - Fluarion\" \/>\n<meta property=\"og:description\" content=\"[vc_row full_height=&#8221;yes&#8221; row_content_width=&#8221;grid&#8221; css=&#8221;.vc_custom_1682414738563{padding-top: 75px !important;}&#8221;][vc_column offset=&#8221;vc_col-lg-6&#8243;][\/vc_column][vc_column offset=&#8221;vc_col-lg-6&#8243;][vc_single_image image=&#8221;10389&#8243; img_size=&#8221;full&#8221;][\/vc_column][\/vc_row][vc_row full_height=&#8221;yes&#8221; disable_element=&#8221;yes&#8221; row_content_width=&#8221;grid&#8221; css=&#8221;.vc_custom_1697706805328{padding-top: 105px !important;padding-bottom: 140px !important;}&#8221;][vc_column][\/vc_column][\/vc_row]\" \/>\n<meta property=\"og:url\" content=\"https:\/\/fluarion.lv\/lv\/par-mums\/\" \/>\n<meta property=\"og:site_name\" content=\"Fluarion\" \/>\n<meta property=\"article:modified_time\" content=\"2023-10-19T09:13:27+00:00\" \/>\n<meta name=\"twitter:card\" content=\"summary_large_image\" \/>\n<meta name=\"twitter:label1\" content=\"Est. reading time\" \/>\n\t<meta name=\"twitter:data1\" content=\"1 minute\" \/>\n<script type=\"application\/ld+json\" class=\"yoast-schema-graph\">{\"@context\":\"https:\/\/schema.org\",\"@graph\":[{\"@type\":\"WebPage\",\"@id\":\"https:\/\/fluarion.lv\/lv\/par-mums\/\",\"url\":\"https:\/\/fluarion.lv\/lv\/par-mums\/\",\"name\":\"Par mums - Fluarion\",\"isPartOf\":{\"@id\":\"https:\/\/fluarion.lv\/lv\/#website\"},\"datePublished\":\"2018-03-16T09:59:13+00:00\",\"dateModified\":\"2023-10-19T09:13:27+00:00\",\"breadcrumb\":{\"@id\":\"https:\/\/fluarion.lv\/lv\/par-mums\/#breadcrumb\"},\"inLanguage\":\"lv-LV\",\"potentialAction\":[{\"@type\":\"ReadAction\",\"target\":[\"https:\/\/fluarion.lv\/lv\/par-mums\/\"]}]},{\"@type\":\"BreadcrumbList\",\"@id\":\"https:\/\/fluarion.lv\/lv\/par-mums\/#breadcrumb\",\"itemListElement\":[{\"@type\":\"ListItem\",\"position\":1,\"name\":\"Pradinis\",\"item\":\"https:\/\/fluarion.lv\/lv\/\"},{\"@type\":\"ListItem\",\"position\":2,\"name\":\"Par mums\"}]},{\"@type\":\"WebSite\",\"@id\":\"https:\/\/fluarion.lv\/lv\/#website\",\"url\":\"https:\/\/fluarion.lv\/lv\/\",\"name\":\"Fluarion\",\"description\":\"Gro\u017eio prek\u0117s\",\"publisher\":{\"@id\":\"https:\/\/fluarion.lv\/lv\/#organization\"},\"potentialAction\":[{\"@type\":\"SearchAction\",\"target\":{\"@type\":\"EntryPoint\",\"urlTemplate\":\"https:\/\/fluarion.lv\/lv\/?s={search_term_string}\"},\"query-input\":\"required name=search_term_string\"}],\"inLanguage\":\"lv-LV\"},{\"@type\":\"Organization\",\"@id\":\"https:\/\/fluarion.lv\/lv\/#organization\",\"name\":\"Fluarion\",\"url\":\"https:\/\/fluarion.lv\/lv\/\",\"logo\":{\"@type\":\"ImageObject\",\"inLanguage\":\"lv-LV\",\"@id\":\"https:\/\/fluarion.lv\/lv\/#\/schema\/logo\/image\/\",\"url\":\"https:\/\/fluarion001.elephento.lt\/wp-content\/uploads\/2022\/11\/Fluarion-juodas.svg\",\"contentUrl\":\"https:\/\/fluarion001.elephento.lt\/wp-content\/uploads\/2022\/11\/Fluarion-juodas.svg\",\"width\":192,\"height\":42,\"caption\":\"Fluarion\"},\"image\":{\"@id\":\"https:\/\/fluarion.lv\/lv\/#\/schema\/logo\/image\/\"}}]}<\/script>\n<!-- \/ Yoast SEO plugin. -->","yoast_head_json":{"title":"Par mums - Fluarion","robots":{"index":"noindex","follow":"follow","max-snippet":"max-snippet:-1","max-image-preview":"max-image-preview:large","max-video-preview":"max-video-preview:-1"},"og_locale":"lv_LV","og_type":"article","og_title":"Par mums - Fluarion","og_description":"[vc_row full_height=&#8221;yes&#8221; row_content_width=&#8221;grid&#8221; css=&#8221;.vc_custom_1682414738563{padding-top: 75px !important;}&#8221;][vc_column offset=&#8221;vc_col-lg-6&#8243;][\/vc_column][vc_column offset=&#8221;vc_col-lg-6&#8243;][vc_single_image image=&#8221;10389&#8243; img_size=&#8221;full&#8221;][\/vc_column][\/vc_row][vc_row full_height=&#8221;yes&#8221; disable_element=&#8221;yes&#8221; row_content_width=&#8221;grid&#8221; css=&#8221;.vc_custom_1697706805328{padding-top: 105px !important;padding-bottom: 140px !important;}&#8221;][vc_column][\/vc_column][\/vc_row]","og_url":"https:\/\/fluarion.lv\/lv\/par-mums\/","og_site_name":"Fluarion","article_modified_time":"2023-10-19T09:13:27+00:00","twitter_card":"summary_large_image","twitter_misc":{"Est. reading time":"1 minute"},"schema":{"@context":"https:\/\/schema.org","@graph":[{"@type":"WebPage","@id":"https:\/\/fluarion.lv\/lv\/par-mums\/","url":"https:\/\/fluarion.lv\/lv\/par-mums\/","name":"Par mums - Fluarion","isPartOf":{"@id":"https:\/\/fluarion.lv\/lv\/#website"},"datePublished":"2018-03-16T09:59:13+00:00","dateModified":"2023-10-19T09:13:27+00:00","breadcrumb":{"@id":"https:\/\/fluarion.lv\/lv\/par-mums\/#breadcrumb"},"inLanguage":"lv-LV","potentialAction":[{"@type":"ReadAction","target":["https:\/\/fluarion.lv\/lv\/par-mums\/"]}]},{"@type":"BreadcrumbList","@id":"https:\/\/fluarion.lv\/lv\/par-mums\/#breadcrumb","itemListElement":[{"@type":"ListItem","position":1,"name":"Pradinis","item":"https:\/\/fluarion.lv\/lv\/"},{"@type":"ListItem","position":2,"name":"Par mums"}]},{"@type":"WebSite","@id":"https:\/\/fluarion.lv\/lv\/#website","url":"https:\/\/fluarion.lv\/lv\/","name":"Fluarion","description":"Gro\u017eio prek\u0117s","publisher":{"@id":"https:\/\/fluarion.lv\/lv\/#organization"},"potentialAction":[{"@type":"SearchAction","target":{"@type":"EntryPoint","urlTemplate":"https:\/\/fluarion.lv\/lv\/?s={search_term_string}"},"query-input":"required name=search_term_string"}],"inLanguage":"lv-LV"},{"@type":"Organization","@id":"https:\/\/fluarion.lv\/lv\/#organization","name":"Fluarion","url":"https:\/\/fluarion.lv\/lv\/","logo":{"@type":"ImageObject","inLanguage":"lv-LV","@id":"https:\/\/fluarion.lv\/lv\/#\/schema\/logo\/image\/","url":"https:\/\/fluarion001.elephento.lt\/wp-content\/uploads\/2022\/11\/Fluarion-juodas.svg","contentUrl":"https:\/\/fluarion001.elephento.lt\/wp-content\/uploads\/2022\/11\/Fluarion-juodas.svg","width":192,"height":42,"caption":"Fluarion"},"image":{"@id":"https:\/\/fluarion.lv\/lv\/#\/schema\/logo\/image\/"}}]}},"_links":{"self":[{"href":"https:\/\/fluarion.lv\/lv\/wp-json\/wp\/v2\/pages\/10474","targetHints":{"allow":["GET"]}}],"collection":[{"href":"https:\/\/fluarion.lv\/lv\/wp-json\/wp\/v2\/pages"}],"about":[{"href":"https:\/\/fluarion.lv\/lv\/wp-json\/wp\/v2\/types\/page"}],"author":[{"embeddable":true,"href":"https:\/\/fluarion.lv\/lv\/wp-json\/wp\/v2\/users\/1"}],"replies":[{"embeddable":true,"href":"https:\/\/fluarion.lv\/lv\/wp-json\/wp\/v2\/comments?post=10474"}],"version-history":[{"count":10,"href":"https:\/\/fluarion.lv\/lv\/wp-json\/wp\/v2\/pages\/10474\/revisions"}],"predecessor-version":[{"id":10960,"href":"https:\/\/fluarion.lv\/lv\/wp-json\/wp\/v2\/pages\/10474\/revisions\/10960"}],"wp:attachment":[{"href":"https:\/\/fluarion.lv\/lv\/wp-json\/wp\/v2\/media?parent=10474"}],"curies":[{"name":"wp","href":"https:\/\/api.w.org\/{rel}","templated":true}]}}