{"id":10655,"date":"2022-02-09T14:54:07","date_gmt":"2022-02-09T12:54:07","guid":{"rendered":"https:\/\/fluarion.lv\/produktas\/ionic-911-ultra-plauku-dziovintuvas\/"},"modified":"2023-07-29T15:41:52","modified_gmt":"2023-07-29T13:41:52","slug":"fens-ionic-911","status":"publish","type":"product","link":"https:\/\/fluarion.lv\/lv\/produkts\/fens-ionic-911\/","title":{"rendered":"Ultra viegls profesion\u0101lais matu f\u0113ns IONIC 911"},"content":{"rendered":"<p>F\u0113ns FLUARION IONIC 911 ar negat\u012bvu jonu \u0123eneratoru. FLUARION IONIC 911 \u2013 tas ir m\u016bsdien\u012bg\u0101kais, viegl\u0101kais un klus\u0101kais f\u0113ns tirg\u016b.<\/p>\n<p>\u0160is ir matu f\u0113ns ar 10 000 000 negat\u012bviem joniem, kas r\u016bp\u0113jas par j\u016bsu matiem. Mitriem matiem ir pozit\u012bvu jonu l\u0101di\u0146\u0161, bet f\u0113na izp\u016bst\u0101 gaisa pl\u016bsma ir pies\u0101tin\u0101ta ar negat\u012bviem joniem, tiek no\u0146emta statisk\u0101 elektr\u012bba, bet matiem atgrie\u017eas gludums, tie k\u013c\u016bst paklaus\u012bgi, izskat\u0101s biezi un vesel\u012bgi. Galven\u0101s f\u0113nu ar joniz\u0101ciju priek\u0161roc\u012bbas:<br \/>\n*Antistati\u0137a efekts<br \/>\n*\u016adens l\u012bdzsvara saglab\u0101\u0161ana<br \/>\n* \u0160\u0137ipsnas izskat\u0101s t\u0101, it k\u0101 b\u016btu apstr\u0101d\u0101tas ar kondicionieri<br \/>\n* Joniz\u0101cija var pal\u012bdz\u0113t paaugstin\u0101tas galvas \u0101das taukain\u012bbas probl\u0113mu gad\u012bjumos.<br \/>\nIONIC 911 &#8211; \u013coti \u0113rti lietojams. 3 p\u016b\u0161anas jaudas re\u017e\u012bmi un 3 karst\u0101 gaisa re\u017e\u012bmi + aukst\u0101 gaisa re\u017e\u012bms. Komplekt\u0101 ietilpst vair\u0101ki uzga\u013ci da\u017e\u0101du friz\u016bru veido\u0161anai. Garais vads un \u013coti mazais ier\u012bces svars padara to neparasti \u0113rtu bie\u017eai lieto\u0161anai. Filtra pa\u0161att\u012br\u012b\u0161an\u0101s sist\u0113ma ne tikai pal\u012bdz\u0113s ietaup\u012bt j\u016bsu laiku, bet ar\u012b pagarin\u0101s ier\u012bces kalpo\u0161anas laiku.<\/p>\n<p>IONIC 911 &#8211; \u0161is ir neaizvietojams pal\u012bgs gan profesion\u0101\u013cu ikdienas darb\u0101, gan person\u012bg\u0101s lieto\u0161anas nol\u016bkos.<\/p>\n","protected":false},"excerpt":{"rendered":"<p><strong>Visviegl\u0101kais un visklus\u0101kais profesion\u0101lais matu f\u0113ns ar negat\u012bvo jonu tehnolo\u0123iju.<\/strong><\/p>\n<p>+ \u013boti viegls \u2013 tikai 358 g.<br \/>\n+ \u013boti kluss.<br \/>\n+ L\u012bdz 10 000 apgriezieniem min\u016bt\u0113.<br \/>\n+ Negat\u012bvo jonu tehnolo\u0123ija pie\u0161\u0137ir matiem vesel\u012bg\u0101ku un mirdzo\u0161\u0101ku izskatu.<br \/>\n+ 3 gaisa padeves jaudas re\u017e\u012bmi.<br \/>\n+ 3 temperat\u016bras re\u017e\u012bmi + aukstais gaiss.<br \/>\n+ 3,3 metrus gar\u0161 vads, kur\u0161 br\u012bvi grie\u017eas ap savu asi 360 gr\u0101dos.<br \/>\n+ Autom\u0101tisk\u0101 pa\u0161att\u012br\u012b\u0161an\u0101s sist\u0113ma.<br \/>\n+ &#8220;Gudr\u0101&#8221; aizsardz\u012bba pret matu p\u0101rkar\u0161anu.<br \/>\n+ Komplekt\u0101 ir 4 uzga\u013ci, ieskaitot difuzoru un uzgali matu loko\u0161anai.<br \/>\n+ Piem\u0113rots profesion\u0101lai lieto\u0161anai.<\/p>\n","protected":false},"featured_media":11158,"template":"","meta":{"inline_featured_image":false},"product_cat":[255,253],"product_tag":[],"class_list":["post-10655","product","type-product","status-publish","has-post-thumbnail","hentry","product_cat-visi-produkti","product_cat-zavetaji"],"yoast_head":"<!-- This site is optimized with the Yoast SEO plugin v19.14 - https:\/\/yoast.com\/wordpress\/plugins\/seo\/ -->\n<title>Ultra viegls profesion\u0101lais matu f\u0113ns IONIC 911 - Fluarion<\/title>\n<meta name=\"robots\" content=\"noindex, follow, max-snippet:-1, max-image-preview:large, max-video-preview:-1\" \/>\n<meta property=\"og:locale\" content=\"lv_LV\" \/>\n<meta property=\"og:type\" content=\"article\" \/>\n<meta property=\"og:title\" content=\"Ultra viegls profesion\u0101lais matu f\u0113ns IONIC 911 - Fluarion\" \/>\n<meta property=\"og:description\" content=\"Visviegl\u0101kais un visklus\u0101kais profesion\u0101lais matu f\u0113ns ar negat\u012bvo jonu tehnolo\u0123iju.  + \u013boti viegls \u2013 tikai 358 g. + \u013boti kluss. + L\u012bdz 10 000 apgriezieniem min\u016bt\u0113. + Negat\u012bvo jonu tehnolo\u0123ija pie\u0161\u0137ir matiem vesel\u012bg\u0101ku un mirdzo\u0161\u0101ku izskatu. + 3 gaisa padeves jaudas re\u017e\u012bmi. + 3 temperat\u016bras re\u017e\u012bmi + aukstais gaiss. + 3,3 metrus gar\u0161 vads, kur\u0161 br\u012bvi grie\u017eas ap savu asi 360 gr\u0101dos. + Autom\u0101tisk\u0101 pa\u0161att\u012br\u012b\u0161an\u0101s sist\u0113ma. + &quot;Gudr\u0101&quot; aizsardz\u012bba pret matu p\u0101rkar\u0161anu. + Komplekt\u0101 ir 4 uzga\u013ci, ieskaitot difuzoru un uzgali matu loko\u0161anai. + Piem\u0113rots profesion\u0101lai lieto\u0161anai.\" \/>\n<meta property=\"og:url\" content=\"https:\/\/fluarion.lv\/lv\/produkts\/fens-ionic-911\/\" \/>\n<meta property=\"og:site_name\" content=\"Fluarion\" \/>\n<meta property=\"article:modified_time\" content=\"2023-07-29T13:41:52+00:00\" \/>\n<meta property=\"og:image\" content=\"https:\/\/fluarion.lv\/wp-content\/uploads\/2022\/02\/911-scaled.jpeg\" \/>\n\t<meta property=\"og:image:width\" content=\"1920\" \/>\n\t<meta property=\"og:image:height\" content=\"2560\" \/>\n\t<meta property=\"og:image:type\" content=\"image\/jpeg\" \/>\n<meta name=\"twitter:card\" content=\"summary_large_image\" \/>\n<meta name=\"twitter:label1\" content=\"Est. reading time\" \/>\n\t<meta name=\"twitter:data1\" content=\"1 minute\" \/>\n<script type=\"application\/ld+json\" class=\"yoast-schema-graph\">{\"@context\":\"https:\/\/schema.org\",\"@graph\":[{\"@type\":\"WebPage\",\"@id\":\"https:\/\/fluarion.lv\/lv\/produkts\/fens-ionic-911\/\",\"url\":\"https:\/\/fluarion.lv\/lv\/produkts\/fens-ionic-911\/\",\"name\":\"Ultra viegls profesion\u0101lais matu f\u0113ns IONIC 911 - Fluarion\",\"isPartOf\":{\"@id\":\"https:\/\/fluarion.lv\/lv\/#website\"},\"datePublished\":\"2022-02-09T12:54:07+00:00\",\"dateModified\":\"2023-07-29T13:41:52+00:00\",\"breadcrumb\":{\"@id\":\"https:\/\/fluarion.lv\/lv\/produkts\/fens-ionic-911\/#breadcrumb\"},\"inLanguage\":\"lv-LV\",\"potentialAction\":[{\"@type\":\"ReadAction\",\"target\":[\"https:\/\/fluarion.lv\/lv\/produkts\/fens-ionic-911\/\"]}]},{\"@type\":\"BreadcrumbList\",\"@id\":\"https:\/\/fluarion.lv\/lv\/produkts\/fens-ionic-911\/#breadcrumb\",\"itemListElement\":[{\"@type\":\"ListItem\",\"position\":1,\"name\":\"Pradinis\",\"item\":\"https:\/\/fluarion.lv\/lv\/\"},{\"@type\":\"ListItem\",\"position\":2,\"name\":\"Produkti\",\"item\":\"https:\/\/fluarion.lv\/lv\/shop\/\"},{\"@type\":\"ListItem\",\"position\":3,\"name\":\"Ultra viegls profesion\u0101lais matu f\u0113ns IONIC 911\"}]},{\"@type\":\"WebSite\",\"@id\":\"https:\/\/fluarion.lv\/lv\/#website\",\"url\":\"https:\/\/fluarion.lv\/lv\/\",\"name\":\"Fluarion\",\"description\":\"Gro\u017eio prek\u0117s\",\"publisher\":{\"@id\":\"https:\/\/fluarion.lv\/lv\/#organization\"},\"potentialAction\":[{\"@type\":\"SearchAction\",\"target\":{\"@type\":\"EntryPoint\",\"urlTemplate\":\"https:\/\/fluarion.lv\/lv\/?s={search_term_string}\"},\"query-input\":\"required name=search_term_string\"}],\"inLanguage\":\"lv-LV\"},{\"@type\":\"Organization\",\"@id\":\"https:\/\/fluarion.lv\/lv\/#organization\",\"name\":\"Fluarion\",\"url\":\"https:\/\/fluarion.lv\/lv\/\",\"logo\":{\"@type\":\"ImageObject\",\"inLanguage\":\"lv-LV\",\"@id\":\"https:\/\/fluarion.lv\/lv\/#\/schema\/logo\/image\/\",\"url\":\"https:\/\/fluarion001.elephento.lt\/wp-content\/uploads\/2022\/11\/Fluarion-juodas.svg\",\"contentUrl\":\"https:\/\/fluarion001.elephento.lt\/wp-content\/uploads\/2022\/11\/Fluarion-juodas.svg\",\"width\":192,\"height\":42,\"caption\":\"Fluarion\"},\"image\":{\"@id\":\"https:\/\/fluarion.lv\/lv\/#\/schema\/logo\/image\/\"}}]}<\/script>\n<!-- \/ Yoast SEO plugin. -->","yoast_head_json":{"title":"Ultra viegls profesion\u0101lais matu f\u0113ns IONIC 911 - Fluarion","robots":{"index":"noindex","follow":"follow","max-snippet":"max-snippet:-1","max-image-preview":"max-image-preview:large","max-video-preview":"max-video-preview:-1"},"og_locale":"lv_LV","og_type":"article","og_title":"Ultra viegls profesion\u0101lais matu f\u0113ns IONIC 911 - Fluarion","og_description":"Visviegl\u0101kais un visklus\u0101kais profesion\u0101lais matu f\u0113ns ar negat\u012bvo jonu tehnolo\u0123iju.  + \u013boti viegls \u2013 tikai 358 g. + \u013boti kluss. + L\u012bdz 10 000 apgriezieniem min\u016bt\u0113. + Negat\u012bvo jonu tehnolo\u0123ija pie\u0161\u0137ir matiem vesel\u012bg\u0101ku un mirdzo\u0161\u0101ku izskatu. + 3 gaisa padeves jaudas re\u017e\u012bmi. + 3 temperat\u016bras re\u017e\u012bmi + aukstais gaiss. + 3,3 metrus gar\u0161 vads, kur\u0161 br\u012bvi grie\u017eas ap savu asi 360 gr\u0101dos. + Autom\u0101tisk\u0101 pa\u0161att\u012br\u012b\u0161an\u0101s sist\u0113ma. + \"Gudr\u0101\" aizsardz\u012bba pret matu p\u0101rkar\u0161anu. + Komplekt\u0101 ir 4 uzga\u013ci, ieskaitot difuzoru un uzgali matu loko\u0161anai. + Piem\u0113rots profesion\u0101lai lieto\u0161anai.","og_url":"https:\/\/fluarion.lv\/lv\/produkts\/fens-ionic-911\/","og_site_name":"Fluarion","article_modified_time":"2023-07-29T13:41:52+00:00","og_image":[{"width":1920,"height":2560,"url":"https:\/\/fluarion.lv\/wp-content\/uploads\/2022\/02\/911-scaled.jpeg","type":"image\/jpeg"}],"twitter_card":"summary_large_image","twitter_misc":{"Est. reading time":"1 minute"},"schema":{"@context":"https:\/\/schema.org","@graph":[{"@type":"WebPage","@id":"https:\/\/fluarion.lv\/lv\/produkts\/fens-ionic-911\/","url":"https:\/\/fluarion.lv\/lv\/produkts\/fens-ionic-911\/","name":"Ultra viegls profesion\u0101lais matu f\u0113ns IONIC 911 - Fluarion","isPartOf":{"@id":"https:\/\/fluarion.lv\/lv\/#website"},"datePublished":"2022-02-09T12:54:07+00:00","dateModified":"2023-07-29T13:41:52+00:00","breadcrumb":{"@id":"https:\/\/fluarion.lv\/lv\/produkts\/fens-ionic-911\/#breadcrumb"},"inLanguage":"lv-LV","potentialAction":[{"@type":"ReadAction","target":["https:\/\/fluarion.lv\/lv\/produkts\/fens-ionic-911\/"]}]},{"@type":"BreadcrumbList","@id":"https:\/\/fluarion.lv\/lv\/produkts\/fens-ionic-911\/#breadcrumb","itemListElement":[{"@type":"ListItem","position":1,"name":"Pradinis","item":"https:\/\/fluarion.lv\/lv\/"},{"@type":"ListItem","position":2,"name":"Produkti","item":"https:\/\/fluarion.lv\/lv\/shop\/"},{"@type":"ListItem","position":3,"name":"Ultra viegls profesion\u0101lais matu f\u0113ns IONIC 911"}]},{"@type":"WebSite","@id":"https:\/\/fluarion.lv\/lv\/#website","url":"https:\/\/fluarion.lv\/lv\/","name":"Fluarion","description":"Gro\u017eio prek\u0117s","publisher":{"@id":"https:\/\/fluarion.lv\/lv\/#organization"},"potentialAction":[{"@type":"SearchAction","target":{"@type":"EntryPoint","urlTemplate":"https:\/\/fluarion.lv\/lv\/?s={search_term_string}"},"query-input":"required name=search_term_string"}],"inLanguage":"lv-LV"},{"@type":"Organization","@id":"https:\/\/fluarion.lv\/lv\/#organization","name":"Fluarion","url":"https:\/\/fluarion.lv\/lv\/","logo":{"@type":"ImageObject","inLanguage":"lv-LV","@id":"https:\/\/fluarion.lv\/lv\/#\/schema\/logo\/image\/","url":"https:\/\/fluarion001.elephento.lt\/wp-content\/uploads\/2022\/11\/Fluarion-juodas.svg","contentUrl":"https:\/\/fluarion001.elephento.lt\/wp-content\/uploads\/2022\/11\/Fluarion-juodas.svg","width":192,"height":42,"caption":"Fluarion"},"image":{"@id":"https:\/\/fluarion.lv\/lv\/#\/schema\/logo\/image\/"}}]}},"_links":{"self":[{"href":"https:\/\/fluarion.lv\/lv\/wp-json\/wp\/v2\/product\/10655","targetHints":{"allow":["GET"]}}],"collection":[{"href":"https:\/\/fluarion.lv\/lv\/wp-json\/wp\/v2\/product"}],"about":[{"href":"https:\/\/fluarion.lv\/lv\/wp-json\/wp\/v2\/types\/product"}],"wp:featuredmedia":[{"embeddable":true,"href":"https:\/\/fluarion.lv\/lv\/wp-json\/wp\/v2\/media\/11158"}],"wp:attachment":[{"href":"https:\/\/fluarion.lv\/lv\/wp-json\/wp\/v2\/media?parent=10655"}],"wp:term":[{"taxonomy":"product_cat","embeddable":true,"href":"https:\/\/fluarion.lv\/lv\/wp-json\/wp\/v2\/product_cat?post=10655"},{"taxonomy":"product_tag","embeddable":true,"href":"https:\/\/fluarion.lv\/lv\/wp-json\/wp\/v2\/product_tag?post=10655"}],"curies":[{"name":"wp","href":"https:\/\/api.w.org\/{rel}","templated":true}]}}