{"id":10708,"date":"2022-11-21T23:44:49","date_gmt":"2022-11-21T21:44:49","guid":{"rendered":"https:\/\/fluarion.lv\/?post_type=product&#038;p=10708"},"modified":"2023-12-10T22:36:12","modified_gmt":"2023-12-10T20:36:12","slug":"cordless-2in1-balta-2","status":"publish","type":"product","link":"https:\/\/fluarion.lv\/lv\/produkts\/cordless-2in1-balta-2\/","title":{"rendered":"Bezvadu matu taisnot\u0101js Fluarion Freedom"},"content":{"rendered":"<p>FLUARION <em>Freedom<\/em> bezvadu matu taisnot\u0101js ar \u013coti jaud\u012bgu akumulatoru, kur\u0161 pal\u012bdz\u0113s ne tikai iztaisnot matus, bet ar\u012b viegli izveidot lokas un rad\u012bt v\u0113lamo friz\u016bru.<\/p>\n<p>+ 2 funkcijas 1<br \/>\n+ bezvadu<br \/>\n+ jaud\u012bgs akumulators<\/p>\n<p>FLUARION <em>Freedom<\/em> ir neaizvietojams pal\u012bgs katrai aiz\u0146emtai sievietei, kura nov\u0113rt\u0113 \u0113rtumu un praktiskumu. Aizmirstiet par trauc\u0113jo\u0161o vadu. \u00a0Izsmalcin\u0101ts dizains, fiks\u0101cijas sl\u0113dzis un vieglais svars nepiedos papildus svaru j\u016bsu rokassomai vai ce\u013cojumu koferim, k\u0101 ar\u012b neaiz\u0146ems daudz vietas, jo matu taisnot\u0101jam nav vada. Tas tika izveidots t\u0101, lai vienm\u0113r un visur b\u016btu pa rokai, un jebkur\u0101 situ\u0101cij\u0101 \u0101tri un viegli pal\u012bdz\u0113s izveidot savu m\u012b\u013c\u0101ko friz\u016bru. LCD ekr\u0101ns pal\u012bdz\u0113s sekot l\u012bdzi temperat\u016brai, kuru var regul\u0113t no 160 l\u012bdz 210 gr\u0101diem.<br \/>\nPieejamas 2 kr\u0101sas &#8211; balta un pel\u0113ka.<\/p>\n<p><iframe loading=\"lazy\" title=\"YouTube video player\" src=\"https:\/\/www.youtube.com\/embed\/1tb3wHcNPw4\" width=\"560\" height=\"315\" frameborder=\"0\" allowfullscreen=\"allowfullscreen\"><\/iframe><\/p>\n","protected":false},"excerpt":{"rendered":"<p>+ 8000 mAh akumulators.<br \/>\n+ Lielisks sl\u012bd\u0113\u0161anas efekts, pateicoties elast\u012bg\u0101m un ieliekt\u0101m pl\u0101ksn\u0113m.<br \/>\n+ Aizv\u0113rtas poz\u012bcijas nofiks\u0113\u0161anas funkcija.<br \/>\n+ Ergonomisks dizains &#8211; Fluarion <em>Freedom<\/em> ir \u0113rts ne tikai izmanto\u0161anas, bet ar\u012b p\u0101rn\u0113s\u0101\u0161anas laik\u0101.<br \/>\n+ LCD ekr\u0101ns ar 6 temperat\u016bras regul\u0113\u0161anas l\u012bme\u0146iem.<br \/>\n+ \u0112rta bezvadu izmanto\u0161ana gan m\u0101jas apst\u0101k\u013cos, gan ce\u013cojuma laik\u0101<\/p>\n<p>+ Komplekt\u0101 karstumiztur\u012bgs \u010dehols\/pakl\u0101ji\u0146\u0161<\/p>\n","protected":false},"featured_media":11168,"template":"","meta":{"inline_featured_image":false},"product_cat":[254,255],"product_tag":[],"class_list":["post-10708","product","type-product","status-publish","has-post-thumbnail","hentry","product_cat-taisnotaji","product_cat-visi-produkti"],"yoast_head":"<!-- This site is optimized with the Yoast SEO plugin v19.14 - https:\/\/yoast.com\/wordpress\/plugins\/seo\/ -->\n<title>Bezvadu matu taisnot\u0101js Fluarion Freedom - Fluarion<\/title>\n<meta name=\"robots\" content=\"noindex, follow, max-snippet:-1, max-image-preview:large, max-video-preview:-1\" \/>\n<meta property=\"og:locale\" content=\"lv_LV\" \/>\n<meta property=\"og:type\" content=\"article\" \/>\n<meta property=\"og:title\" content=\"Bezvadu matu taisnot\u0101js Fluarion Freedom - Fluarion\" \/>\n<meta property=\"og:description\" content=\"+ 8000 mAh akumulators. + Lielisks sl\u012bd\u0113\u0161anas efekts, pateicoties elast\u012bg\u0101m un ieliekt\u0101m pl\u0101ksn\u0113m. + Aizv\u0113rtas poz\u012bcijas nofiks\u0113\u0161anas funkcija. + Ergonomisks dizains - Fluarion Freedom ir \u0113rts ne tikai izmanto\u0161anas, bet ar\u012b p\u0101rn\u0113s\u0101\u0161anas laik\u0101. + LCD ekr\u0101ns ar 6 temperat\u016bras regul\u0113\u0161anas l\u012bme\u0146iem. + \u0112rta bezvadu izmanto\u0161ana gan m\u0101jas apst\u0101k\u013cos, gan ce\u013cojuma laik\u0101  + Komplekt\u0101 karstumiztur\u012bgs \u010dehols\/pakl\u0101ji\u0146\u0161\" \/>\n<meta property=\"og:url\" content=\"https:\/\/fluarion.lv\/lv\/produkts\/cordless-2in1-balta-2\/\" \/>\n<meta property=\"og:site_name\" content=\"Fluarion\" \/>\n<meta property=\"article:modified_time\" content=\"2023-12-10T20:36:12+00:00\" \/>\n<meta property=\"og:image\" content=\"https:\/\/fluarion.lv\/wp-content\/uploads\/2022\/11\/DSC03386-scaled.jpg\" \/>\n\t<meta property=\"og:image:width\" content=\"1734\" \/>\n\t<meta property=\"og:image:height\" content=\"2560\" \/>\n\t<meta property=\"og:image:type\" content=\"image\/jpeg\" \/>\n<meta name=\"twitter:card\" content=\"summary_large_image\" \/>\n<meta name=\"twitter:label1\" content=\"Est. reading time\" \/>\n\t<meta name=\"twitter:data1\" content=\"1 minute\" \/>\n<script type=\"application\/ld+json\" class=\"yoast-schema-graph\">{\"@context\":\"https:\/\/schema.org\",\"@graph\":[{\"@type\":\"WebPage\",\"@id\":\"https:\/\/fluarion.lv\/lv\/produkts\/cordless-2in1-balta-2\/\",\"url\":\"https:\/\/fluarion.lv\/lv\/produkts\/cordless-2in1-balta-2\/\",\"name\":\"Bezvadu matu taisnot\u0101js Fluarion Freedom - Fluarion\",\"isPartOf\":{\"@id\":\"https:\/\/fluarion.lv\/lv\/#website\"},\"datePublished\":\"2022-11-21T21:44:49+00:00\",\"dateModified\":\"2023-12-10T20:36:12+00:00\",\"breadcrumb\":{\"@id\":\"https:\/\/fluarion.lv\/lv\/produkts\/cordless-2in1-balta-2\/#breadcrumb\"},\"inLanguage\":\"lv-LV\",\"potentialAction\":[{\"@type\":\"ReadAction\",\"target\":[\"https:\/\/fluarion.lv\/lv\/produkts\/cordless-2in1-balta-2\/\"]}]},{\"@type\":\"BreadcrumbList\",\"@id\":\"https:\/\/fluarion.lv\/lv\/produkts\/cordless-2in1-balta-2\/#breadcrumb\",\"itemListElement\":[{\"@type\":\"ListItem\",\"position\":1,\"name\":\"Pradinis\",\"item\":\"https:\/\/fluarion.lv\/lv\/\"},{\"@type\":\"ListItem\",\"position\":2,\"name\":\"Produkti\",\"item\":\"https:\/\/fluarion.lv\/lv\/shop\/\"},{\"@type\":\"ListItem\",\"position\":3,\"name\":\"Bezvadu matu taisnot\u0101js Fluarion Freedom\"}]},{\"@type\":\"WebSite\",\"@id\":\"https:\/\/fluarion.lv\/lv\/#website\",\"url\":\"https:\/\/fluarion.lv\/lv\/\",\"name\":\"Fluarion\",\"description\":\"Gro\u017eio prek\u0117s\",\"publisher\":{\"@id\":\"https:\/\/fluarion.lv\/lv\/#organization\"},\"potentialAction\":[{\"@type\":\"SearchAction\",\"target\":{\"@type\":\"EntryPoint\",\"urlTemplate\":\"https:\/\/fluarion.lv\/lv\/?s={search_term_string}\"},\"query-input\":\"required name=search_term_string\"}],\"inLanguage\":\"lv-LV\"},{\"@type\":\"Organization\",\"@id\":\"https:\/\/fluarion.lv\/lv\/#organization\",\"name\":\"Fluarion\",\"url\":\"https:\/\/fluarion.lv\/lv\/\",\"logo\":{\"@type\":\"ImageObject\",\"inLanguage\":\"lv-LV\",\"@id\":\"https:\/\/fluarion.lv\/lv\/#\/schema\/logo\/image\/\",\"url\":\"https:\/\/fluarion001.elephento.lt\/wp-content\/uploads\/2022\/11\/Fluarion-juodas.svg\",\"contentUrl\":\"https:\/\/fluarion001.elephento.lt\/wp-content\/uploads\/2022\/11\/Fluarion-juodas.svg\",\"width\":192,\"height\":42,\"caption\":\"Fluarion\"},\"image\":{\"@id\":\"https:\/\/fluarion.lv\/lv\/#\/schema\/logo\/image\/\"}}]}<\/script>\n<!-- \/ Yoast SEO plugin. -->","yoast_head_json":{"title":"Bezvadu matu taisnot\u0101js Fluarion Freedom - Fluarion","robots":{"index":"noindex","follow":"follow","max-snippet":"max-snippet:-1","max-image-preview":"max-image-preview:large","max-video-preview":"max-video-preview:-1"},"og_locale":"lv_LV","og_type":"article","og_title":"Bezvadu matu taisnot\u0101js Fluarion Freedom - Fluarion","og_description":"+ 8000 mAh akumulators. + Lielisks sl\u012bd\u0113\u0161anas efekts, pateicoties elast\u012bg\u0101m un ieliekt\u0101m pl\u0101ksn\u0113m. + Aizv\u0113rtas poz\u012bcijas nofiks\u0113\u0161anas funkcija. + Ergonomisks dizains - Fluarion Freedom ir \u0113rts ne tikai izmanto\u0161anas, bet ar\u012b p\u0101rn\u0113s\u0101\u0161anas laik\u0101. + LCD ekr\u0101ns ar 6 temperat\u016bras regul\u0113\u0161anas l\u012bme\u0146iem. + \u0112rta bezvadu izmanto\u0161ana gan m\u0101jas apst\u0101k\u013cos, gan ce\u013cojuma laik\u0101  + Komplekt\u0101 karstumiztur\u012bgs \u010dehols\/pakl\u0101ji\u0146\u0161","og_url":"https:\/\/fluarion.lv\/lv\/produkts\/cordless-2in1-balta-2\/","og_site_name":"Fluarion","article_modified_time":"2023-12-10T20:36:12+00:00","og_image":[{"width":1734,"height":2560,"url":"https:\/\/fluarion.lv\/wp-content\/uploads\/2022\/11\/DSC03386-scaled.jpg","type":"image\/jpeg"}],"twitter_card":"summary_large_image","twitter_misc":{"Est. reading time":"1 minute"},"schema":{"@context":"https:\/\/schema.org","@graph":[{"@type":"WebPage","@id":"https:\/\/fluarion.lv\/lv\/produkts\/cordless-2in1-balta-2\/","url":"https:\/\/fluarion.lv\/lv\/produkts\/cordless-2in1-balta-2\/","name":"Bezvadu matu taisnot\u0101js Fluarion Freedom - Fluarion","isPartOf":{"@id":"https:\/\/fluarion.lv\/lv\/#website"},"datePublished":"2022-11-21T21:44:49+00:00","dateModified":"2023-12-10T20:36:12+00:00","breadcrumb":{"@id":"https:\/\/fluarion.lv\/lv\/produkts\/cordless-2in1-balta-2\/#breadcrumb"},"inLanguage":"lv-LV","potentialAction":[{"@type":"ReadAction","target":["https:\/\/fluarion.lv\/lv\/produkts\/cordless-2in1-balta-2\/"]}]},{"@type":"BreadcrumbList","@id":"https:\/\/fluarion.lv\/lv\/produkts\/cordless-2in1-balta-2\/#breadcrumb","itemListElement":[{"@type":"ListItem","position":1,"name":"Pradinis","item":"https:\/\/fluarion.lv\/lv\/"},{"@type":"ListItem","position":2,"name":"Produkti","item":"https:\/\/fluarion.lv\/lv\/shop\/"},{"@type":"ListItem","position":3,"name":"Bezvadu matu taisnot\u0101js Fluarion Freedom"}]},{"@type":"WebSite","@id":"https:\/\/fluarion.lv\/lv\/#website","url":"https:\/\/fluarion.lv\/lv\/","name":"Fluarion","description":"Gro\u017eio prek\u0117s","publisher":{"@id":"https:\/\/fluarion.lv\/lv\/#organization"},"potentialAction":[{"@type":"SearchAction","target":{"@type":"EntryPoint","urlTemplate":"https:\/\/fluarion.lv\/lv\/?s={search_term_string}"},"query-input":"required name=search_term_string"}],"inLanguage":"lv-LV"},{"@type":"Organization","@id":"https:\/\/fluarion.lv\/lv\/#organization","name":"Fluarion","url":"https:\/\/fluarion.lv\/lv\/","logo":{"@type":"ImageObject","inLanguage":"lv-LV","@id":"https:\/\/fluarion.lv\/lv\/#\/schema\/logo\/image\/","url":"https:\/\/fluarion001.elephento.lt\/wp-content\/uploads\/2022\/11\/Fluarion-juodas.svg","contentUrl":"https:\/\/fluarion001.elephento.lt\/wp-content\/uploads\/2022\/11\/Fluarion-juodas.svg","width":192,"height":42,"caption":"Fluarion"},"image":{"@id":"https:\/\/fluarion.lv\/lv\/#\/schema\/logo\/image\/"}}]}},"_links":{"self":[{"href":"https:\/\/fluarion.lv\/lv\/wp-json\/wp\/v2\/product\/10708","targetHints":{"allow":["GET"]}}],"collection":[{"href":"https:\/\/fluarion.lv\/lv\/wp-json\/wp\/v2\/product"}],"about":[{"href":"https:\/\/fluarion.lv\/lv\/wp-json\/wp\/v2\/types\/product"}],"wp:featuredmedia":[{"embeddable":true,"href":"https:\/\/fluarion.lv\/lv\/wp-json\/wp\/v2\/media\/11168"}],"wp:attachment":[{"href":"https:\/\/fluarion.lv\/lv\/wp-json\/wp\/v2\/media?parent=10708"}],"wp:term":[{"taxonomy":"product_cat","embeddable":true,"href":"https:\/\/fluarion.lv\/lv\/wp-json\/wp\/v2\/product_cat?post=10708"},{"taxonomy":"product_tag","embeddable":true,"href":"https:\/\/fluarion.lv\/lv\/wp-json\/wp\/v2\/product_tag?post=10708"}],"curies":[{"name":"wp","href":"https:\/\/api.w.org\/{rel}","templated":true}]}}