{"id":10709,"date":"2022-11-21T23:40:45","date_gmt":"2022-11-21T21:40:45","guid":{"rendered":"https:\/\/fluarion.lv\/?post_type=product&#038;p=10709"},"modified":"2023-07-30T09:19:28","modified_gmt":"2023-07-30T07:19:28","slug":"classics-matu-taisnotajs-2","status":"publish","type":"product","link":"https:\/\/fluarion.lv\/lv\/produkts\/classics-matu-taisnotajs-2\/","title":{"rendered":"Profesion\u0101lais matu taisnot\u0101js ar infrasarkanajiem stariem Fluarion Classic"},"content":{"rendered":"<p><em><strong>\u00a0Infrasarkanie stari + negat\u012bvo jonu \u0123enerators vien\u0101 ier\u012bc\u0113.\u00a0<\/strong><\/em><\/p>\n<p>FLUARION CLASSICS matu taisnot\u0101js ar \u00a0spogu\u013ca pl\u0101ksn\u0113m un infrasarkanajiem stariem.<br \/>\nP\u0101rbaud\u012bta un iecien\u012bta tehnolo\u0123ija speci\u0101listu vid\u016b.<br \/>\n+ LED ekr\u0101ns<br \/>\n+ \u0112rts 3 metrus gar\u0161 vads<\/p>\n<p>\u0160\u012b ir profesion\u0101la matu taisno\u0161anas ier\u012bce, kas izveidota t\u0101, lai maksim\u0101li aizsarg\u0101tu matus. Infrasarkan\u0101 tehnolo\u0123ija tiek uzskat\u012bta par visdro\u0161\u0101ko matiem, kas \u013cauj iztaisnot matus zem\u0101k\u0101 un dro\u0161\u0101k\u0101 temperat\u016br\u0101. Savuk\u0101rt ieb\u016bv\u0113tais negat\u012bvo jonu \u0123enerators pal\u012bdz pastiprin\u0101t efektu un piedot matiem vair\u0101k sp\u012bduma pat zem\u0101k\u0101 temperat\u016br\u0101.<\/p>\n<p>\u0160is FLUARION CLASSICS ir piem\u0113rots gan pl\u0101niem un nov\u0101jin\u0101tiem matiem, gan ar\u012b bieziem un stipriem matiem. Laika gait\u0101 p\u0101rbaud\u012bt\u0101s tehnolo\u0123ijas pal\u012bdz\u0113s r\u016bp\u0113ties par j\u016bsu matu skaistumu un vesel\u012bbu.<br \/>\nIer\u012bce ir viegla, ar garu vadu, kur\u0161 br\u012bvi grie\u017eas ap savu asi.<br \/>\nLED ekr\u0101ns un pogas izvietotas t\u0101, lai var\u0113tu regul\u0113t un sekot l\u012bdzi pl\u0101k\u0161\u0146u temperat\u016brai, kas ir \u013coti \u0113rti pat ier\u012bces izmanto\u0161anas laik\u0101.<\/p>\n","protected":false},"excerpt":{"rendered":"<p>+ Dro\u0161a infrasarkan\u0101 tehnolo\u0123ija. Vislab\u0101kais efekts zem\u0101k\u0101 temperat\u016br\u0101.<br \/>\n+ Vieglas sl\u012bd\u0113\u0161anas efekts, pateicoties \u00a0spogu\u013ca pl\u0101ksn\u0113m.<br \/>\n+ Negat\u012bvo jonu \u0123enerators, kur\u0161 piedod matiem vair\u0101k sp\u012bduma un v\u0113l vesel\u012bg\u0101ku izskatu.<br \/>\n+ LED ekr\u0101ns, temperat\u016bras iestat\u012b\u0161ana no 140 l\u012bdz 230 gr\u0101diem.<br \/>\n+ \u013boti \u0101tra pl\u0101k\u0161\u0146u uzkars\u0113\u0161ana.<br \/>\n+ 3 metrus gar\u0161 vads, kur\u0161 viegli rot\u0113 ap savu asi.<\/p>\n","protected":false},"featured_media":11148,"template":"","meta":{"inline_featured_image":false},"product_cat":[254,255],"product_tag":[],"class_list":["post-10709","product","type-product","status-publish","has-post-thumbnail","hentry","product_cat-taisnotaji","product_cat-visi-produkti"],"yoast_head":"<!-- This site is optimized with the Yoast SEO plugin v19.14 - https:\/\/yoast.com\/wordpress\/plugins\/seo\/ -->\n<title>Profesion\u0101lais matu taisnot\u0101js ar infrasarkanajiem stariem Fluarion Classic - Fluarion<\/title>\n<meta name=\"robots\" content=\"noindex, follow, max-snippet:-1, max-image-preview:large, max-video-preview:-1\" \/>\n<meta property=\"og:locale\" content=\"lv_LV\" \/>\n<meta property=\"og:type\" content=\"article\" \/>\n<meta property=\"og:title\" content=\"Profesion\u0101lais matu taisnot\u0101js ar infrasarkanajiem stariem Fluarion Classic - Fluarion\" \/>\n<meta property=\"og:description\" content=\"+ Dro\u0161a infrasarkan\u0101 tehnolo\u0123ija. Vislab\u0101kais efekts zem\u0101k\u0101 temperat\u016br\u0101. + Vieglas sl\u012bd\u0113\u0161anas efekts, pateicoties \u00a0spogu\u013ca pl\u0101ksn\u0113m. + Negat\u012bvo jonu \u0123enerators, kur\u0161 piedod matiem vair\u0101k sp\u012bduma un v\u0113l vesel\u012bg\u0101ku izskatu. + LED ekr\u0101ns, temperat\u016bras iestat\u012b\u0161ana no 140 l\u012bdz 230 gr\u0101diem. + \u013boti \u0101tra pl\u0101k\u0161\u0146u uzkars\u0113\u0161ana. + 3 metrus gar\u0161 vads, kur\u0161 viegli rot\u0113 ap savu asi.\" \/>\n<meta property=\"og:url\" content=\"https:\/\/fluarion.lv\/lv\/produkts\/classics-matu-taisnotajs-2\/\" \/>\n<meta property=\"og:site_name\" content=\"Fluarion\" \/>\n<meta property=\"article:modified_time\" content=\"2023-07-30T07:19:28+00:00\" \/>\n<meta property=\"og:image\" content=\"https:\/\/fluarion.lv\/wp-content\/uploads\/2022\/11\/Classic--scaled.jpg\" \/>\n\t<meta property=\"og:image:width\" content=\"1904\" \/>\n\t<meta property=\"og:image:height\" content=\"2560\" \/>\n\t<meta property=\"og:image:type\" content=\"image\/jpeg\" \/>\n<meta name=\"twitter:card\" content=\"summary_large_image\" \/>\n<meta name=\"twitter:label1\" content=\"Est. reading time\" \/>\n\t<meta name=\"twitter:data1\" content=\"1 minute\" \/>\n<script type=\"application\/ld+json\" class=\"yoast-schema-graph\">{\"@context\":\"https:\/\/schema.org\",\"@graph\":[{\"@type\":\"WebPage\",\"@id\":\"https:\/\/fluarion.lv\/lv\/produkts\/classics-matu-taisnotajs-2\/\",\"url\":\"https:\/\/fluarion.lv\/lv\/produkts\/classics-matu-taisnotajs-2\/\",\"name\":\"Profesion\u0101lais matu taisnot\u0101js ar infrasarkanajiem stariem Fluarion Classic - Fluarion\",\"isPartOf\":{\"@id\":\"https:\/\/fluarion.lv\/lv\/#website\"},\"datePublished\":\"2022-11-21T21:40:45+00:00\",\"dateModified\":\"2023-07-30T07:19:28+00:00\",\"breadcrumb\":{\"@id\":\"https:\/\/fluarion.lv\/lv\/produkts\/classics-matu-taisnotajs-2\/#breadcrumb\"},\"inLanguage\":\"lv-LV\",\"potentialAction\":[{\"@type\":\"ReadAction\",\"target\":[\"https:\/\/fluarion.lv\/lv\/produkts\/classics-matu-taisnotajs-2\/\"]}]},{\"@type\":\"BreadcrumbList\",\"@id\":\"https:\/\/fluarion.lv\/lv\/produkts\/classics-matu-taisnotajs-2\/#breadcrumb\",\"itemListElement\":[{\"@type\":\"ListItem\",\"position\":1,\"name\":\"Pradinis\",\"item\":\"https:\/\/fluarion.lv\/lv\/\"},{\"@type\":\"ListItem\",\"position\":2,\"name\":\"Produkti\",\"item\":\"https:\/\/fluarion.lv\/lv\/shop\/\"},{\"@type\":\"ListItem\",\"position\":3,\"name\":\"Profesion\u0101lais matu taisnot\u0101js ar infrasarkanajiem stariem Fluarion Classic\"}]},{\"@type\":\"WebSite\",\"@id\":\"https:\/\/fluarion.lv\/lv\/#website\",\"url\":\"https:\/\/fluarion.lv\/lv\/\",\"name\":\"Fluarion\",\"description\":\"Gro\u017eio prek\u0117s\",\"publisher\":{\"@id\":\"https:\/\/fluarion.lv\/lv\/#organization\"},\"potentialAction\":[{\"@type\":\"SearchAction\",\"target\":{\"@type\":\"EntryPoint\",\"urlTemplate\":\"https:\/\/fluarion.lv\/lv\/?s={search_term_string}\"},\"query-input\":\"required name=search_term_string\"}],\"inLanguage\":\"lv-LV\"},{\"@type\":\"Organization\",\"@id\":\"https:\/\/fluarion.lv\/lv\/#organization\",\"name\":\"Fluarion\",\"url\":\"https:\/\/fluarion.lv\/lv\/\",\"logo\":{\"@type\":\"ImageObject\",\"inLanguage\":\"lv-LV\",\"@id\":\"https:\/\/fluarion.lv\/lv\/#\/schema\/logo\/image\/\",\"url\":\"https:\/\/fluarion001.elephento.lt\/wp-content\/uploads\/2022\/11\/Fluarion-juodas.svg\",\"contentUrl\":\"https:\/\/fluarion001.elephento.lt\/wp-content\/uploads\/2022\/11\/Fluarion-juodas.svg\",\"width\":192,\"height\":42,\"caption\":\"Fluarion\"},\"image\":{\"@id\":\"https:\/\/fluarion.lv\/lv\/#\/schema\/logo\/image\/\"}}]}<\/script>\n<!-- \/ Yoast SEO plugin. -->","yoast_head_json":{"title":"Profesion\u0101lais matu taisnot\u0101js ar infrasarkanajiem stariem Fluarion Classic - Fluarion","robots":{"index":"noindex","follow":"follow","max-snippet":"max-snippet:-1","max-image-preview":"max-image-preview:large","max-video-preview":"max-video-preview:-1"},"og_locale":"lv_LV","og_type":"article","og_title":"Profesion\u0101lais matu taisnot\u0101js ar infrasarkanajiem stariem Fluarion Classic - Fluarion","og_description":"+ Dro\u0161a infrasarkan\u0101 tehnolo\u0123ija. Vislab\u0101kais efekts zem\u0101k\u0101 temperat\u016br\u0101. + Vieglas sl\u012bd\u0113\u0161anas efekts, pateicoties \u00a0spogu\u013ca pl\u0101ksn\u0113m. + Negat\u012bvo jonu \u0123enerators, kur\u0161 piedod matiem vair\u0101k sp\u012bduma un v\u0113l vesel\u012bg\u0101ku izskatu. + LED ekr\u0101ns, temperat\u016bras iestat\u012b\u0161ana no 140 l\u012bdz 230 gr\u0101diem. + \u013boti \u0101tra pl\u0101k\u0161\u0146u uzkars\u0113\u0161ana. + 3 metrus gar\u0161 vads, kur\u0161 viegli rot\u0113 ap savu asi.","og_url":"https:\/\/fluarion.lv\/lv\/produkts\/classics-matu-taisnotajs-2\/","og_site_name":"Fluarion","article_modified_time":"2023-07-30T07:19:28+00:00","og_image":[{"width":1904,"height":2560,"url":"https:\/\/fluarion.lv\/wp-content\/uploads\/2022\/11\/Classic--scaled.jpg","type":"image\/jpeg"}],"twitter_card":"summary_large_image","twitter_misc":{"Est. reading time":"1 minute"},"schema":{"@context":"https:\/\/schema.org","@graph":[{"@type":"WebPage","@id":"https:\/\/fluarion.lv\/lv\/produkts\/classics-matu-taisnotajs-2\/","url":"https:\/\/fluarion.lv\/lv\/produkts\/classics-matu-taisnotajs-2\/","name":"Profesion\u0101lais matu taisnot\u0101js ar infrasarkanajiem stariem Fluarion Classic - Fluarion","isPartOf":{"@id":"https:\/\/fluarion.lv\/lv\/#website"},"datePublished":"2022-11-21T21:40:45+00:00","dateModified":"2023-07-30T07:19:28+00:00","breadcrumb":{"@id":"https:\/\/fluarion.lv\/lv\/produkts\/classics-matu-taisnotajs-2\/#breadcrumb"},"inLanguage":"lv-LV","potentialAction":[{"@type":"ReadAction","target":["https:\/\/fluarion.lv\/lv\/produkts\/classics-matu-taisnotajs-2\/"]}]},{"@type":"BreadcrumbList","@id":"https:\/\/fluarion.lv\/lv\/produkts\/classics-matu-taisnotajs-2\/#breadcrumb","itemListElement":[{"@type":"ListItem","position":1,"name":"Pradinis","item":"https:\/\/fluarion.lv\/lv\/"},{"@type":"ListItem","position":2,"name":"Produkti","item":"https:\/\/fluarion.lv\/lv\/shop\/"},{"@type":"ListItem","position":3,"name":"Profesion\u0101lais matu taisnot\u0101js ar infrasarkanajiem stariem Fluarion Classic"}]},{"@type":"WebSite","@id":"https:\/\/fluarion.lv\/lv\/#website","url":"https:\/\/fluarion.lv\/lv\/","name":"Fluarion","description":"Gro\u017eio prek\u0117s","publisher":{"@id":"https:\/\/fluarion.lv\/lv\/#organization"},"potentialAction":[{"@type":"SearchAction","target":{"@type":"EntryPoint","urlTemplate":"https:\/\/fluarion.lv\/lv\/?s={search_term_string}"},"query-input":"required name=search_term_string"}],"inLanguage":"lv-LV"},{"@type":"Organization","@id":"https:\/\/fluarion.lv\/lv\/#organization","name":"Fluarion","url":"https:\/\/fluarion.lv\/lv\/","logo":{"@type":"ImageObject","inLanguage":"lv-LV","@id":"https:\/\/fluarion.lv\/lv\/#\/schema\/logo\/image\/","url":"https:\/\/fluarion001.elephento.lt\/wp-content\/uploads\/2022\/11\/Fluarion-juodas.svg","contentUrl":"https:\/\/fluarion001.elephento.lt\/wp-content\/uploads\/2022\/11\/Fluarion-juodas.svg","width":192,"height":42,"caption":"Fluarion"},"image":{"@id":"https:\/\/fluarion.lv\/lv\/#\/schema\/logo\/image\/"}}]}},"_links":{"self":[{"href":"https:\/\/fluarion.lv\/lv\/wp-json\/wp\/v2\/product\/10709","targetHints":{"allow":["GET"]}}],"collection":[{"href":"https:\/\/fluarion.lv\/lv\/wp-json\/wp\/v2\/product"}],"about":[{"href":"https:\/\/fluarion.lv\/lv\/wp-json\/wp\/v2\/types\/product"}],"wp:featuredmedia":[{"embeddable":true,"href":"https:\/\/fluarion.lv\/lv\/wp-json\/wp\/v2\/media\/11148"}],"wp:attachment":[{"href":"https:\/\/fluarion.lv\/lv\/wp-json\/wp\/v2\/media?parent=10709"}],"wp:term":[{"taxonomy":"product_cat","embeddable":true,"href":"https:\/\/fluarion.lv\/lv\/wp-json\/wp\/v2\/product_cat?post=10709"},{"taxonomy":"product_tag","embeddable":true,"href":"https:\/\/fluarion.lv\/lv\/wp-json\/wp\/v2\/product_tag?post=10709"}],"curies":[{"name":"wp","href":"https:\/\/api.w.org\/{rel}","templated":true}]}}